{"id":1219,"date":"2015-05-25T12:10:45","date_gmt":"2015-05-25T12:10:45","guid":{"rendered":"https:\/\/innopulse.cat\/contacts\/"},"modified":"2019-02-12T19:25:00","modified_gmt":"2019-02-12T19:25:00","slug":"%d0%ba%d0%be%d0%bd%d1%82%d0%b0%d0%ba%d1%82","status":"publish","type":"page","link":"https:\/\/innopulse.cat\/bg\/%d0%ba%d0%be%d0%bd%d1%82%d0%b0%d0%ba%d1%82\/","title":{"rendered":"\u043a\u043e\u043d\u0442\u0430\u043a\u0442"},"content":{"rendered":"<div class=\"row row-edge  \" >\n<div class=\"col-md-12 col-xs-offset-0 col-sm-offset-0 col-md-offset-0 col-lg-offset-0 col-xs-pull-0 col-sm-pull-0 col-md-pull-0 col-lg-pull-0 col-xs-push-0 col-sm-push-0 col-md-push-0 col-lg-push-0\">\n<div class=\"row row-edge  \" >\n<div class=\"col-md-6 col-xs-offset-0 col-sm-offset-0 col-md-offset-0 col-lg-offset-0 col-xs-pull-0 col-sm-pull-0 col-md-pull-0 col-lg-pull-0 col-xs-push-0 col-sm-push-0 col-md-push-0 col-lg-push-0\">\n<div><i><iframe loading=\"lazy\" src=\"https:\/\/www.google.com\/maps\/embed?pb=!1m14!1m8!1m3!1d11846.211226223673!2d1.824992!3d42.0742039!3m2!1i1024!2i768!4f13.1!3m3!1m2!1s0x0%3A0xec7da9b4d5a510ae!2sInnopulse+SL!5e0!3m2!1ses!2ses!4v1549999073347\" width=\"750\" height=\"450\" frameborder=\"0\" style=\"border:0\" allowfullscreen><\/iframe><\/i><\/div>\n<\/div>\n<div class=\"col-md-6 col-xs-offset-0 col-sm-offset-0 col-md-offset-0 col-lg-offset-0 col-xs-pull-0 col-sm-pull-0 col-md-pull-0 col-lg-pull-0 col-xs-push-0 col-sm-push-0 col-md-push-0 col-lg-push-0\">\n<div class=\"motopress-embed-obj fill-space\"><i><i><iframe loading=\"lazy\" src=\"https:\/\/www.google.com\/maps\/embed?pb=!1m18!1m12!1m3!1d2897.9223107653415!2d24.621323815490133!3d43.42044987912997!2m3!1f0!2f0!3f0!3m2!1i1024!2i768!4f13.1!3m3!1m2!1s0x40abf563d28a8657%3A0x800e2c39802cd1d9!2sINNOPULSE+BULGARIA+LTD.!5e0!3m2!1ses!2ses!4v1549576457202\" width=\"750\" height=\"450\" frameborder=\"0\" style=\"border:0\" allowfullscreen><\/iframe><\/i><\/i><\/div>\n<\/div>\n<\/div>\n<div class=\"row row-edge  \" >\n<div class=\"col-md-12 col-xs-offset-0 col-sm-offset-0 col-md-offset-0 col-lg-offset-0 col-xs-pull-0 col-sm-pull-0 col-md-pull-0 col-lg-pull-0 col-xs-push-0 col-sm-push-0 col-md-push-0 col-lg-push-0\">\n<div class=\"cherry-spacer   hidden-xs hidden-sm\" style=\"height:80px;\"><\/div><div class=\"cherry-spacer   visible-sm-block\" style=\"height:80px;\"><\/div><div class=\"cherry-spacer   visible-xs-block\" style=\"height:80px;\"><\/div>\n<\/div>\n<\/div>\n<div class=\"row row-edge  \" >\n<div class=\"col-md-12 col-xs-offset-0 col-sm-offset-0 col-md-offset-0 col-lg-offset-0 col-xs-pull-0 col-sm-pull-0 col-md-pull-0 col-lg-pull-0 col-xs-push-0 col-sm-push-0 col-md-push-0 col-lg-push-0\">\n<h2 class=\"legend without-border\" style=\"text-align: center;\">\u043a\u043e\u043d\u0442\u0430\u043a\u0442<\/h2>\n<\/div>\n<\/div>\n<\/div>\n<\/div>\n<div class=\"row  \" ><div class=\"container\"><div class=\"row row-edge\">\n<div class=\"col-xs-12 col-sm-12 col-md-4 col-lg-4\">\n<div class=\"row  \" ><div class=\"container\"><div class=\"row row-edge\">\n<div class=\"col-xs-12 col-sm-12 col-md-12 col-lg-12\">\n<p style=\"text-align: center;\"><span class=\"fa fa-home cherry-icon   icon-916\"><\/span>\n<\/div>\n<div class=\"col-xs-12 col-sm-12 col-md-12 col-lg-12\">\n<h3 style=\"text-align: center;\">\u0430\u0434\u0440\u0435\u0441:<\/h3>\n<\/div>\n<div class=\"col-xs-12 col-sm-12 col-md-12 col-lg-12\">\n<p style=\"text-align: center;\"><a href=\"https:\/\/www.google.com\/maps\/place\/Avinguda+Antoni+Gaud%C3%AD,+21,+08610+Avi%C3%A0,+Barcelona\/@42.0742039,1.8228033,17z\/data=!3m1!4b1!4m5!3m4!1s0x12a5a7f0885570e9:0x9fc46164543c63c8!8m2!3d42.0742039!4d1.824992\" target=\"_blank\" rel=\"noopener\">Av. Antoni Gaud\u00ed n\u00ba 21B, 08610 Avi\u00e0 (Spain)<\/a><\/p>\n<p style=\"text-align: center;\"><a href=\"https:\/\/www.google.es\/maps\/place\/ul.+%22Iskar%22+1,+5809+Northern+Industrial+Zone,+Pleven,+Bulgaria\/@43.4204538,24.6213238,17z\/data=!3m1!4b1!4m5!3m4!1s0x40ab8b4aca82e9bf:0xfab574c40bbc530c!8m2!3d43.4204499!4d24.6235125\" target=\"_blank\" rel=\"noopener\">\u0443\u043b. &#8222;\u0418\u0441\u043a\u044a\u0440&#8220; 1, 5809 \u0421\u0435\u0432\u0435\u0440\u043d\u0430 \u043f\u0440\u043e\u043c\u0438\u0448\u043b\u0435\u043d\u0430 \u0437\u043e\u043d\u0430, \u041f\u043b\u0435\u0432\u0435\u043d, \u0411\u044a\u043b\u0433\u0430\u0440\u0438\u044f<\/a><\/p>\n<\/div>\n<\/div><\/div><\/div>\n<\/div>\n<div class=\"col-xs-12 col-sm-12 col-md-4 col-lg-4\">\n<div class=\"row  \" ><div class=\"container\"><div class=\"row row-edge\">\n<div class=\"col-xs-12 col-sm-12 col-md-4 col-lg-12\">\n<p style=\"text-align: center;\"><span class=\"fa fa-phone cherry-icon   icon-374\"><\/span>\n<\/div>\n<div class=\"col-xs-12 col-sm-12 col-md-4 col-lg-12\">\n<h3 style=\"text-align: center;\">\u0442\u0435\u043b\u0435\u0444\u043e\u043d:<\/h3>\n<\/div>\n<div class=\"col-xs-12 col-sm-12 col-md-4 col-lg-12\">\n<p style=\"text-align: center;\">+34 639 431 373 (\u0418\u0441\u043f\u0430\u043d\u0438\u044f)<\/p>\n<p style=\"text-align: center;\">+35 964 800 329 (\u0411\u044a\u043b\u0433\u0430\u0440\u0438\u044f)<\/p>\n<\/div>\n<\/div><\/div><\/div>\n<\/div>\n<div class=\"col-xs-12 col-sm-12 col-md-4 col-lg-4\">\n<div class=\"row  \" ><div class=\"container\"><div class=\"row row-edge\">\n<div class=\"col-xs-12 col-sm-12 col-md-12 col-lg-12\">\n<p style=\"text-align: center;\"><span class=\"fa fa-envelope cherry-icon   icon-414\"><\/span>\n<\/div>\n<div class=\"col-xs-12 col-sm-12 col-md-12 col-lg-12\">\n<h3 style=\"text-align: center;\">\u0435\u043b\u0435\u043a\u0442\u0440\u043e\u043d\u043d\u0430 \u043f\u043e\u0449\u0430:<\/h3>\n<\/div>\n<div class=\"col-xs-12 col-sm-12 col-md-12 col-lg-12\">\n<p style=\"text-align: center;\"><a href=\"mailto:ferran@innopulse.cat\">ferran@innopulse.cat<\/a><\/p>\n<p style=\"text-align: center;\"><a href=\"mailto:laura@innopulse.cat\">laura@innopulse.cat<\/a> (A\u0434\u043c\u0438\u043d\u0438\u0441\u0442\u0440\u0430\u0446\u0438\u044f \u0418\u0441\u043f\u0430\u043d\u0438\u044f)<\/p>\n<p style=\"text-align: center;\"><a href=\"mailto:eli@innopulse.cat\">eli@innopulse.cat<\/a> (\u0411\u044a\u043b\u0433\u0430\u0440\u0438\u044f)<\/p>\n<\/div>\n<\/div><\/div><\/div>\n<\/div>\n<\/div><\/div><\/div>\n<div class=\"row  \" ><div class=\"container\"><div class=\"row row-edge\">\n<div class=\"col-xs-12 col-sm-12 col-md-3 col-lg-12\">\n<div class=\"cherry-spacer  \" style=\"height:50px;\"><\/div>\n<\/div>\n<div class=\"col-xs-12 col-sm-12 col-md-3 col-lg-12\">\n<h2 class=\"legend without-border\" style=\"text-align: center;\">\u043a\u043e\u043d\u0442\u0430\u043a\u0442<\/h2>\n<\/div>\n<div class=\"col-xs-12 col-sm-12 col-md-3 col-lg-12\">\n\n<div class=\"wpcf7 no-js\" id=\"wpcf7-f1222-o1\" lang=\"en-US\" dir=\"ltr\">\n<div class=\"screen-reader-response\"><p role=\"status\" aria-live=\"polite\" aria-atomic=\"true\"><\/p> <ul><\/ul><\/div>\n<form action=\"\/bg\/wp-json\/wp\/v2\/pages\/1219#wpcf7-f1222-o1\" method=\"post\" class=\"wpcf7-form init\" aria-label=\"Contact form\" novalidate=\"novalidate\" data-status=\"init\">\n<div style=\"display: none;\">\n<input type=\"hidden\" name=\"_wpcf7\" value=\"1222\" \/>\n<input type=\"hidden\" name=\"_wpcf7_version\" value=\"5.7.5.1\" \/>\n<input type=\"hidden\" name=\"_wpcf7_locale\" value=\"en_US\" \/>\n<input type=\"hidden\" name=\"_wpcf7_unit_tag\" value=\"wpcf7-f1222-o1\" \/>\n<input type=\"hidden\" name=\"_wpcf7_container_post\" value=\"0\" \/>\n<input type=\"hidden\" name=\"_wpcf7_posted_data_hash\" value=\"\" \/>\n<input type=\"hidden\" name=\"_wpcf7_recaptcha_response\" value=\"\" \/>\n<\/div>\n<div class=\"row\">\n\t<div class=\"col-lg-4 col-md-4 col-sm-12 col-xs-12\">\n\t\t<p><span class=\"wpcf7-form-control-wrap\" data-name=\"your-name\"><input size=\"40\" class=\"wpcf7-form-control wpcf7-text wpcf7-validates-as-required\" aria-required=\"true\" aria-invalid=\"false\" placeholder=\"\u0438\u043c\u0435:\" value=\"\" type=\"text\" name=\"your-name\" \/><\/span>\n\t\t<\/p>\n\t<\/div>\n\t<div class=\"col-lg-4 col-md-4 col-sm-12 col-xs-12\">\n\t\t<p><span class=\"wpcf7-form-control-wrap\" data-name=\"your-email\"><input size=\"40\" class=\"wpcf7-form-control wpcf7-text wpcf7-email wpcf7-validates-as-required wpcf7-validates-as-email\" aria-required=\"true\" aria-invalid=\"false\" placeholder=\"\u0435\u043b\u0435\u043a\u0442\u0440\u043e\u043d\u043d\u0430 \u043f\u043e\u0449\u0430:\" value=\"\" type=\"email\" name=\"your-email\" \/><\/span>\n\t\t<\/p>\n\t<\/div>\n\t<div class=\"col-lg-4 col-md-4 col-sm-12 col-xs-12\">\n\t\t<p><span class=\"wpcf7-form-control-wrap\" data-name=\"phone\"><input size=\"40\" class=\"wpcf7-form-control wpcf7-text wpcf7-tel wpcf7-validates-as-required wpcf7-validates-as-tel\" aria-required=\"true\" aria-invalid=\"false\" placeholder=\"\u0442\u0435\u043b\u0435\u0444\u043e\u043d:\" value=\"\" type=\"tel\" name=\"phone\" \/><\/span>\n\t\t<\/p>\n\t<\/div>\n\t<div class=\"col-lg-12 col-md-12 col-sm-12 col-xs-12\">\n\t\t<p><span class=\"wpcf7-form-control-wrap\" data-name=\"your-message\"><textarea cols=\"40\" rows=\"10\" class=\"wpcf7-form-control wpcf7-textarea wpcf7-validates-as-required\" aria-required=\"true\" aria-invalid=\"false\" placeholder=\"\u0441\u044a\u043e\u0431\u0449\u0435\u043d\u0438\u0435:\" name=\"your-message\"><\/textarea><\/span><br \/>\n<span class=\"wpcf7-form-control-wrap\" data-name=\"acceptance-768\"><span class=\"wpcf7-form-control wpcf7-acceptance\"><span class=\"wpcf7-list-item\"><label><input type=\"checkbox\" name=\"acceptance-768\" value=\"1\" aria-invalid=\"false\" \/><span class=\"wpcf7-list-item-label\">\u041f\u0440\u043e\u0447\u0435\u0442\u043e\u0445 \u0438 \u043f\u0440\u0438\u0435\u043c\u0430\u043c<a target=\"_blank\" rel=\"nofollow noopener noreferrer\" href=\"https:\/\/innopulse.cat\/avisos-legales\">\u041f\u0440\u0430\u0432\u043d\u0430 \u0438\u043d\u0444\u043e\u0440\u043c\u0430\u0446\u0438\u044f<\/a> \u0438 <a target=\"_blank\" rel=\"nofollow noopener noreferrer\" href=\"https:\/\/innopulse.cat\/politica-de-privacidad\">\u043f\u043e\u043b\u0438\u0442\u0438\u043a\u0430\u0442\u0430 \u0437\u0430 \u043f\u043e\u0432\u0435\u0440\u0438\u0442\u0435\u043b\u043d\u043e\u0441\u0442<\/a><\/span><\/label><\/span><\/span><\/span>\n\t\t<\/p>\n\t<\/div>\n<\/div>\n<div class=\"submit-wrap\">\n\t<p><span><\/span><br \/>\n<input class=\"wpcf7-form-control has-spinner wpcf7-submit\" type=\"submit\" value=\"\u0438\u043c\u0435\u0439\u043b\" \/><input type=\"reset\" value=\"\u0437\u0430\u043b\u0438\u0447\u0430\u0432\u0430\" \/>\n\t<\/p>\n<\/div><div class=\"wpcf7-response-output\" aria-hidden=\"true\"><\/div>\n<\/form>\n<\/div>\n\n<\/div>\n<div class=\"col-xs-12 col-sm-12 col-md-3 col-lg-12\">\n<div class=\"cherry-spacer   hidden-xs hidden-sm\" style=\"height:80px;\"><\/div><div class=\"cherry-spacer   visible-sm-block\" style=\"height:70px;\"><\/div><div class=\"cherry-spacer   visible-xs-block\" style=\"height:60px;\"><\/div>\n<\/div>\n<\/div><\/div><\/div>\n","protected":false},"excerpt":{"rendered":"\u043a\u043e\u043d\u0442\u0430\u043a\u0442 \u0430\u0434\u0440\u0435\u0441: Av. Antoni Gaud\u00ed n\u00ba 21B, 08610 Avi\u00e0 (Spain) \u0443\u043b. &#8222;\u0418\u0441\u043a\u044a\u0440&#8220; 1, 5809 \u0421\u0435\u0432\u0435\u0440\u043d\u0430 \u043f\u0440\u043e\u043c\u0438\u0448\u043b\u0435\u043d\u0430 \u0437\u043e\u043d\u0430, \u041f\u043b\u0435\u0432\u0435\u043d, \u0411\u044a\u043b\u0433\u0430\u0440\u0438\u044f \u0442\u0435\u043b\u0435\u0444\u043e\u043d: +34 639 431 373 (\u0418\u0441\u043f\u0430\u043d\u0438\u044f) +35 964 800 329 (\u0411\u044a\u043b\u0433\u0430\u0440\u0438\u044f) \u0435\u043b\u0435\u043a\u0442\u0440\u043e\u043d\u043d\u0430 \u043f\u043e\u0449\u0430: ferran@innopulse.cat laura@innopulse.cat (A\u0434\u043c\u0438\u043d\u0438\u0441\u0442\u0440\u0430\u0446\u0438\u044f \u0418\u0441\u043f\u0430\u043d\u0438\u044f) eli@innopulse.cat (\u0411\u044a\u043b\u0433\u0430\u0440\u0438\u044f) \u043a\u043e\u043d\u0442\u0430\u043a\u0442 \u041f\u0440\u043e\u0447\u0435\u0442\u043e\u0445 \u0438 \u043f\u0440\u0438\u0435\u043c\u0430\u043c\u041f\u0440\u0430\u0432\u043d\u0430 \u0438\u043d\u0444\u043e\u0440\u043c\u0430\u0446\u0438\u044f \u0438 \u043f\u043e\u043b\u0438\u0442\u0438\u043a\u0430\u0442\u0430 \u0437\u0430 \u043f\u043e\u0432\u0435\u0440\u0438\u0442\u0435\u043b\u043d\u043e\u0441\u0442","protected":false},"author":1,"featured_media":0,"parent":0,"menu_order":5,"comment_status":"open","ping_status":"closed","template":"","meta":[],"yoast_head":"<!-- This site is optimized with the Yoast SEO plugin v20.4 - https:\/\/yoast.com\/wordpress\/plugins\/seo\/ -->\n<title>\u043a\u043e\u043d\u0442\u0430\u043a\u0442 - INNOPULSE, S.L - TEXTILE SOLUTIONS<\/title>\n<meta name=\"robots\" content=\"index, follow, max-snippet:-1, max-image-preview:large, max-video-preview:-1\" \/>\n<link rel=\"canonical\" href=\"https:\/\/innopulse.cat\/bg\/\u043a\u043e\u043d\u0442\u0430\u043a\u0442\/\" \/>\n<meta property=\"og:locale\" content=\"bg_BG\" \/>\n<meta property=\"og:type\" content=\"article\" \/>\n<meta property=\"og:title\" content=\"\u043a\u043e\u043d\u0442\u0430\u043a\u0442 - INNOPULSE, S.L - TEXTILE SOLUTIONS\" \/>\n<meta property=\"og:description\" content=\"\u043a\u043e\u043d\u0442\u0430\u043a\u0442 \u0430\u0434\u0440\u0435\u0441: Av. Antoni Gaud\u00ed n\u00ba 21B, 08610 Avi\u00e0 (Spain) \u0443\u043b. &#8222;\u0418\u0441\u043a\u044a\u0440&#8220; 1, 5809 \u0421\u0435\u0432\u0435\u0440\u043d\u0430 \u043f\u0440\u043e\u043c\u0438\u0448\u043b\u0435\u043d\u0430 \u0437\u043e\u043d\u0430, \u041f\u043b\u0435\u0432\u0435\u043d, \u0411\u044a\u043b\u0433\u0430\u0440\u0438\u044f \u0442\u0435\u043b\u0435\u0444\u043e\u043d: +34 639 431 373 (\u0418\u0441\u043f\u0430\u043d\u0438\u044f) +35 964 800 329 (\u0411\u044a\u043b\u0433\u0430\u0440\u0438\u044f) \u0435\u043b\u0435\u043a\u0442\u0440\u043e\u043d\u043d\u0430 \u043f\u043e\u0449\u0430: ferran@innopulse.cat laura@innopulse.cat (A\u0434\u043c\u0438\u043d\u0438\u0441\u0442\u0440\u0430\u0446\u0438\u044f \u0418\u0441\u043f\u0430\u043d\u0438\u044f) eli@innopulse.cat (\u0411\u044a\u043b\u0433\u0430\u0440\u0438\u044f) \u043a\u043e\u043d\u0442\u0430\u043a\u0442 \u041f\u0440\u043e\u0447\u0435\u0442\u043e\u0445 \u0438 \u043f\u0440\u0438\u0435\u043c\u0430\u043c\u041f\u0440\u0430\u0432\u043d\u0430 \u0438\u043d\u0444\u043e\u0440\u043c\u0430\u0446\u0438\u044f \u0438 \u043f\u043e\u043b\u0438\u0442\u0438\u043a\u0430\u0442\u0430 \u0437\u0430 \u043f\u043e\u0432\u0435\u0440\u0438\u0442\u0435\u043b\u043d\u043e\u0441\u0442\" \/>\n<meta property=\"og:url\" content=\"https:\/\/innopulse.cat\/bg\/\u043a\u043e\u043d\u0442\u0430\u043a\u0442\/\" \/>\n<meta property=\"og:site_name\" content=\"INNOPULSE, S.L - TEXTILE SOLUTIONS\" \/>\n<meta property=\"article:modified_time\" content=\"2019-02-12T19:25:00+00:00\" \/>\n<meta name=\"twitter:card\" content=\"summary_large_image\" \/>\n<meta name=\"twitter:label1\" content=\"Est. reading time\" \/>\n\t<meta name=\"twitter:data1\" content=\"4 \u043c\u0438\u043d\u0443\u0442\u0438\" \/>\n<script type=\"application\/ld+json\" class=\"yoast-schema-graph\">{\"@context\":\"https:\/\/schema.org\",\"@graph\":[{\"@type\":\"WebPage\",\"@id\":\"https:\/\/innopulse.cat\/bg\/%d0%ba%d0%be%d0%bd%d1%82%d0%b0%d0%ba%d1%82\/\",\"url\":\"https:\/\/innopulse.cat\/bg\/%d0%ba%d0%be%d0%bd%d1%82%d0%b0%d0%ba%d1%82\/\",\"name\":\"\u043a\u043e\u043d\u0442\u0430\u043a\u0442 - INNOPULSE, S.L - TEXTILE SOLUTIONS\",\"isPartOf\":{\"@id\":\"https:\/\/innopulse.cat\/#website\"},\"datePublished\":\"2015-05-25T12:10:45+00:00\",\"dateModified\":\"2019-02-12T19:25:00+00:00\",\"breadcrumb\":{\"@id\":\"https:\/\/innopulse.cat\/bg\/%d0%ba%d0%be%d0%bd%d1%82%d0%b0%d0%ba%d1%82\/#breadcrumb\"},\"inLanguage\":\"bg-BG\",\"potentialAction\":[{\"@type\":\"ReadAction\",\"target\":[\"https:\/\/innopulse.cat\/bg\/%d0%ba%d0%be%d0%bd%d1%82%d0%b0%d0%ba%d1%82\/\"]}]},{\"@type\":\"BreadcrumbList\",\"@id\":\"https:\/\/innopulse.cat\/bg\/%d0%ba%d0%be%d0%bd%d1%82%d0%b0%d0%ba%d1%82\/#breadcrumb\",\"itemListElement\":[{\"@type\":\"ListItem\",\"position\":1,\"name\":\"Portada\",\"item\":\"https:\/\/innopulse.cat\/bg\/\"},{\"@type\":\"ListItem\",\"position\":2,\"name\":\"\u043a\u043e\u043d\u0442\u0430\u043a\u0442\"}]},{\"@type\":\"WebSite\",\"@id\":\"https:\/\/innopulse.cat\/#website\",\"url\":\"https:\/\/innopulse.cat\/\",\"name\":\"INNOPULSE, S.L - TEXTILE SOLUTIONS\",\"description\":\"Gesti\u00f3n y producci\u00f3n de confecci\u00f3n textil.\",\"publisher\":{\"@id\":\"https:\/\/innopulse.cat\/#organization\"},\"potentialAction\":[{\"@type\":\"SearchAction\",\"target\":{\"@type\":\"EntryPoint\",\"urlTemplate\":\"https:\/\/innopulse.cat\/?s={search_term_string}\"},\"query-input\":\"required name=search_term_string\"}],\"inLanguage\":\"bg-BG\"},{\"@type\":\"Organization\",\"@id\":\"https:\/\/innopulse.cat\/#organization\",\"name\":\"Innopulse, S.L\",\"url\":\"https:\/\/innopulse.cat\/\",\"logo\":{\"@type\":\"ImageObject\",\"inLanguage\":\"bg-BG\",\"@id\":\"https:\/\/innopulse.cat\/#\/schema\/logo\/image\/\",\"url\":\"https:\/\/innopulse.cat\/wp-content\/uploads\/2017\/04\/innopulse-manteniment.jpg\",\"contentUrl\":\"https:\/\/innopulse.cat\/wp-content\/uploads\/2017\/04\/innopulse-manteniment.jpg\",\"width\":1500,\"height\":386,\"caption\":\"Innopulse, S.L\"},\"image\":{\"@id\":\"https:\/\/innopulse.cat\/#\/schema\/logo\/image\/\"},\"sameAs\":[\"https:\/\/www.instagram.com\/innopulse.textil\/\"]}]}<\/script>\n<!-- \/ Yoast SEO plugin. -->","yoast_head_json":{"title":"\u043a\u043e\u043d\u0442\u0430\u043a\u0442 - INNOPULSE, S.L - TEXTILE SOLUTIONS","robots":{"index":"index","follow":"follow","max-snippet":"max-snippet:-1","max-image-preview":"max-image-preview:large","max-video-preview":"max-video-preview:-1"},"canonical":"https:\/\/innopulse.cat\/bg\/\u043a\u043e\u043d\u0442\u0430\u043a\u0442\/","og_locale":"bg_BG","og_type":"article","og_title":"\u043a\u043e\u043d\u0442\u0430\u043a\u0442 - INNOPULSE, S.L - TEXTILE SOLUTIONS","og_description":"\u043a\u043e\u043d\u0442\u0430\u043a\u0442 \u0430\u0434\u0440\u0435\u0441: Av. Antoni Gaud\u00ed n\u00ba 21B, 08610 Avi\u00e0 (Spain) \u0443\u043b. &#8222;\u0418\u0441\u043a\u044a\u0440&#8220; 1, 5809 \u0421\u0435\u0432\u0435\u0440\u043d\u0430 \u043f\u0440\u043e\u043c\u0438\u0448\u043b\u0435\u043d\u0430 \u0437\u043e\u043d\u0430, \u041f\u043b\u0435\u0432\u0435\u043d, \u0411\u044a\u043b\u0433\u0430\u0440\u0438\u044f \u0442\u0435\u043b\u0435\u0444\u043e\u043d: +34 639 431 373 (\u0418\u0441\u043f\u0430\u043d\u0438\u044f) +35 964 800 329 (\u0411\u044a\u043b\u0433\u0430\u0440\u0438\u044f) \u0435\u043b\u0435\u043a\u0442\u0440\u043e\u043d\u043d\u0430 \u043f\u043e\u0449\u0430: ferran@innopulse.cat laura@innopulse.cat (A\u0434\u043c\u0438\u043d\u0438\u0441\u0442\u0440\u0430\u0446\u0438\u044f \u0418\u0441\u043f\u0430\u043d\u0438\u044f) eli@innopulse.cat (\u0411\u044a\u043b\u0433\u0430\u0440\u0438\u044f) \u043a\u043e\u043d\u0442\u0430\u043a\u0442 \u041f\u0440\u043e\u0447\u0435\u0442\u043e\u0445 \u0438 \u043f\u0440\u0438\u0435\u043c\u0430\u043c\u041f\u0440\u0430\u0432\u043d\u0430 \u0438\u043d\u0444\u043e\u0440\u043c\u0430\u0446\u0438\u044f \u0438 \u043f\u043e\u043b\u0438\u0442\u0438\u043a\u0430\u0442\u0430 \u0437\u0430 \u043f\u043e\u0432\u0435\u0440\u0438\u0442\u0435\u043b\u043d\u043e\u0441\u0442","og_url":"https:\/\/innopulse.cat\/bg\/\u043a\u043e\u043d\u0442\u0430\u043a\u0442\/","og_site_name":"INNOPULSE, S.L - TEXTILE SOLUTIONS","article_modified_time":"2019-02-12T19:25:00+00:00","twitter_card":"summary_large_image","twitter_misc":{"Est. reading time":"4 \u043c\u0438\u043d\u0443\u0442\u0438"},"schema":{"@context":"https:\/\/schema.org","@graph":[{"@type":"WebPage","@id":"https:\/\/innopulse.cat\/bg\/%d0%ba%d0%be%d0%bd%d1%82%d0%b0%d0%ba%d1%82\/","url":"https:\/\/innopulse.cat\/bg\/%d0%ba%d0%be%d0%bd%d1%82%d0%b0%d0%ba%d1%82\/","name":"\u043a\u043e\u043d\u0442\u0430\u043a\u0442 - INNOPULSE, S.L - TEXTILE SOLUTIONS","isPartOf":{"@id":"https:\/\/innopulse.cat\/#website"},"datePublished":"2015-05-25T12:10:45+00:00","dateModified":"2019-02-12T19:25:00+00:00","breadcrumb":{"@id":"https:\/\/innopulse.cat\/bg\/%d0%ba%d0%be%d0%bd%d1%82%d0%b0%d0%ba%d1%82\/#breadcrumb"},"inLanguage":"bg-BG","potentialAction":[{"@type":"ReadAction","target":["https:\/\/innopulse.cat\/bg\/%d0%ba%d0%be%d0%bd%d1%82%d0%b0%d0%ba%d1%82\/"]}]},{"@type":"BreadcrumbList","@id":"https:\/\/innopulse.cat\/bg\/%d0%ba%d0%be%d0%bd%d1%82%d0%b0%d0%ba%d1%82\/#breadcrumb","itemListElement":[{"@type":"ListItem","position":1,"name":"Portada","item":"https:\/\/innopulse.cat\/bg\/"},{"@type":"ListItem","position":2,"name":"\u043a\u043e\u043d\u0442\u0430\u043a\u0442"}]},{"@type":"WebSite","@id":"https:\/\/innopulse.cat\/#website","url":"https:\/\/innopulse.cat\/","name":"INNOPULSE, S.L - TEXTILE SOLUTIONS","description":"Gesti\u00f3n y producci\u00f3n de confecci\u00f3n textil.","publisher":{"@id":"https:\/\/innopulse.cat\/#organization"},"potentialAction":[{"@type":"SearchAction","target":{"@type":"EntryPoint","urlTemplate":"https:\/\/innopulse.cat\/?s={search_term_string}"},"query-input":"required name=search_term_string"}],"inLanguage":"bg-BG"},{"@type":"Organization","@id":"https:\/\/innopulse.cat\/#organization","name":"Innopulse, S.L","url":"https:\/\/innopulse.cat\/","logo":{"@type":"ImageObject","inLanguage":"bg-BG","@id":"https:\/\/innopulse.cat\/#\/schema\/logo\/image\/","url":"https:\/\/innopulse.cat\/wp-content\/uploads\/2017\/04\/innopulse-manteniment.jpg","contentUrl":"https:\/\/innopulse.cat\/wp-content\/uploads\/2017\/04\/innopulse-manteniment.jpg","width":1500,"height":386,"caption":"Innopulse, S.L"},"image":{"@id":"https:\/\/innopulse.cat\/#\/schema\/logo\/image\/"},"sameAs":["https:\/\/www.instagram.com\/innopulse.textil\/"]}]}},"_links":{"self":[{"href":"https:\/\/innopulse.cat\/bg\/wp-json\/wp\/v2\/pages\/1219"}],"collection":[{"href":"https:\/\/innopulse.cat\/bg\/wp-json\/wp\/v2\/pages"}],"about":[{"href":"https:\/\/innopulse.cat\/bg\/wp-json\/wp\/v2\/types\/page"}],"author":[{"embeddable":true,"href":"https:\/\/innopulse.cat\/bg\/wp-json\/wp\/v2\/users\/1"}],"replies":[{"embeddable":true,"href":"https:\/\/innopulse.cat\/bg\/wp-json\/wp\/v2\/comments?post=1219"}],"version-history":[{"count":12,"href":"https:\/\/innopulse.cat\/bg\/wp-json\/wp\/v2\/pages\/1219\/revisions"}],"predecessor-version":[{"id":1548,"href":"https:\/\/innopulse.cat\/bg\/wp-json\/wp\/v2\/pages\/1219\/revisions\/1548"}],"wp:attachment":[{"href":"https:\/\/innopulse.cat\/bg\/wp-json\/wp\/v2\/media?parent=1219"}],"curies":[{"name":"wp","href":"https:\/\/api.w.org\/{rel}","templated":true}]}}