{"id":1243,"date":"2017-07-05T15:01:46","date_gmt":"2017-07-05T15:01:46","guid":{"rendered":"https:\/\/innopulse.cat\/about\/"},"modified":"2017-07-14T17:02:05","modified_gmt":"2017-07-14T17:02:05","slug":"about","status":"publish","type":"page","link":"https:\/\/innopulse.cat\/bg\/about\/","title":{"rendered":"\u043e\u0442\u043d\u043e\u0441\u043d\u043e"},"content":{"rendered":"<div class=\"row row-edge  \" >\n<div class=\"col-md-12 col-xs-offset-0 col-sm-offset-0 col-md-offset-0 col-lg-offset-0 col-xs-pull-0 col-sm-pull-0 col-md-pull-0 col-lg-pull-0 col-xs-push-0 col-sm-push-0 col-md-push-0 col-lg-push-0\">\n<div class=\"motopress-image-obj motopress-text-align-left\"><a href=\"https:\/\/innopulse.cat\/wp-content\/uploads\/2017\/07\/04072017-FullSizeRender-1.jpg\" data-action=\"motopressLightbox\" target=\"_self\"><img decoding=\"async\" src=\"https:\/\/innopulse.cat\/wp-content\/uploads\/2017\/07\/04072017-FullSizeRender-1.jpg\" title=\"innopulse fabrica bulgaria\" alt=\"innopulse fabrica bulgaria\" class=\"motopress-image-obj-basic mpce-dsbl-margin-left mpce-dsbl-margin-right mpce-dsbl-margin-top mpce-dsbl-margin-bottom\" \/><\/a><\/div>\n<\/div>\n<\/div>\n<div class=\"row row-edge  \" >\n<div class=\"col-md-12 col-xs-offset-0 col-sm-offset-0 col-md-offset-0 col-lg-offset-0 col-xs-pull-0 col-sm-pull-0 col-md-pull-0 col-lg-pull-0 col-xs-push-0 col-sm-push-0 col-md-push-0 col-lg-push-0\">\n<div class=\"cherry-spacer   hidden-xs hidden-sm\" style=\"height:20px;\"><\/div><div class=\"cherry-spacer   visible-sm-block\" style=\"height:24px;\"><\/div><div class=\"cherry-spacer   visible-xs-block\" style=\"height:24px;\"><\/div>\n<\/div>\n<\/div>\n<div class=\"row row-edge  \" >\n<div class=\"col-md-12 col-xs-offset-0 col-sm-offset-0 col-md-offset-0 col-lg-offset-0 col-xs-pull-0 col-sm-pull-0 col-md-pull-0 col-lg-pull-0 col-xs-push-0 col-sm-push-0 col-md-push-0 col-lg-push-0\">\n<div class=\"row row-edge  \" >\n<div class=\"col-md-12 col-xs-offset-0 col-sm-offset-0 col-md-offset-0 col-lg-offset-0 col-xs-pull-0 col-sm-pull-0 col-md-pull-0 col-lg-pull-0 col-xs-push-0 col-sm-push-0 col-md-push-0 col-lg-push-0\">\n<div class=\"cherry-spacer   hidden-xs hidden-sm\" style=\"height:20px;\"><\/div><div class=\"cherry-spacer   visible-sm-block\" style=\"height:20px;\"><\/div><div class=\"cherry-spacer   visible-xs-block\" style=\"height:20px;\"><\/div>\n<\/div>\n<\/div>\n<div class=\"row row-edge  \" >\n<div class=\"col-md-12 col-xs-offset-0 col-sm-offset-0 col-md-offset-0 col-lg-offset-0 col-xs-pull-0 col-sm-pull-0 col-md-pull-0 col-lg-pull-0 col-xs-push-0 col-sm-push-0 col-md-push-0 col-lg-push-0\">\n<div class=\"motopress-code-obj\">\n<p class=\"font_8\"><strong>INNOPULSE<\/strong>. \u0424\u0438\u0440\u043c\u0430, \u043f\u043e\u0441\u0432\u0435\u0442\u0435\u043d\u0430\u00a0 \u043d\u0430 \u0434\u0438\u0441\u0442\u0440\u0438\u0431\u0443\u0446\u0438\u044f\u0442\u0430\u00a0 \u0438 \u043f\u0440\u043e\u0438\u0437\u0432\u043e\u0434\u0441\u0442\u0432\u043e\u0442\u043e \u043d\u0430 \u0442\u0435\u043a\u0441\u0442\u0438\u043b\u043d\u0430 \u043a\u043e\u043d\u0444\u0435\u043a\u0446\u0438\u044f\u00a0 \u0432 \u0411\u044a\u043b\u0433\u0430\u0440\u0438\u044f \u043e\u0442 2003 \u0433. \u0420\u0430\u0437\u043f\u043e\u043b\u0430\u0433\u0430\u043c\u0435 \u0441\u00a0 \u043d\u0430\u0448 \u0442\u044a\u0440\u0433\u043e\u0432\u0441\u043a\u0438 \u043e\u0444\u0438\u0441 \u0432 \u0411\u0435\u0440\u0433\u0430 (\u0411\u0430\u0440\u0441\u0435\u043b\u043e\u043d\u0430), \u0437\u0430 \u0434\u0430 \u0441\u0435 \u043e\u0441\u0438\u0433\u0443\u0440\u044f\u0442\u00a0 \u043f\u043e-\u0434\u043e\u0431\u0440\u0438 \u0433\u0440\u0438\u0436\u0438 \u0438 \u043e\u0431\u0441\u043b\u0443\u0436\u0432\u0430\u043d\u0435 \u043d\u0430 \u043d\u0430\u0448\u0438\u0442\u0435 \u043a\u043b\u0438\u0435\u043d\u0442\u0438 \u043d\u0430 \u0432\u044a\u0442\u0440\u0435\u0448\u043d\u0438\u044f \u043f\u0430\u0437\u0430\u0440, \u0438 \u043d\u0430 \u043d\u0430\u0448\u0430\u0442\u0430 \u0444\u0430\u0431\u0440\u0438\u043a\u0430 \u0432 \u041f\u043b\u0435\u0432\u0435\u043d, \u0433\u0440\u0430\u0434 \u0432 \u0441\u0435\u0432\u0435\u0440\u043d\u0430\u0442\u0430 \u0447\u0430\u0441\u0442 \u043d\u0430 \u0411\u044a\u043b\u0433\u0430\u0440\u0438\u044f.<\/p>\n<p>\u00a0\u041d\u0438\u0435 \u0432\u044a\u0437\u043b\u0430\u0433\u0430\u043c\u0435 \u0442\u0435\u043a\u0441\u0442\u0438\u043b\u043d\u0438 \u043f\u0440\u043e\u0434\u0443\u043a\u0446\u0438\u0438 \u0432 \u0446\u0435\u0445\u043e\u0432\u0435, \u043a\u043e\u0438\u0442\u043e \u0441\u0430 \u0447\u0430\u0441\u0442 \u043e\u0442 \u043d\u0430\u0448\u0430\u0442\u0430 \u0433\u0440\u0443\u043f\u0430 , \u0430 \u0441\u044a\u0449\u043e \u0442\u0430\u043a\u0430 \u0438\u043c\u0430\u043c\u0435\u00a0 \u0432\u044a\u043d\u0448\u043d\u0438 \u043f\u0430\u0440\u0442\u043d\u044c\u043e\u0440\u0438, \u0441 \u043a\u043e\u0438\u0442\u043e\u00a0 \u043f\u043e\u0434\u0434\u044a\u0440\u0436\u0430\u043c\u0435 \u0442\u044f\u0441\u043d\u043e \u0441\u044a\u0442\u0440\u0443\u0434\u043d\u0438\u0447\u0435\u0441\u0442\u0432\u043e,\u00a0 \u0433\u0430\u0440\u0430\u043d\u0446\u0438\u044f \u0437\u0430 \u043d\u0430\u0434\u0435\u0436\u0434\u043d\u043e\u0441\u0442, \u0441\u0442\u0430\u0431\u0438\u043b\u043d\u043e\u0441\u0442 \u0438 \u0432\u0438\u0441\u043e\u043a \u043a\u043e\u043d\u0442\u0440\u043e\u043b \u043d\u0430 \u043a\u0430\u0447\u0435\u0441\u0442\u0432\u043e\u0442\u043e.<\/p>\n<p>\u041d\u0438\u0435 \u043f\u0440\u0435\u0434\u043b\u0430\u0433\u0430\u043c\u0435 \u043d\u0430 \u043d\u0430\u0448\u0438\u0442\u0435 \u043a\u043b\u0438\u0435\u043d\u0442\u0438 \u043f\u044a\u043b\u043d\u043e \u043e\u0431\u0441\u043b\u0443\u0436\u0432\u0430\u043d\u0435: \u0414\u043e\u0441\u0442\u0430\u0432\u043a\u0430 \u00a0\u043d\u0430 \u043f\u043b\u0430\u0442\u043e\u0432\u0435 \u0438 \u043c\u0430\u0442\u0435\u0440\u0438\u0430\u043b\u0438 \u0434\u043e\u00a0 \u0446\u0435\u043d\u0442\u0440\u0430\u043b\u043d\u0438\u044f \u043d\u0438 \u0441\u043a\u043b\u0430\u0434, \u0440\u0430\u0437\u0440\u0430\u0431\u043e\u0442\u0432\u0430\u043d\u0435 \u043d\u0430 \u043a\u0440\u043e\u0439\u043a\u0438 \u0438 \u043a\u0430\u043f\u0430\u0446\u0438 \u0437\u0430 \u043a\u0440\u043e\u0435\u043d\u0435, \u043a\u0440\u043e\u0435\u043d\u0435, \u0448\u0438\u0435\u043d\u0435, \u0433\u043b\u0430\u0434\u0435\u043d\u0435 \u0438 \u0434\u043e\u0432\u044a\u0440\u0448\u0438\u0442\u0435\u043b\u043d\u0438 \u0440\u0430\u0431\u043e\u0442\u0438, \u043a\u043e\u043d\u0442\u0440\u043e\u043b, \u043e\u043f\u0430\u043a\u043e\u0432\u043a\u0430 \u0438 \u0441\u043e\u0440\u0442\u0438\u0440\u0430\u043d\u0435 \u043f\u043e \u043a\u043b\u0438\u0435\u043d\u0442\u0438, \u0435\u043a\u0441\u043f\u0435\u0434\u0438\u0446\u0438\u044f \u0438 \u0434\u043e\u0441\u0442\u0430\u0432\u043a\u0430 \u0434\u043e \u043d\u0430\u0448\u0438\u0442\u0435 \u043a\u043b\u0438\u0435\u043d\u0442\u0438.<\/p>\n<div id=\"tw-target-text-container\" class=\"tw-nfl tw-ta-container\">\n<p>\u041d\u0438\u0435 \u0435\u043a\u0441\u043f\u0435\u0434\u0438\u0440\u0430\u043c\u0435 \u0432\u0441\u044f\u043a\u0430 \u0441\u0435\u0434\u043c\u0438\u0446\u0430 &#8211; \u00a0\u0432\u043d\u043e\u0441 \/ \u0438\u0437\u043d\u043e\u0441.<\/p>\n<p id=\"tw-target-text\" class=\"tw-data-text tw-ta tw-text-small\" dir=\"ltr\" data-placeholder=\"Traducci\u00f3n\">\n<\/div>\n<\/div>\n<\/div>\n<\/div>\n<\/div>\n<\/div>\n<div class=\"row row-edge  \" >\n<div class=\"col-md-12 col-xs-offset-0 col-sm-offset-0 col-md-offset-0 col-lg-offset-0 col-xs-pull-0 col-sm-pull-0 col-md-pull-0 col-lg-pull-0 col-xs-push-0 col-sm-push-0 col-md-push-0 col-lg-push-0\">\n<div class=\"motopress-grid-gallery-obj motopress-grid-gallery-obj-basic\" id=\"69fb44321bca1\">\n<div class=\"mp-row-fluid\">\n<div class=\"mp-span3\"><a href=\"https:\/\/innopulse.cat\/wp-content\/uploads\/2017\/07\/04072017-IMG_3950.jpg\" data-action=\"motopressGalleryLightbox\" target=\"_self\" title=\"innopulse fabrica bulgaria\"><img decoding=\"async\" src=\"https:\/\/innopulse.cat\/wp-content\/uploads\/2017\/07\/04072017-IMG_3950-150x150.jpg\" title=\"innopulse fabrica bulgaria\" alt=\"innopulse fabrica bulgaria\" \/><\/a><\/div>\n<div class=\"mp-span3\"><a href=\"https:\/\/innopulse.cat\/wp-content\/uploads\/2017\/07\/04072017-FullSizeRender.jpg\" data-action=\"motopressGalleryLightbox\" target=\"_self\" title=\"innopulse fabrica bulgaria\"><img decoding=\"async\" src=\"https:\/\/innopulse.cat\/wp-content\/uploads\/2017\/07\/04072017-FullSizeRender-150x150.jpg\" title=\"innopulse fabrica bulgaria\" alt=\"innopulse fabrica bulgaria\" \/><\/a><\/div>\n<div class=\"mp-span3\"><a href=\"https:\/\/innopulse.cat\/wp-content\/uploads\/2017\/07\/04072017-FullSizeRender-2.jpg\" data-action=\"motopressGalleryLightbox\" target=\"_self\" title=\"innopulse fabrica bulgaria\"><img decoding=\"async\" src=\"https:\/\/innopulse.cat\/wp-content\/uploads\/2017\/07\/04072017-FullSizeRender-2-150x150.jpg\" title=\"innopulse fabrica bulgaria\" alt=\"innopulse fabrica bulgaria\" \/><\/a><\/div>\n<div class=\"mp-span3\"><a href=\"https:\/\/innopulse.cat\/wp-content\/uploads\/2017\/07\/03072017-FullSizeRender-4.jpg\" data-action=\"motopressGalleryLightbox\" target=\"_self\" title=\"innopulse fabrica bulgaria\"><img decoding=\"async\" src=\"https:\/\/innopulse.cat\/wp-content\/uploads\/2017\/07\/03072017-FullSizeRender-4-150x150.jpg\" title=\"innopulse fabrica bulgaria\" alt=\"innopulse fabrica bulgaria\" \/><\/a><\/div>\n<\/div>\n<\/div>\n<\/div>\n<\/div>\n","protected":false},"excerpt":{"rendered":"INNOPULSE. \u0424\u0438\u0440\u043c\u0430, \u043f\u043e\u0441\u0432\u0435\u0442\u0435\u043d\u0430\u00a0 \u043d\u0430 \u0434\u0438\u0441\u0442\u0440\u0438\u0431\u0443\u0446\u0438\u044f\u0442\u0430\u00a0 \u0438 \u043f\u0440\u043e\u0438\u0437\u0432\u043e\u0434\u0441\u0442\u0432\u043e\u0442\u043e \u043d\u0430 \u0442\u0435\u043a\u0441\u0442\u0438\u043b\u043d\u0430 \u043a\u043e\u043d\u0444\u0435\u043a\u0446\u0438\u044f\u00a0 \u0432 \u0411\u044a\u043b\u0433\u0430\u0440\u0438\u044f \u043e\u0442 2003 \u0433. \u0420\u0430\u0437\u043f\u043e\u043b\u0430\u0433\u0430\u043c\u0435 \u0441\u00a0 \u043d\u0430\u0448 \u0442\u044a\u0440\u0433\u043e\u0432\u0441\u043a\u0438 \u043e\u0444\u0438\u0441 \u0432 \u0411\u0435\u0440\u0433\u0430 (\u0411\u0430\u0440\u0441\u0435\u043b\u043e\u043d\u0430), \u0437\u0430 \u0434\u0430 \u0441\u0435 \u043e\u0441\u0438\u0433\u0443\u0440\u044f\u0442\u00a0 \u043f\u043e-\u0434\u043e\u0431\u0440\u0438 \u0433\u0440\u0438\u0436\u0438 \u0438 \u043e\u0431\u0441\u043b\u0443\u0436\u0432\u0430\u043d\u0435 \u043d\u0430 \u043d\u0430\u0448\u0438\u0442\u0435 \u043a\u043b\u0438\u0435\u043d\u0442\u0438 \u043d\u0430 \u0432\u044a\u0442\u0440\u0435\u0448\u043d\u0438\u044f \u043f\u0430\u0437\u0430\u0440, \u0438 \u043d\u0430 \u043d\u0430\u0448\u0430\u0442\u0430 \u0444\u0430\u0431\u0440\u0438\u043a\u0430 \u0432 \u041f\u043b\u0435\u0432\u0435\u043d, \u0433\u0440\u0430\u0434 \u0432 \u0441\u0435\u0432\u0435\u0440\u043d\u0430\u0442\u0430 \u0447\u0430\u0441\u0442 \u043d\u0430 \u0411\u044a\u043b\u0433\u0430\u0440\u0438\u044f. \u00a0\u041d\u0438\u0435 \u0432\u044a\u0437\u043b\u0430\u0433\u0430\u043c\u0435 \u0442\u0435\u043a\u0441\u0442\u0438\u043b\u043d\u0438 \u043f\u0440\u043e\u0434\u0443\u043a\u0446\u0438\u0438 \u0432 \u0446\u0435\u0445\u043e\u0432\u0435,","protected":false},"author":1,"featured_media":0,"parent":0,"menu_order":0,"comment_status":"closed","ping_status":"closed","template":"","meta":[],"yoast_head":"<!-- This site is optimized with the Yoast SEO plugin v20.4 - https:\/\/yoast.com\/wordpress\/plugins\/seo\/ -->\n<title>\u043e\u0442\u043d\u043e\u0441\u043d\u043e - INNOPULSE, S.L - TEXTILE SOLUTIONS<\/title>\n<meta name=\"robots\" content=\"index, follow, max-snippet:-1, max-image-preview:large, max-video-preview:-1\" \/>\n<link rel=\"canonical\" href=\"https:\/\/innopulse.cat\/bg\/about\/\" \/>\n<meta property=\"og:locale\" content=\"bg_BG\" \/>\n<meta property=\"og:type\" content=\"article\" \/>\n<meta property=\"og:title\" content=\"\u043e\u0442\u043d\u043e\u0441\u043d\u043e - INNOPULSE, S.L - TEXTILE SOLUTIONS\" \/>\n<meta property=\"og:description\" content=\"INNOPULSE. \u0424\u0438\u0440\u043c\u0430, \u043f\u043e\u0441\u0432\u0435\u0442\u0435\u043d\u0430\u00a0 \u043d\u0430 \u0434\u0438\u0441\u0442\u0440\u0438\u0431\u0443\u0446\u0438\u044f\u0442\u0430\u00a0 \u0438 \u043f\u0440\u043e\u0438\u0437\u0432\u043e\u0434\u0441\u0442\u0432\u043e\u0442\u043e \u043d\u0430 \u0442\u0435\u043a\u0441\u0442\u0438\u043b\u043d\u0430 \u043a\u043e\u043d\u0444\u0435\u043a\u0446\u0438\u044f\u00a0 \u0432 \u0411\u044a\u043b\u0433\u0430\u0440\u0438\u044f \u043e\u0442 2003 \u0433. \u0420\u0430\u0437\u043f\u043e\u043b\u0430\u0433\u0430\u043c\u0435 \u0441\u00a0 \u043d\u0430\u0448 \u0442\u044a\u0440\u0433\u043e\u0432\u0441\u043a\u0438 \u043e\u0444\u0438\u0441 \u0432 \u0411\u0435\u0440\u0433\u0430 (\u0411\u0430\u0440\u0441\u0435\u043b\u043e\u043d\u0430), \u0437\u0430 \u0434\u0430 \u0441\u0435 \u043e\u0441\u0438\u0433\u0443\u0440\u044f\u0442\u00a0 \u043f\u043e-\u0434\u043e\u0431\u0440\u0438 \u0433\u0440\u0438\u0436\u0438 \u0438 \u043e\u0431\u0441\u043b\u0443\u0436\u0432\u0430\u043d\u0435 \u043d\u0430 \u043d\u0430\u0448\u0438\u0442\u0435 \u043a\u043b\u0438\u0435\u043d\u0442\u0438 \u043d\u0430 \u0432\u044a\u0442\u0440\u0435\u0448\u043d\u0438\u044f \u043f\u0430\u0437\u0430\u0440, \u0438 \u043d\u0430 \u043d\u0430\u0448\u0430\u0442\u0430 \u0444\u0430\u0431\u0440\u0438\u043a\u0430 \u0432 \u041f\u043b\u0435\u0432\u0435\u043d, \u0433\u0440\u0430\u0434 \u0432 \u0441\u0435\u0432\u0435\u0440\u043d\u0430\u0442\u0430 \u0447\u0430\u0441\u0442 \u043d\u0430 \u0411\u044a\u043b\u0433\u0430\u0440\u0438\u044f. \u00a0\u041d\u0438\u0435 \u0432\u044a\u0437\u043b\u0430\u0433\u0430\u043c\u0435 \u0442\u0435\u043a\u0441\u0442\u0438\u043b\u043d\u0438 \u043f\u0440\u043e\u0434\u0443\u043a\u0446\u0438\u0438 \u0432 \u0446\u0435\u0445\u043e\u0432\u0435,\" \/>\n<meta property=\"og:url\" content=\"https:\/\/innopulse.cat\/bg\/about\/\" \/>\n<meta property=\"og:site_name\" content=\"INNOPULSE, S.L - TEXTILE SOLUTIONS\" \/>\n<meta property=\"article:modified_time\" content=\"2017-07-14T17:02:05+00:00\" \/>\n<meta property=\"og:image\" content=\"https:\/\/innopulse.cat\/wp-content\/uploads\/2017\/07\/04072017-FullSizeRender-1.jpg\" \/>\n<meta name=\"twitter:card\" content=\"summary_large_image\" \/>\n<meta name=\"twitter:label1\" content=\"Est. reading time\" \/>\n\t<meta name=\"twitter:data1\" content=\"3 \u043c\u0438\u043d\u0443\u0442\u0438\" \/>\n<script type=\"application\/ld+json\" class=\"yoast-schema-graph\">{\"@context\":\"https:\/\/schema.org\",\"@graph\":[{\"@type\":\"WebPage\",\"@id\":\"https:\/\/innopulse.cat\/bg\/about\/\",\"url\":\"https:\/\/innopulse.cat\/bg\/about\/\",\"name\":\"\u043e\u0442\u043d\u043e\u0441\u043d\u043e - INNOPULSE, S.L - TEXTILE SOLUTIONS\",\"isPartOf\":{\"@id\":\"https:\/\/innopulse.cat\/#website\"},\"datePublished\":\"2017-07-05T15:01:46+00:00\",\"dateModified\":\"2017-07-14T17:02:05+00:00\",\"breadcrumb\":{\"@id\":\"https:\/\/innopulse.cat\/bg\/about\/#breadcrumb\"},\"inLanguage\":\"bg-BG\",\"potentialAction\":[{\"@type\":\"ReadAction\",\"target\":[\"https:\/\/innopulse.cat\/bg\/about\/\"]}]},{\"@type\":\"BreadcrumbList\",\"@id\":\"https:\/\/innopulse.cat\/bg\/about\/#breadcrumb\",\"itemListElement\":[{\"@type\":\"ListItem\",\"position\":1,\"name\":\"Portada\",\"item\":\"https:\/\/innopulse.cat\/bg\/\"},{\"@type\":\"ListItem\",\"position\":2,\"name\":\"\u043e\u0442\u043d\u043e\u0441\u043d\u043e\"}]},{\"@type\":\"WebSite\",\"@id\":\"https:\/\/innopulse.cat\/#website\",\"url\":\"https:\/\/innopulse.cat\/\",\"name\":\"INNOPULSE, S.L - TEXTILE SOLUTIONS\",\"description\":\"Gesti\u00f3n y producci\u00f3n de confecci\u00f3n textil.\",\"publisher\":{\"@id\":\"https:\/\/innopulse.cat\/#organization\"},\"potentialAction\":[{\"@type\":\"SearchAction\",\"target\":{\"@type\":\"EntryPoint\",\"urlTemplate\":\"https:\/\/innopulse.cat\/?s={search_term_string}\"},\"query-input\":\"required name=search_term_string\"}],\"inLanguage\":\"bg-BG\"},{\"@type\":\"Organization\",\"@id\":\"https:\/\/innopulse.cat\/#organization\",\"name\":\"Innopulse, S.L\",\"url\":\"https:\/\/innopulse.cat\/\",\"logo\":{\"@type\":\"ImageObject\",\"inLanguage\":\"bg-BG\",\"@id\":\"https:\/\/innopulse.cat\/#\/schema\/logo\/image\/\",\"url\":\"https:\/\/innopulse.cat\/wp-content\/uploads\/2017\/04\/innopulse-manteniment.jpg\",\"contentUrl\":\"https:\/\/innopulse.cat\/wp-content\/uploads\/2017\/04\/innopulse-manteniment.jpg\",\"width\":1500,\"height\":386,\"caption\":\"Innopulse, S.L\"},\"image\":{\"@id\":\"https:\/\/innopulse.cat\/#\/schema\/logo\/image\/\"},\"sameAs\":[\"https:\/\/www.instagram.com\/innopulse.textil\/\"]}]}<\/script>\n<!-- \/ Yoast SEO plugin. -->","yoast_head_json":{"title":"\u043e\u0442\u043d\u043e\u0441\u043d\u043e - INNOPULSE, S.L - TEXTILE SOLUTIONS","robots":{"index":"index","follow":"follow","max-snippet":"max-snippet:-1","max-image-preview":"max-image-preview:large","max-video-preview":"max-video-preview:-1"},"canonical":"https:\/\/innopulse.cat\/bg\/about\/","og_locale":"bg_BG","og_type":"article","og_title":"\u043e\u0442\u043d\u043e\u0441\u043d\u043e - INNOPULSE, S.L - TEXTILE SOLUTIONS","og_description":"INNOPULSE. \u0424\u0438\u0440\u043c\u0430, \u043f\u043e\u0441\u0432\u0435\u0442\u0435\u043d\u0430\u00a0 \u043d\u0430 \u0434\u0438\u0441\u0442\u0440\u0438\u0431\u0443\u0446\u0438\u044f\u0442\u0430\u00a0 \u0438 \u043f\u0440\u043e\u0438\u0437\u0432\u043e\u0434\u0441\u0442\u0432\u043e\u0442\u043e \u043d\u0430 \u0442\u0435\u043a\u0441\u0442\u0438\u043b\u043d\u0430 \u043a\u043e\u043d\u0444\u0435\u043a\u0446\u0438\u044f\u00a0 \u0432 \u0411\u044a\u043b\u0433\u0430\u0440\u0438\u044f \u043e\u0442 2003 \u0433. \u0420\u0430\u0437\u043f\u043e\u043b\u0430\u0433\u0430\u043c\u0435 \u0441\u00a0 \u043d\u0430\u0448 \u0442\u044a\u0440\u0433\u043e\u0432\u0441\u043a\u0438 \u043e\u0444\u0438\u0441 \u0432 \u0411\u0435\u0440\u0433\u0430 (\u0411\u0430\u0440\u0441\u0435\u043b\u043e\u043d\u0430), \u0437\u0430 \u0434\u0430 \u0441\u0435 \u043e\u0441\u0438\u0433\u0443\u0440\u044f\u0442\u00a0 \u043f\u043e-\u0434\u043e\u0431\u0440\u0438 \u0433\u0440\u0438\u0436\u0438 \u0438 \u043e\u0431\u0441\u043b\u0443\u0436\u0432\u0430\u043d\u0435 \u043d\u0430 \u043d\u0430\u0448\u0438\u0442\u0435 \u043a\u043b\u0438\u0435\u043d\u0442\u0438 \u043d\u0430 \u0432\u044a\u0442\u0440\u0435\u0448\u043d\u0438\u044f \u043f\u0430\u0437\u0430\u0440, \u0438 \u043d\u0430 \u043d\u0430\u0448\u0430\u0442\u0430 \u0444\u0430\u0431\u0440\u0438\u043a\u0430 \u0432 \u041f\u043b\u0435\u0432\u0435\u043d, \u0433\u0440\u0430\u0434 \u0432 \u0441\u0435\u0432\u0435\u0440\u043d\u0430\u0442\u0430 \u0447\u0430\u0441\u0442 \u043d\u0430 \u0411\u044a\u043b\u0433\u0430\u0440\u0438\u044f. \u00a0\u041d\u0438\u0435 \u0432\u044a\u0437\u043b\u0430\u0433\u0430\u043c\u0435 \u0442\u0435\u043a\u0441\u0442\u0438\u043b\u043d\u0438 \u043f\u0440\u043e\u0434\u0443\u043a\u0446\u0438\u0438 \u0432 \u0446\u0435\u0445\u043e\u0432\u0435,","og_url":"https:\/\/innopulse.cat\/bg\/about\/","og_site_name":"INNOPULSE, S.L - TEXTILE SOLUTIONS","article_modified_time":"2017-07-14T17:02:05+00:00","og_image":[{"url":"https:\/\/innopulse.cat\/wp-content\/uploads\/2017\/07\/04072017-FullSizeRender-1.jpg"}],"twitter_card":"summary_large_image","twitter_misc":{"Est. reading time":"3 \u043c\u0438\u043d\u0443\u0442\u0438"},"schema":{"@context":"https:\/\/schema.org","@graph":[{"@type":"WebPage","@id":"https:\/\/innopulse.cat\/bg\/about\/","url":"https:\/\/innopulse.cat\/bg\/about\/","name":"\u043e\u0442\u043d\u043e\u0441\u043d\u043e - INNOPULSE, S.L - TEXTILE SOLUTIONS","isPartOf":{"@id":"https:\/\/innopulse.cat\/#website"},"datePublished":"2017-07-05T15:01:46+00:00","dateModified":"2017-07-14T17:02:05+00:00","breadcrumb":{"@id":"https:\/\/innopulse.cat\/bg\/about\/#breadcrumb"},"inLanguage":"bg-BG","potentialAction":[{"@type":"ReadAction","target":["https:\/\/innopulse.cat\/bg\/about\/"]}]},{"@type":"BreadcrumbList","@id":"https:\/\/innopulse.cat\/bg\/about\/#breadcrumb","itemListElement":[{"@type":"ListItem","position":1,"name":"Portada","item":"https:\/\/innopulse.cat\/bg\/"},{"@type":"ListItem","position":2,"name":"\u043e\u0442\u043d\u043e\u0441\u043d\u043e"}]},{"@type":"WebSite","@id":"https:\/\/innopulse.cat\/#website","url":"https:\/\/innopulse.cat\/","name":"INNOPULSE, S.L - TEXTILE SOLUTIONS","description":"Gesti\u00f3n y producci\u00f3n de confecci\u00f3n textil.","publisher":{"@id":"https:\/\/innopulse.cat\/#organization"},"potentialAction":[{"@type":"SearchAction","target":{"@type":"EntryPoint","urlTemplate":"https:\/\/innopulse.cat\/?s={search_term_string}"},"query-input":"required name=search_term_string"}],"inLanguage":"bg-BG"},{"@type":"Organization","@id":"https:\/\/innopulse.cat\/#organization","name":"Innopulse, S.L","url":"https:\/\/innopulse.cat\/","logo":{"@type":"ImageObject","inLanguage":"bg-BG","@id":"https:\/\/innopulse.cat\/#\/schema\/logo\/image\/","url":"https:\/\/innopulse.cat\/wp-content\/uploads\/2017\/04\/innopulse-manteniment.jpg","contentUrl":"https:\/\/innopulse.cat\/wp-content\/uploads\/2017\/04\/innopulse-manteniment.jpg","width":1500,"height":386,"caption":"Innopulse, S.L"},"image":{"@id":"https:\/\/innopulse.cat\/#\/schema\/logo\/image\/"},"sameAs":["https:\/\/www.instagram.com\/innopulse.textil\/"]}]}},"_links":{"self":[{"href":"https:\/\/innopulse.cat\/bg\/wp-json\/wp\/v2\/pages\/1243"}],"collection":[{"href":"https:\/\/innopulse.cat\/bg\/wp-json\/wp\/v2\/pages"}],"about":[{"href":"https:\/\/innopulse.cat\/bg\/wp-json\/wp\/v2\/types\/page"}],"author":[{"embeddable":true,"href":"https:\/\/innopulse.cat\/bg\/wp-json\/wp\/v2\/users\/1"}],"replies":[{"embeddable":true,"href":"https:\/\/innopulse.cat\/bg\/wp-json\/wp\/v2\/comments?post=1243"}],"version-history":[{"count":2,"href":"https:\/\/innopulse.cat\/bg\/wp-json\/wp\/v2\/pages\/1243\/revisions"}],"predecessor-version":[{"id":1245,"href":"https:\/\/innopulse.cat\/bg\/wp-json\/wp\/v2\/pages\/1243\/revisions\/1245"}],"wp:attachment":[{"href":"https:\/\/innopulse.cat\/bg\/wp-json\/wp\/v2\/media?parent=1243"}],"curies":[{"name":"wp","href":"https:\/\/api.w.org\/{rel}","templated":true}]}}