{"id":1252,"date":"2015-05-25T12:08:50","date_gmt":"2015-05-25T12:08:50","guid":{"rendered":"https:\/\/innopulse.cat\/productes\/"},"modified":"2017-07-14T17:40:43","modified_gmt":"2017-07-14T17:40:43","slug":"%d0%bf%d1%80%d0%be%d0%b4%d1%83%d0%ba%d1%86%d0%b8%d1%8f","status":"publish","type":"page","link":"https:\/\/innopulse.cat\/bg\/%d0%bf%d1%80%d0%be%d0%b4%d1%83%d0%ba%d1%86%d0%b8%d1%8f\/","title":{"rendered":"\u043f\u0440\u043e\u0434\u0443\u043a\u0446\u0438\u044f"},"content":{"rendered":"<div class=\"row  \" ><div class=\"container\"><div class=\"row row-edge\">\n<div class=\"col-xs-12 col-sm-12 col-md-4 col-lg-12\">\n<h2 id=\"tw-target-text\" class=\"tw-data-text tw-ta tw-text-large\" dir=\"ltr\" style=\"text-align: center;\" data-placeholder=\"Traducci\u00f3n\"><span lang=\"bg\">\u043f\u0440\u043e\u0434\u0443\u043a\u0446\u0438\u044f<\/span><\/h2>\n<\/div>\n<div class=\"col-xs-12 col-sm-12 col-md-4 col-lg-12\">\n<div class=\"cherry-spacer  \" style=\"height:9px;\"><\/div>\n<\/div>\n<div class=\"col-xs-12 col-sm-12 col-md-4 col-lg-12\">\n<div id=\"cherry-posts-list-1\" class=\"cherry-posts-list template-posts_3 row  \"><div class=\"cherry-posts-item col-xs-12 col-sm-12 col-md-4 col-lg-4 page-item item-0 odd\"><div class=\"inner cherry-clearfix\"><div class=\"post_3\">\r\n      <a href=\"https:\/\/innopulse.cat\/bg\/%d0%bf%d1%80%d0%be%d0%b4%d1%83%d0%ba%d1%86%d0%b8%d1%8f\/pants-skirts\/\" title=\"Pants &#038; Skirts\" class=\"post-thumbnail_link\"><img width=\"370\" height=\"218\" src=\"https:\/\/innopulse.cat\/wp-content\/uploads\/2017\/04\/DSCF4346-370x218.jpg\" class=\"attachment-cherry-post_1 size-cherry-post_1 wp-post-image\" alt=\"\" decoding=\"async\" loading=\"lazy\" \/><\/a>\r\n      <h3><a href=\"https:\/\/innopulse.cat\/bg\/%d0%bf%d1%80%d0%be%d0%b4%d1%83%d0%ba%d1%86%d0%b8%d1%8f\/pants-skirts\/\" title=\"Pants &#038; Skirts\">Pants &#038; Skirts<\/a><\/h3>\r\n      <div class=\"post-content part\">PANTS &amp; SKIRT \u00a0\u0418\u0437\u0440\u0430\u0431\u043e\u0442\u0432\u0430\u043c\u0435 \u00a0\u043f\u0430\u043d\u0442\u0430\u043b\u043e\u043d\u0438 \u0437\u0430 \u043c\u044a\u0436\u0435 \u0438 \u0436\u0435\u043d\u0438, \u0441 \u0440\u0430\u0437\u043b\u0438\u0447\u043d\u0438 \u043e\u043f\u0446\u0438\u0438 \u0438 \u0432\u0430\u0440\u0438\u0430\u043d\u0442\u0438. \u0418\u0437\u0440\u0430\u0431\u043e\u0442\u043a\u0430 \u043d\u0430 \u0432\u0441\u0438\u0447\u043a\u0438 \u0432\u0438\u0434\u043e\u0432\u0435 \u043f\u043e\u043b\u0438. \u0420\u0430\u0437\u043f\u043e\u043b\u0430\u0433\u0430\u043c\u0435 \u0441\u044a\u0441\u00a0 \u0441\u043f\u0435\u0446\u0438\u0430\u043b\u0438\u0437\u0438\u0440\u0430\u043d\u0438 \u043b\u0438\u043d\u0438\u0438 \u0437\u0430 \u043a\u043e\u043d\u0444\u0435\u043a\u0446\u0438\u044f \u043d\u0430 \u0442\u043e\u0437\u0438 \u0442\u0438\u043f \u0434\u0440\u0435\u0445\u0430.<\/div>\r\n<\/div><\/div><\/div><div class=\"cherry-xs-clear cherry-sm-clear\"><\/div><!--\/.cherry-posts-item--><div class=\"cherry-posts-item col-xs-12 col-sm-12 col-md-4 col-lg-4 page-item item-1 even\"><div class=\"inner cherry-clearfix\"><div class=\"post_3\">\r\n      <a href=\"https:\/\/innopulse.cat\/bg\/%d0%bf%d1%80%d0%be%d0%b4%d1%83%d0%ba%d1%86%d0%b8%d1%8f\/jackets-coats\/\" title=\"Jackets &#038; Coats\" class=\"post-thumbnail_link\"><img width=\"370\" height=\"218\" src=\"https:\/\/innopulse.cat\/wp-content\/uploads\/2017\/06\/DSCF4366-370x218.jpg\" class=\"attachment-cherry-post_1 size-cherry-post_1 wp-post-image\" alt=\"\" decoding=\"async\" loading=\"lazy\" \/><\/a>\r\n      <h3><a href=\"https:\/\/innopulse.cat\/bg\/%d0%bf%d1%80%d0%be%d0%b4%d1%83%d0%ba%d1%86%d0%b8%d1%8f\/jackets-coats\/\" title=\"Jackets &#038; Coats\">Jackets &#038; Coats<\/a><\/h3>\r\n      <div class=\"post-content part\">JACKETS &amp; COATS \u041a\u043e\u043d\u0444\u0435\u043a\u0446\u0438\u043e\u043d\u0438\u0440\u0430\u043c\u0435 \u043f\u0430\u043b\u0442\u0430 \u0438 \u044f\u043a\u0435\u0442\u0430 \u2013 \u0437\u0430 \u043c\u044a\u0436\u0435 \u0438 \u0436\u0435\u043d\u0438. \u041f\u0430\u043b\u0442\u0430 \u043e\u0442 \u0432\u044a\u043b\u043d\u0430 \u0438 \u044f\u043a\u0435\u0442\u0430 \u043e\u0442 \u0448\u0443\u0448\u043b\u044f\u043a. \u0412\u0430\u0442\u0438\u0440\u0430\u043d\u0438 \u044f\u043a\u0435\u0442\u0430 ,\u0430 \u0441\u044a\u0449\u043e \u0442\u0430\u043a\u0430\u00a0 \u043f\u043e\u0441\u0442\u0430\u0432\u044f\u043c\u0435\u00a0 \u0432\u0441\u0438\u0447\u043a\u0438 \u0432\u0438\u0434\u043e\u0432\u0435 \u043c\u0435\u0442\u0430\u043b\u043d\u0438 \u043a\u043e\u043f\u0447\u0435\u0442\u0430 \u0438 \u0435\u043b\u0435\u043c\u0435\u043d\u0442\u0438. \u0418\u0437\u0440\u0430\u0431\u043e\u0442\u0432\u0430\u043c\u0435\u00a0 \u0448\u043b\u0438\u0444\u0435\u0440\u0438, \u0448\u0443\u0431\u0438 \u0438 \u0432\u0441\u0438\u0447\u043a\u0438 \u0432\u0438\u0434\u043e\u0432\u0435 \u0432\u0440\u044a\u0445\u043d\u0430 \u0434\u0440\u0435\u0445\u0430.<\/div>\r\n<\/div><\/div><\/div><div class=\"cherry-xs-clear cherry-sm-clear\"><\/div><!--\/.cherry-posts-item--><div class=\"cherry-posts-item col-xs-12 col-sm-12 col-md-4 col-lg-4 page-item item-2 odd\"><div class=\"inner cherry-clearfix\"><div class=\"post_3\">\r\n      <a href=\"https:\/\/innopulse.cat\/bg\/%d0%bf%d1%80%d0%be%d0%b4%d1%83%d0%ba%d1%86%d0%b8%d1%8f\/knitwear\/\" title=\"Knitwear\" class=\"post-thumbnail_link\"><img width=\"370\" height=\"218\" src=\"https:\/\/innopulse.cat\/wp-content\/uploads\/2017\/06\/DSCF4228-370x218.jpg\" class=\"attachment-cherry-post_1 size-cherry-post_1 wp-post-image\" alt=\"\" decoding=\"async\" loading=\"lazy\" \/><\/a>\r\n      <h3><a href=\"https:\/\/innopulse.cat\/bg\/%d0%bf%d1%80%d0%be%d0%b4%d1%83%d0%ba%d1%86%d0%b8%d1%8f\/knitwear\/\" title=\"Knitwear\">Knitwear<\/a><\/h3>\r\n      <div class=\"post-content part\">KNITWEAR \u0412\u0441\u0438\u0447\u043a\u0438 \u0432\u0438\u0434\u043e\u0432\u0435 \u0434\u0438\u0437\u0430\u0439\u043d \u0438 \u0438\u0437\u0440\u0430\u0431\u043e\u0442\u043a\u0430 \u043d\u0430 \u043f\u043b\u0435\u0442\u0438\u0432\u043e \u00a0\u0437\u0430 \u043c\u044a\u0436\u0435 \u0438 \u0436\u0435\u043d\u0438. \u0420\u0430\u0437\u043f\u043e\u043b\u0430\u0433\u0430\u043c\u0435 \u0441\u044a\u0441 \u0441\u043b\u0435\u0434\u043d\u0438\u0442\u0435 \u0444\u0430\u0439\u043d\u043e\u0432\u0435 \u2013 3,5,7,8,12,14 , \u0430 \u0441\u044a\u0449\u043e \u0442\u0430\u043a\u0430 \u0438 \u043c\u0443\u043b\u0442\u0438 \u0444\u0430\u0439\u043d\u043e\u0432\u0435. \u041f\u0440\u0435\u0434\u043b\u0430\u0433\u0430\u043c\u0435 \u0437\u0430\u0432\u044a\u0440\u0448\u0435\u043d \u043f\u0440\u043e\u0434\u0443\u043a\u0442, \u0432\u043a\u043b\u044e\u0447\u0438\u0442\u0435\u043b\u043d\u043e \u0434\u043e\u0441\u0442\u0430\u0432\u043a\u0430 \u043d\u0430 \u043f\u0440\u0435\u0436\u0434\u0430.<\/div>\r\n<\/div><\/div><\/div><div class=\"cherry-xs-clear cherry-sm-clear cherry-md-clear cherry-lg-clear\"><\/div><!--\/.cherry-posts-item--><div class=\"cherry-posts-item col-xs-12 col-sm-12 col-md-4 col-lg-4 page-item item-3 even\"><div class=\"inner cherry-clearfix\"><div class=\"post_3\">\r\n      <a href=\"https:\/\/innopulse.cat\/bg\/%d0%bf%d1%80%d0%be%d0%b4%d1%83%d0%ba%d1%86%d0%b8%d1%8f\/dresses\/\" title=\"Dresses\" class=\"post-thumbnail_link\"><img width=\"370\" height=\"218\" src=\"https:\/\/innopulse.cat\/wp-content\/uploads\/2017\/06\/DSCF4240-370x218.jpg\" class=\"attachment-cherry-post_1 size-cherry-post_1 wp-post-image\" alt=\"\" decoding=\"async\" loading=\"lazy\" \/><\/a>\r\n      <h3><a href=\"https:\/\/innopulse.cat\/bg\/%d0%bf%d1%80%d0%be%d0%b4%d1%83%d0%ba%d1%86%d0%b8%d1%8f\/dresses\/\" title=\"Dresses\">Dresses<\/a><\/h3>\r\n      <div class=\"post-content part\">DRESSES \u0418\u0437\u0440\u0430\u0431\u043e\u0442\u0432\u0430\u043c\u0435 \u00a0\u0432\u0441\u0438\u0447\u043a\u0438 \u0432\u0438\u0434\u043e\u0432\u0435 \u0440\u043e\u043a\u043b\u0438 \u043e\u0442 \u0432\u0441\u044f\u043a\u0430\u043a\u044a\u0432\u00a0 \u043f\u043b\u0430\u0442 \u0441\u00a0 \u043e\u043f\u0446\u0438\u044f \u0437\u0430 \u043f\u043e\u0441\u0442\u0430\u0432\u044f\u043d\u0435\u00a0 \u043d\u0430 \u0442\u0440\u0430\u043d\u0441\u0444\u0435\u0440\u0438 \u0438 \u0449\u0430\u043c\u043f\u0438 , \u0430 \u0441\u044a\u0449\u043e \u0442\u0430\u043a\u0430 \u0438 \u0431\u043e\u044f\u0434\u0438\u0441\u0432\u0430\u043d\u0435 \u0432 \u0440\u0430\u0437\u043b\u0438\u0447\u043d\u0438 \u0446\u0432\u0435\u0442\u043e\u0432\u0435.<\/div>\r\n<\/div><\/div><\/div><div class=\"cherry-xs-clear cherry-sm-clear\"><\/div><!--\/.cherry-posts-item--><div class=\"cherry-posts-item col-xs-12 col-sm-12 col-md-4 col-lg-4 page-item item-4 odd\"><div class=\"inner cherry-clearfix\"><div class=\"post_3\">\r\n      <a href=\"https:\/\/innopulse.cat\/bg\/%d0%bf%d1%80%d0%be%d0%b4%d1%83%d0%ba%d1%86%d0%b8%d1%8f\/t-shirts\/\" title=\"T-shirts\" class=\"post-thumbnail_link\"><img width=\"370\" height=\"218\" src=\"https:\/\/innopulse.cat\/wp-content\/uploads\/2017\/06\/DSCF4570-370x218.jpg\" class=\"attachment-cherry-post_1 size-cherry-post_1 wp-post-image\" alt=\"\" decoding=\"async\" loading=\"lazy\" \/><\/a>\r\n      <h3><a href=\"https:\/\/innopulse.cat\/bg\/%d0%bf%d1%80%d0%be%d0%b4%d1%83%d0%ba%d1%86%d0%b8%d1%8f\/t-shirts\/\" title=\"T-shirts\">T-shirts<\/a><\/h3>\r\n      <div class=\"post-content part\">T-SHIRTS \u0418\u0437\u0440\u0430\u0431\u043e\u0442\u043a\u0430 \u043d\u0430 \u0432\u0441\u0438\u0447\u043a\u0438 \u0432\u0438\u0434\u043e\u0432\u0435 \u043e\u0431\u043b\u0435\u043a\u043b\u043e \u043e\u0442 \u0442\u0440\u0438\u043a\u043e. \u0412 \u0442\u043e\u0432\u0430 \u0447\u0438\u0441\u043b\u043e &#8211; \u00a0\u0440\u0438\u0437\u0438, \u0440\u043e\u043a\u043b\u0438, \u043f\u0430\u043d\u0442\u0430\u043b\u043e\u043d\u0438. \u0421\u044a\u0449\u043e \u043a\u0430\u0442\u043e \u043a\u043e\u043c\u0431\u0438\u043d\u0438\u0440\u0430\u043d\u0438\u00a0 \u0434\u0440\u0435\u0445\u0438\u00a0 \u0441\u00a0 \u043f\u043b\u0430\u0442 \u0438 \u043f\u043b\u0435\u0442\u0438\u0432\u043e, \u0441 \u043e\u043f\u0446\u0438\u044f \u0437\u0430 \u043f\u0440\u0438\u043b\u0430\u0433\u0430\u043d\u0435 \u043d\u0430 \u0442\u0440\u0430\u043d\u0441\u0444\u0435\u0440\u0438 , \u0449\u0430\u043c\u043f\u0438 \u0438 \u0431\u043e\u044f\u0434\u0438\u0441\u0432\u0430\u043d\u0435.\u0420\u0430\u0437\u043f\u043e\u043b\u0430\u0433\u0430\u043c\u0435 \u0441\u00a0 \u0433\u043e\u043b\u044f\u043c\u043e \u0440\u0430\u0437\u043d\u043e\u043e\u0431\u0440\u0430\u0437\u0438\u0435 \u043e\u0442 \u043e\u0431\u043e\u0440\u0443\u0434\u0432\u0430\u043d\u0435 \u0438 \u043c\u0430\u0448\u0438\u043d\u0438 \u00a0\u043f\u0440\u0438\u0441\u043f\u043e\u0441\u043e\u0431\u0438\u043c\u0438 \u043a\u044a\u043c \u0432\u0430\u0448\u0438\u0442\u0435 \u043d\u0443\u0436\u0434\u0438.<\/div>\r\n<\/div><\/div><\/div><div class=\"cherry-xs-clear cherry-sm-clear\"><\/div><!--\/.cherry-posts-item--><div class=\"cherry-posts-item col-xs-12 col-sm-12 col-md-4 col-lg-4 page-item item-5 even\"><div class=\"inner cherry-clearfix\"><div class=\"post_3\">\r\n      <a href=\"https:\/\/innopulse.cat\/bg\/%d0%bf%d1%80%d0%be%d0%b4%d1%83%d0%ba%d1%86%d0%b8%d1%8f\/underwear-homewear\/\" title=\"Underwear &#038; Homewear\" class=\"post-thumbnail_link\"><img width=\"370\" height=\"218\" src=\"https:\/\/innopulse.cat\/wp-content\/uploads\/2017\/06\/DSCF5829-370x218.jpg\" class=\"attachment-cherry-post_1 size-cherry-post_1 wp-post-image\" alt=\"\" decoding=\"async\" loading=\"lazy\" \/><\/a>\r\n      <h3><a href=\"https:\/\/innopulse.cat\/bg\/%d0%bf%d1%80%d0%be%d0%b4%d1%83%d0%ba%d1%86%d0%b8%d1%8f\/underwear-homewear\/\" title=\"Underwear &#038; Homewear\">Underwear &#038; Homewear<\/a><\/h3>\r\n      <div class=\"post-content part\">UNDERWEAR &amp; HOMEWEAR \u0421\u043f\u0435\u0446\u0438\u0430\u043b\u0438\u0441\u0442\u0438 \u0441\u043c\u0435\u00a0 \u0432 \u0438\u0437\u0440\u0430\u0431\u043e\u0442\u043a\u0430\u0442\u0430 \u043d\u0430\u00a0 \u043c\u044a\u0436\u043a\u0438 \u0431\u043e\u043a\u0441\u0435\u0440\u0438 \u043e\u0442 \u0442\u0435\u043a\u0441\u0442\u0438\u043b \u0438 \u0442\u0440\u0438\u043a\u043e. \u0421\u044a\u0449\u043e \u0442\u0430\u043a\u0430\u00a0 \u043a\u043e\u043d\u0444\u0435\u043a\u0446\u0438\u043e\u043d\u0438\u0440\u0430\u043c\u0435\u00a0 \u043f\u0438\u0436\u0430\u043c\u0438 \u043e\u0442 \u0442\u0435\u043a\u0441\u0442\u0438\u043b\u00a0 \u0438\u043b\u0438 \u043a\u043e\u043c\u0431\u0438\u043d\u0430\u0446\u0438\u0438 \u043e\u0442 \u0442\u0435\u043a\u0441\u0442\u0438\u043b \u0438 \u0442\u0440\u0438\u043a\u043e.<\/div>\r\n<\/div><\/div><\/div><div class=\"cherry-xs-clear cherry-sm-clear cherry-md-clear cherry-lg-clear\"><\/div><!--\/.cherry-posts-item--><\/div><!--\/.cherry-posts-list-->\n<\/div>\n<\/div><\/div><\/div>\n<div class=\"row  \" ><section class=\"parallax-box image-parallax-box \" style=\"min-height: 300px\"><div class=\"parallax-content\"><div class=\"container\"><div class=\"row row-edge\">\n<div class=\"col-xs-12 col-sm-12 col-md-12 col-lg-12\">\n<div class=\"cherry-spacer   hidden-xs hidden-sm\" style=\"height:224px;\"><\/div><div class=\"cherry-spacer   visible-sm-block\" style=\"height:150px;\"><\/div><div class=\"cherry-spacer   visible-xs-block\" style=\"height:100px;\"><\/div>\n<\/div>\n<div class=\"col-xs-12 col-sm-11 col-md-11 col-lg-11 col-xs-offset-0 col-sm-offset-1 col-md-offset-1 col-lg-offset-1\">\n<div class=\"cherry-banner template-banner_1 type_2 \"><div class=\"banner_1\">\r\n   <h2 class=\"cherry-banner_title\">A driving spirit<\/h2>\r\n   <div class=\"banner_inner\">\r\n      <div class=\"cherry-banner_content\">\n<p><em>OF<\/em> a fashion line<\/p>\n<\/div>\r\n      <a href=\"#\" class=\"cherry-btn cherry-btn-info type_3\"><\/a>\r\n   <\/div>\r\n<\/div><\/div>\n<\/div>\n<div class=\"col-xs-12 col-sm-12 col-md-12 col-lg-12\">\n<div class=\"cherry-spacer   hidden-xs hidden-sm\" style=\"height:207px;\"><\/div><div class=\"cherry-spacer   visible-sm-block\" style=\"height:150px;\"><\/div><div class=\"cherry-spacer   visible-xs-block\" style=\"height:100px;\"><\/div>\n<\/div>\n<\/div><\/div><div class=\"clear\"><\/div><\/div><div class=\"parallax-bg\" data-parallax-type=\"image\" data-img-url=\"https:\/\/innopulse.cat\/wp-content\/uploads\/2017\/04\/DSCF4158.jpg\" data-speed=\"4.5\" data-invert=\"1\" ><\/div><\/section><\/div>\n<div class=\"row  \" ><div class=\"container\"><div class=\"row row-edge\">\n<div class=\"col-xs-12 col-sm-12 col-md-12 col-lg-12\">\n<div class=\"cherry-spacer  \" style=\"height:4px;\"><\/div>\n<\/div>\n<\/div><\/div><\/div>\n","protected":false},"excerpt":{"rendered":"UNDERWEAR &amp; HOMEWEAR \u0421\u043f\u0435\u0446\u0438\u0430\u043b\u0438\u0441\u0442\u0438 \u0441\u043c\u0435\u00a0 \u0432 \u0438\u0437\u0440\u0430\u0431\u043e\u0442\u043a\u0430\u0442\u0430 \u043d\u0430\u00a0 \u043c\u044a\u0436\u043a\u0438 \u0431\u043e\u043a\u0441\u0435\u0440\u0438 \u043e\u0442 \u0442\u0435\u043a\u0441\u0442\u0438\u043b \u0438 \u0442\u0440\u0438\u043a\u043e. \u0421\u044a\u0449\u043e \u0442\u0430\u043a\u0430\u00a0 \u043a\u043e\u043d\u0444\u0435\u043a\u0446\u0438\u043e\u043d\u0438\u0440\u0430\u043c\u0435\u00a0 \u043f\u0438\u0436\u0430\u043c\u0438 \u043e\u0442 \u0442\u0435\u043a\u0441\u0442\u0438\u043b\u00a0 \u0438\u043b\u0438 \u043a\u043e\u043c\u0431\u0438\u043d\u0430\u0446\u0438\u0438 \u043e\u0442 \u0442\u0435\u043a\u0441\u0442\u0438\u043b \u0438 \u0442\u0440\u0438\u043a\u043e.","protected":false},"author":1,"featured_media":0,"parent":0,"menu_order":1,"comment_status":"open","ping_status":"closed","template":"","meta":[],"yoast_head":"<!-- This site is optimized with the Yoast SEO plugin v20.4 - https:\/\/yoast.com\/wordpress\/plugins\/seo\/ -->\n<title>\u043f\u0440\u043e\u0434\u0443\u043a\u0446\u0438\u044f - INNOPULSE, S.L - TEXTILE SOLUTIONS<\/title>\n<meta name=\"robots\" content=\"index, follow, max-snippet:-1, max-image-preview:large, max-video-preview:-1\" \/>\n<link rel=\"canonical\" href=\"https:\/\/innopulse.cat\/bg\/\u043f\u0440\u043e\u0434\u0443\u043a\u0446\u0438\u044f\/\" \/>\n<meta property=\"og:locale\" content=\"bg_BG\" \/>\n<meta property=\"og:type\" content=\"article\" \/>\n<meta property=\"og:title\" content=\"\u043f\u0440\u043e\u0434\u0443\u043a\u0446\u0438\u044f - INNOPULSE, S.L - TEXTILE SOLUTIONS\" \/>\n<meta property=\"og:description\" content=\"UNDERWEAR &amp; HOMEWEAR \u0421\u043f\u0435\u0446\u0438\u0430\u043b\u0438\u0441\u0442\u0438 \u0441\u043c\u0435\u00a0 \u0432 \u0438\u0437\u0440\u0430\u0431\u043e\u0442\u043a\u0430\u0442\u0430 \u043d\u0430\u00a0 \u043c\u044a\u0436\u043a\u0438 \u0431\u043e\u043a\u0441\u0435\u0440\u0438 \u043e\u0442 \u0442\u0435\u043a\u0441\u0442\u0438\u043b \u0438 \u0442\u0440\u0438\u043a\u043e. \u0421\u044a\u0449\u043e \u0442\u0430\u043a\u0430\u00a0 \u043a\u043e\u043d\u0444\u0435\u043a\u0446\u0438\u043e\u043d\u0438\u0440\u0430\u043c\u0435\u00a0 \u043f\u0438\u0436\u0430\u043c\u0438 \u043e\u0442 \u0442\u0435\u043a\u0441\u0442\u0438\u043b\u00a0 \u0438\u043b\u0438 \u043a\u043e\u043c\u0431\u0438\u043d\u0430\u0446\u0438\u0438 \u043e\u0442 \u0442\u0435\u043a\u0441\u0442\u0438\u043b \u0438 \u0442\u0440\u0438\u043a\u043e.\" \/>\n<meta property=\"og:url\" content=\"https:\/\/innopulse.cat\/bg\/\u043f\u0440\u043e\u0434\u0443\u043a\u0446\u0438\u044f\/\" \/>\n<meta property=\"og:site_name\" content=\"INNOPULSE, S.L - TEXTILE SOLUTIONS\" \/>\n<meta property=\"article:modified_time\" content=\"2017-07-14T17:40:43+00:00\" \/>\n<meta name=\"twitter:card\" content=\"summary_large_image\" \/>\n<meta name=\"twitter:label1\" content=\"Est. reading time\" \/>\n\t<meta name=\"twitter:data1\" content=\"1 \u043c\u0438\u043d\u0443\u0442\u0430\" \/>\n<script type=\"application\/ld+json\" class=\"yoast-schema-graph\">{\"@context\":\"https:\/\/schema.org\",\"@graph\":[{\"@type\":\"WebPage\",\"@id\":\"https:\/\/innopulse.cat\/bg\/%d0%bf%d1%80%d0%be%d0%b4%d1%83%d0%ba%d1%86%d0%b8%d1%8f\/\",\"url\":\"https:\/\/innopulse.cat\/bg\/%d0%bf%d1%80%d0%be%d0%b4%d1%83%d0%ba%d1%86%d0%b8%d1%8f\/\",\"name\":\"\u043f\u0440\u043e\u0434\u0443\u043a\u0446\u0438\u044f - INNOPULSE, S.L - TEXTILE SOLUTIONS\",\"isPartOf\":{\"@id\":\"https:\/\/innopulse.cat\/#website\"},\"datePublished\":\"2015-05-25T12:08:50+00:00\",\"dateModified\":\"2017-07-14T17:40:43+00:00\",\"breadcrumb\":{\"@id\":\"https:\/\/innopulse.cat\/bg\/%d0%bf%d1%80%d0%be%d0%b4%d1%83%d0%ba%d1%86%d0%b8%d1%8f\/#breadcrumb\"},\"inLanguage\":\"bg-BG\",\"potentialAction\":[{\"@type\":\"ReadAction\",\"target\":[\"https:\/\/innopulse.cat\/bg\/%d0%bf%d1%80%d0%be%d0%b4%d1%83%d0%ba%d1%86%d0%b8%d1%8f\/\"]}]},{\"@type\":\"BreadcrumbList\",\"@id\":\"https:\/\/innopulse.cat\/bg\/%d0%bf%d1%80%d0%be%d0%b4%d1%83%d0%ba%d1%86%d0%b8%d1%8f\/#breadcrumb\",\"itemListElement\":[{\"@type\":\"ListItem\",\"position\":1,\"name\":\"Portada\",\"item\":\"https:\/\/innopulse.cat\/bg\/\"},{\"@type\":\"ListItem\",\"position\":2,\"name\":\"\u043f\u0440\u043e\u0434\u0443\u043a\u0446\u0438\u044f\"}]},{\"@type\":\"WebSite\",\"@id\":\"https:\/\/innopulse.cat\/#website\",\"url\":\"https:\/\/innopulse.cat\/\",\"name\":\"INNOPULSE, S.L - TEXTILE SOLUTIONS\",\"description\":\"Gesti\u00f3n y producci\u00f3n de confecci\u00f3n textil.\",\"publisher\":{\"@id\":\"https:\/\/innopulse.cat\/#organization\"},\"potentialAction\":[{\"@type\":\"SearchAction\",\"target\":{\"@type\":\"EntryPoint\",\"urlTemplate\":\"https:\/\/innopulse.cat\/?s={search_term_string}\"},\"query-input\":\"required name=search_term_string\"}],\"inLanguage\":\"bg-BG\"},{\"@type\":\"Organization\",\"@id\":\"https:\/\/innopulse.cat\/#organization\",\"name\":\"Innopulse, S.L\",\"url\":\"https:\/\/innopulse.cat\/\",\"logo\":{\"@type\":\"ImageObject\",\"inLanguage\":\"bg-BG\",\"@id\":\"https:\/\/innopulse.cat\/#\/schema\/logo\/image\/\",\"url\":\"https:\/\/innopulse.cat\/wp-content\/uploads\/2017\/04\/innopulse-manteniment.jpg\",\"contentUrl\":\"https:\/\/innopulse.cat\/wp-content\/uploads\/2017\/04\/innopulse-manteniment.jpg\",\"width\":1500,\"height\":386,\"caption\":\"Innopulse, S.L\"},\"image\":{\"@id\":\"https:\/\/innopulse.cat\/#\/schema\/logo\/image\/\"},\"sameAs\":[\"https:\/\/www.instagram.com\/innopulse.textil\/\"]}]}<\/script>\n<!-- \/ Yoast SEO plugin. -->","yoast_head_json":{"title":"\u043f\u0440\u043e\u0434\u0443\u043a\u0446\u0438\u044f - INNOPULSE, S.L - TEXTILE SOLUTIONS","robots":{"index":"index","follow":"follow","max-snippet":"max-snippet:-1","max-image-preview":"max-image-preview:large","max-video-preview":"max-video-preview:-1"},"canonical":"https:\/\/innopulse.cat\/bg\/\u043f\u0440\u043e\u0434\u0443\u043a\u0446\u0438\u044f\/","og_locale":"bg_BG","og_type":"article","og_title":"\u043f\u0440\u043e\u0434\u0443\u043a\u0446\u0438\u044f - INNOPULSE, S.L - TEXTILE SOLUTIONS","og_description":"UNDERWEAR &amp; HOMEWEAR \u0421\u043f\u0435\u0446\u0438\u0430\u043b\u0438\u0441\u0442\u0438 \u0441\u043c\u0435\u00a0 \u0432 \u0438\u0437\u0440\u0430\u0431\u043e\u0442\u043a\u0430\u0442\u0430 \u043d\u0430\u00a0 \u043c\u044a\u0436\u043a\u0438 \u0431\u043e\u043a\u0441\u0435\u0440\u0438 \u043e\u0442 \u0442\u0435\u043a\u0441\u0442\u0438\u043b \u0438 \u0442\u0440\u0438\u043a\u043e. \u0421\u044a\u0449\u043e \u0442\u0430\u043a\u0430\u00a0 \u043a\u043e\u043d\u0444\u0435\u043a\u0446\u0438\u043e\u043d\u0438\u0440\u0430\u043c\u0435\u00a0 \u043f\u0438\u0436\u0430\u043c\u0438 \u043e\u0442 \u0442\u0435\u043a\u0441\u0442\u0438\u043b\u00a0 \u0438\u043b\u0438 \u043a\u043e\u043c\u0431\u0438\u043d\u0430\u0446\u0438\u0438 \u043e\u0442 \u0442\u0435\u043a\u0441\u0442\u0438\u043b \u0438 \u0442\u0440\u0438\u043a\u043e.","og_url":"https:\/\/innopulse.cat\/bg\/\u043f\u0440\u043e\u0434\u0443\u043a\u0446\u0438\u044f\/","og_site_name":"INNOPULSE, S.L - TEXTILE SOLUTIONS","article_modified_time":"2017-07-14T17:40:43+00:00","twitter_card":"summary_large_image","twitter_misc":{"Est. reading time":"1 \u043c\u0438\u043d\u0443\u0442\u0430"},"schema":{"@context":"https:\/\/schema.org","@graph":[{"@type":"WebPage","@id":"https:\/\/innopulse.cat\/bg\/%d0%bf%d1%80%d0%be%d0%b4%d1%83%d0%ba%d1%86%d0%b8%d1%8f\/","url":"https:\/\/innopulse.cat\/bg\/%d0%bf%d1%80%d0%be%d0%b4%d1%83%d0%ba%d1%86%d0%b8%d1%8f\/","name":"\u043f\u0440\u043e\u0434\u0443\u043a\u0446\u0438\u044f - INNOPULSE, S.L - TEXTILE SOLUTIONS","isPartOf":{"@id":"https:\/\/innopulse.cat\/#website"},"datePublished":"2015-05-25T12:08:50+00:00","dateModified":"2017-07-14T17:40:43+00:00","breadcrumb":{"@id":"https:\/\/innopulse.cat\/bg\/%d0%bf%d1%80%d0%be%d0%b4%d1%83%d0%ba%d1%86%d0%b8%d1%8f\/#breadcrumb"},"inLanguage":"bg-BG","potentialAction":[{"@type":"ReadAction","target":["https:\/\/innopulse.cat\/bg\/%d0%bf%d1%80%d0%be%d0%b4%d1%83%d0%ba%d1%86%d0%b8%d1%8f\/"]}]},{"@type":"BreadcrumbList","@id":"https:\/\/innopulse.cat\/bg\/%d0%bf%d1%80%d0%be%d0%b4%d1%83%d0%ba%d1%86%d0%b8%d1%8f\/#breadcrumb","itemListElement":[{"@type":"ListItem","position":1,"name":"Portada","item":"https:\/\/innopulse.cat\/bg\/"},{"@type":"ListItem","position":2,"name":"\u043f\u0440\u043e\u0434\u0443\u043a\u0446\u0438\u044f"}]},{"@type":"WebSite","@id":"https:\/\/innopulse.cat\/#website","url":"https:\/\/innopulse.cat\/","name":"INNOPULSE, S.L - TEXTILE SOLUTIONS","description":"Gesti\u00f3n y producci\u00f3n de confecci\u00f3n textil.","publisher":{"@id":"https:\/\/innopulse.cat\/#organization"},"potentialAction":[{"@type":"SearchAction","target":{"@type":"EntryPoint","urlTemplate":"https:\/\/innopulse.cat\/?s={search_term_string}"},"query-input":"required name=search_term_string"}],"inLanguage":"bg-BG"},{"@type":"Organization","@id":"https:\/\/innopulse.cat\/#organization","name":"Innopulse, S.L","url":"https:\/\/innopulse.cat\/","logo":{"@type":"ImageObject","inLanguage":"bg-BG","@id":"https:\/\/innopulse.cat\/#\/schema\/logo\/image\/","url":"https:\/\/innopulse.cat\/wp-content\/uploads\/2017\/04\/innopulse-manteniment.jpg","contentUrl":"https:\/\/innopulse.cat\/wp-content\/uploads\/2017\/04\/innopulse-manteniment.jpg","width":1500,"height":386,"caption":"Innopulse, S.L"},"image":{"@id":"https:\/\/innopulse.cat\/#\/schema\/logo\/image\/"},"sameAs":["https:\/\/www.instagram.com\/innopulse.textil\/"]}]}},"_links":{"self":[{"href":"https:\/\/innopulse.cat\/bg\/wp-json\/wp\/v2\/pages\/1252"}],"collection":[{"href":"https:\/\/innopulse.cat\/bg\/wp-json\/wp\/v2\/pages"}],"about":[{"href":"https:\/\/innopulse.cat\/bg\/wp-json\/wp\/v2\/types\/page"}],"author":[{"embeddable":true,"href":"https:\/\/innopulse.cat\/bg\/wp-json\/wp\/v2\/users\/1"}],"replies":[{"embeddable":true,"href":"https:\/\/innopulse.cat\/bg\/wp-json\/wp\/v2\/comments?post=1252"}],"version-history":[{"count":3,"href":"https:\/\/innopulse.cat\/bg\/wp-json\/wp\/v2\/pages\/1252\/revisions"}],"predecessor-version":[{"id":1272,"href":"https:\/\/innopulse.cat\/bg\/wp-json\/wp\/v2\/pages\/1252\/revisions\/1272"}],"wp:attachment":[{"href":"https:\/\/innopulse.cat\/bg\/wp-json\/wp\/v2\/media?parent=1252"}],"curies":[{"name":"wp","href":"https:\/\/api.w.org\/{rel}","templated":true}]}}