{"id":1258,"date":"2017-04-07T12:37:39","date_gmt":"2017-04-07T12:37:39","guid":{"rendered":"https:\/\/innopulse.cat\/%d0%bf%d1%80%d0%be%d0%b4%d1%83%d0%ba%d1%86%d0%b8%d1%8f\/jackets-coats\/"},"modified":"2017-07-14T17:44:03","modified_gmt":"2017-07-14T17:44:03","slug":"jackets-coats","status":"publish","type":"page","link":"https:\/\/innopulse.cat\/bg\/%d0%bf%d1%80%d0%be%d0%b4%d1%83%d0%ba%d1%86%d0%b8%d1%8f\/jackets-coats\/","title":{"rendered":"Jackets &#038; Coats"},"content":{"rendered":"<div class=\"row row-edge  \" >\n<div class=\"col-md-12 col-xs-offset-0 col-sm-offset-0 col-md-offset-0 col-lg-offset-0 col-xs-pull-0 col-sm-pull-0 col-md-pull-0 col-lg-pull-0 col-xs-push-0 col-sm-push-0 col-md-push-0 col-lg-push-0\">\n<div class=\"row row-edge  \" >\n<div class=\"col-md-12 col-xs-offset-0 col-sm-offset-0 col-md-offset-0 col-lg-offset-0 col-xs-pull-0 col-sm-pull-0 col-md-pull-0 col-lg-pull-0 col-xs-push-0 col-sm-push-0 col-md-push-0 col-lg-push-0\">\n<div class=\"cherry-spacer   hidden-xs hidden-sm\" style=\"height:20px;\"><\/div><div class=\"cherry-spacer   visible-sm-block\" style=\"height:20px;\"><\/div><div class=\"cherry-spacer   visible-xs-block\" style=\"height:20px;\"><\/div>\n<\/div>\n<\/div>\n<div class=\"row row-edge  \" >\n<div class=\"col-md-6 col-xs-offset-0 col-sm-offset-0 col-md-offset-0 col-lg-offset-0 col-xs-pull-0 col-sm-pull-0 col-md-pull-0 col-lg-pull-0 col-xs-push-0 col-sm-push-0 col-md-push-0 col-lg-push-0\">\n<div class=\"cherry-box   box-711\"><div class=\"inner\">\n<p><strong>JACKETS &amp; COATS<\/strong><\/p>\n<\/div><\/div>\n<\/div>\n<div class=\"col-md-6\">\n<p>\u041a\u043e\u043d\u0444\u0435\u043a\u0446\u0438\u043e\u043d\u0438\u0440\u0430\u043c\u0435 \u043f\u0430\u043b\u0442\u0430 \u0438 \u044f\u043a\u0435\u0442\u0430 \u2013 \u0437\u0430 \u043c\u044a\u0436\u0435 \u0438 \u0436\u0435\u043d\u0438. \u041f\u0430\u043b\u0442\u0430 \u043e\u0442 \u0432\u044a\u043b\u043d\u0430 \u0438 \u044f\u043a\u0435\u0442\u0430 \u043e\u0442 \u0448\u0443\u0448\u043b\u044f\u043a. \u0412\u0430\u0442\u0438\u0440\u0430\u043d\u0438 \u044f\u043a\u0435\u0442\u0430 ,\u0430 \u0441\u044a\u0449\u043e \u0442\u0430\u043a\u0430\u00a0 \u043f\u043e\u0441\u0442\u0430\u0432\u044f\u043c\u0435\u00a0 \u0432\u0441\u0438\u0447\u043a\u0438 \u0432\u0438\u0434\u043e\u0432\u0435 \u043c\u0435\u0442\u0430\u043b\u043d\u0438 \u043a\u043e\u043f\u0447\u0435\u0442\u0430 \u0438 \u0435\u043b\u0435\u043c\u0435\u043d\u0442\u0438. \u0418\u0437\u0440\u0430\u0431\u043e\u0442\u0432\u0430\u043c\u0435\u00a0 \u0448\u043b\u0438\u0444\u0435\u0440\u0438, \u0448\u0443\u0431\u0438 \u0438 \u0432\u0441\u0438\u0447\u043a\u0438 \u0432\u0438\u0434\u043e\u0432\u0435 \u0432\u0440\u044a\u0445\u043d\u0430 \u0434\u0440\u0435\u0445\u0430.<\/p>\n<div style=\"text-align: justify;\"><\/div>\n<\/div>\n<\/div>\n<div class=\"row row-edge  \" >\n<div class=\"col-md-12 col-xs-offset-0 col-sm-offset-0 col-md-offset-0 col-lg-offset-0 col-xs-pull-0 col-sm-pull-0 col-md-pull-0 col-lg-pull-0 col-xs-push-0 col-sm-push-0 col-md-push-0 col-lg-push-0\">\n<div class=\"cherry-spacer   hidden-xs hidden-sm\" style=\"height:20px;\"><\/div><div class=\"cherry-spacer   visible-sm-block\" style=\"height:20px;\"><\/div><div class=\"cherry-spacer   visible-xs-block\" style=\"height:20px;\"><\/div>\n<\/div>\n<\/div>\n<\/div>\n<\/div>\n<div class=\"row row-edge  \" >\n<div class=\"col-md-12 col-xs-offset-0 col-sm-offset-0 col-md-offset-0 col-lg-offset-0 col-xs-pull-0 col-sm-pull-0 col-md-pull-0 col-lg-pull-0 col-xs-push-0 col-sm-push-0 col-md-push-0 col-lg-push-0\">\n<div class=\"motopress-grid-gallery-obj motopress-grid-gallery-obj-basic motopress-grid-gallery-need-recalc\" id=\"6a05d1d13005e\">\n<div class=\"mp-row-fluid\">\n<div class=\"mp-span4\"><a href=\"https:\/\/innopulse.cat\/wp-content\/uploads\/2017\/06\/DSCF4635.jpg\" data-action=\"motopressGalleryLightbox\" target=\"_self\" title=\"innopulse JACKETS &#038; COATS 12\"><img decoding=\"async\" src=\"https:\/\/innopulse.cat\/wp-content\/uploads\/2017\/06\/DSCF4635-1024x683.jpg\" title=\"innopulse JACKETS &amp; COATS 12\" alt=\"innopulse JACKETS &#038; COATS 12\" \/><\/a><\/div>\n<div class=\"mp-span4\"><a href=\"https:\/\/innopulse.cat\/wp-content\/uploads\/2017\/06\/DSCF4613.jpg\" data-action=\"motopressGalleryLightbox\" target=\"_self\" title=\"innopulse JACKETS &#038; COATS 11\"><img decoding=\"async\" src=\"https:\/\/innopulse.cat\/wp-content\/uploads\/2017\/06\/DSCF4613-1024x683.jpg\" title=\"innopulse JACKETS &amp; COATS 11\" alt=\"innopulse JACKETS &#038; COATS 11\" \/><\/a><\/div>\n<div class=\"mp-span4\"><a href=\"https:\/\/innopulse.cat\/wp-content\/uploads\/2017\/06\/DSCF4536.jpg\" data-action=\"motopressGalleryLightbox\" target=\"_self\" title=\"innopulse JACKETS &#038; COATS 10\"><img decoding=\"async\" src=\"https:\/\/innopulse.cat\/wp-content\/uploads\/2017\/06\/DSCF4536-1024x683.jpg\" title=\"innopulse JACKETS &amp; COATS 10\" alt=\"innopulse JACKETS &#038; COATS 10\" \/><\/a><\/div>\n<\/div>\n<div class=\"mp-row-fluid\">\n<div class=\"mp-span4\"><a href=\"https:\/\/innopulse.cat\/wp-content\/uploads\/2017\/06\/DSCF4530.jpg\" data-action=\"motopressGalleryLightbox\" target=\"_self\" title=\"innopulse JACKETS &#038; COATS 9\"><img decoding=\"async\" src=\"https:\/\/innopulse.cat\/wp-content\/uploads\/2017\/06\/DSCF4530-1024x683.jpg\" title=\"innopulse JACKETS &amp; COATS 9\" alt=\"innopulse JACKETS &#038; COATS 9\" \/><\/a><\/div>\n<div class=\"mp-span4\"><a href=\"https:\/\/innopulse.cat\/wp-content\/uploads\/2017\/06\/DSCF4507.jpg\" data-action=\"motopressGalleryLightbox\" target=\"_self\" title=\"innopulse JACKETS &#038; COATS 8\"><img decoding=\"async\" src=\"https:\/\/innopulse.cat\/wp-content\/uploads\/2017\/06\/DSCF4507-1024x683.jpg\" title=\"innopulse JACKETS &amp; COATS 8\" alt=\"innopulse JACKETS &#038; COATS 8\" \/><\/a><\/div>\n<div class=\"mp-span4\"><a href=\"https:\/\/innopulse.cat\/wp-content\/uploads\/2017\/06\/DSCF4500.jpg\" data-action=\"motopressGalleryLightbox\" target=\"_self\" title=\"innopulse JACKETS &#038; COATS 7\"><img decoding=\"async\" src=\"https:\/\/innopulse.cat\/wp-content\/uploads\/2017\/06\/DSCF4500-1024x683.jpg\" title=\"innopulse JACKETS &amp; COATS 7\" alt=\"innopulse JACKETS &#038; COATS 7\" \/><\/a><\/div>\n<\/div>\n<div class=\"mp-row-fluid\">\n<div class=\"mp-span4\"><a href=\"https:\/\/innopulse.cat\/wp-content\/uploads\/2017\/06\/DSCF4479.jpg\" data-action=\"motopressGalleryLightbox\" target=\"_self\" title=\"innopulse JACKETS &#038; COATS 6\"><img decoding=\"async\" src=\"https:\/\/innopulse.cat\/wp-content\/uploads\/2017\/06\/DSCF4479-1024x683.jpg\" title=\"innopulse JACKETS &amp; COATS 6\" alt=\"innopulse JACKETS &#038; COATS 6\" \/><\/a><\/div>\n<div class=\"mp-span4\"><a href=\"https:\/\/innopulse.cat\/wp-content\/uploads\/2017\/06\/DSCF4445.jpg\" data-action=\"motopressGalleryLightbox\" target=\"_self\" title=\"innopulse JACKETS &#038; COATS 5\"><img decoding=\"async\" src=\"https:\/\/innopulse.cat\/wp-content\/uploads\/2017\/06\/DSCF4445-1024x683.jpg\" title=\"innopulse JACKETS &amp; COATS 5\" alt=\"innopulse JACKETS &#038; COATS 5\" \/><\/a><\/div>\n<div class=\"mp-span4\"><a href=\"https:\/\/innopulse.cat\/wp-content\/uploads\/2017\/06\/DSCF4366.jpg\" data-action=\"motopressGalleryLightbox\" target=\"_self\" title=\"innopulse JACKETS &#038; COATS 4\"><img decoding=\"async\" src=\"https:\/\/innopulse.cat\/wp-content\/uploads\/2017\/06\/DSCF4366-1024x683.jpg\" title=\"innopulse JACKETS &amp; COATS 4\" alt=\"innopulse JACKETS &#038; COATS 4\" \/><\/a><\/div>\n<\/div>\n<div class=\"mp-row-fluid\">\n<div class=\"mp-span4\"><a href=\"https:\/\/innopulse.cat\/wp-content\/uploads\/2017\/06\/DSCF4224.jpg\" data-action=\"motopressGalleryLightbox\" target=\"_self\" title=\"innopulse JACKETS &#038; COATS 3\"><img decoding=\"async\" src=\"https:\/\/innopulse.cat\/wp-content\/uploads\/2017\/06\/DSCF4224-1024x683.jpg\" title=\"innopulse JACKETS &amp; COATS 3\" alt=\"innopulse JACKETS &#038; COATS 3\" \/><\/a><\/div>\n<div class=\"mp-span4\"><a href=\"https:\/\/innopulse.cat\/wp-content\/uploads\/2017\/06\/DSCF4150.jpg\" data-action=\"motopressGalleryLightbox\" target=\"_self\" title=\"innopulse JACKETS &#038; COATS 2\"><img decoding=\"async\" src=\"https:\/\/innopulse.cat\/wp-content\/uploads\/2017\/06\/DSCF4150-1024x683.jpg\" title=\"innopulse JACKETS &amp; COATS 2\" alt=\"innopulse JACKETS &#038; COATS 2\" \/><\/a><\/div>\n<div class=\"mp-span4\"><a href=\"https:\/\/innopulse.cat\/wp-content\/uploads\/2017\/06\/DSCF4073.jpg\" data-action=\"motopressGalleryLightbox\" target=\"_self\" title=\"innopulse JACKETS &#038; COATS\"><img decoding=\"async\" src=\"https:\/\/innopulse.cat\/wp-content\/uploads\/2017\/06\/DSCF4073-1024x683.jpg\" title=\"innopulse JACKETS &amp; COATS\" alt=\"innopulse JACKETS &#038; COATS\" \/><\/a><\/div>\n<\/div>\n<p class=\"motopress-hide-script\"><script>jQuery(function(){\n                mpRecalcGridGalleryMargins(jQuery('#6a05d1d13005e'));\n            });<\/script><\/p>\n<\/div>\n<\/div>\n<\/div>\n","protected":false},"excerpt":{"rendered":"JACKETS &amp; COATS \u041a\u043e\u043d\u0444\u0435\u043a\u0446\u0438\u043e\u043d\u0438\u0440\u0430\u043c\u0435 \u043f\u0430\u043b\u0442\u0430 \u0438 \u044f\u043a\u0435\u0442\u0430 \u2013 \u0437\u0430 \u043c\u044a\u0436\u0435 \u0438 \u0436\u0435\u043d\u0438. \u041f\u0430\u043b\u0442\u0430 \u043e\u0442 \u0432\u044a\u043b\u043d\u0430 \u0438 \u044f\u043a\u0435\u0442\u0430 \u043e\u0442 \u0448\u0443\u0448\u043b\u044f\u043a. \u0412\u0430\u0442\u0438\u0440\u0430\u043d\u0438 \u044f\u043a\u0435\u0442\u0430 ,\u0430 \u0441\u044a\u0449\u043e \u0442\u0430\u043a\u0430\u00a0 \u043f\u043e\u0441\u0442\u0430\u0432\u044f\u043c\u0435\u00a0 \u0432\u0441\u0438\u0447\u043a\u0438 \u0432\u0438\u0434\u043e\u0432\u0435 \u043c\u0435\u0442\u0430\u043b\u043d\u0438 \u043a\u043e\u043f\u0447\u0435\u0442\u0430 \u0438 \u0435\u043b\u0435\u043c\u0435\u043d\u0442\u0438. \u0418\u0437\u0440\u0430\u0431\u043e\u0442\u0432\u0430\u043c\u0435\u00a0 \u0448\u043b\u0438\u0444\u0435\u0440\u0438, \u0448\u0443\u0431\u0438 \u0438 \u0432\u0441\u0438\u0447\u043a\u0438 \u0432\u0438\u0434\u043e\u0432\u0435 \u0432\u0440\u044a\u0445\u043d\u0430 \u0434\u0440\u0435\u0445\u0430.","protected":false},"author":1,"featured_media":996,"parent":1252,"menu_order":0,"comment_status":"closed","ping_status":"closed","template":"","meta":[],"yoast_head":"<!-- This site is optimized with the Yoast SEO plugin v20.4 - https:\/\/yoast.com\/wordpress\/plugins\/seo\/ -->\n<title>Jackets &amp; Coats - INNOPULSE, S.L - TEXTILE SOLUTIONS<\/title>\n<meta name=\"robots\" content=\"index, follow, max-snippet:-1, max-image-preview:large, max-video-preview:-1\" \/>\n<link rel=\"canonical\" href=\"https:\/\/innopulse.cat\/bg\/\u043f\u0440\u043e\u0434\u0443\u043a\u0446\u0438\u044f\/jackets-coats\/\" \/>\n<meta property=\"og:locale\" content=\"bg_BG\" \/>\n<meta property=\"og:type\" content=\"article\" \/>\n<meta property=\"og:title\" content=\"Jackets &amp; Coats - INNOPULSE, S.L - TEXTILE SOLUTIONS\" \/>\n<meta property=\"og:description\" content=\"JACKETS &amp; COATS \u041a\u043e\u043d\u0444\u0435\u043a\u0446\u0438\u043e\u043d\u0438\u0440\u0430\u043c\u0435 \u043f\u0430\u043b\u0442\u0430 \u0438 \u044f\u043a\u0435\u0442\u0430 \u2013 \u0437\u0430 \u043c\u044a\u0436\u0435 \u0438 \u0436\u0435\u043d\u0438. \u041f\u0430\u043b\u0442\u0430 \u043e\u0442 \u0432\u044a\u043b\u043d\u0430 \u0438 \u044f\u043a\u0435\u0442\u0430 \u043e\u0442 \u0448\u0443\u0448\u043b\u044f\u043a. \u0412\u0430\u0442\u0438\u0440\u0430\u043d\u0438 \u044f\u043a\u0435\u0442\u0430 ,\u0430 \u0441\u044a\u0449\u043e \u0442\u0430\u043a\u0430\u00a0 \u043f\u043e\u0441\u0442\u0430\u0432\u044f\u043c\u0435\u00a0 \u0432\u0441\u0438\u0447\u043a\u0438 \u0432\u0438\u0434\u043e\u0432\u0435 \u043c\u0435\u0442\u0430\u043b\u043d\u0438 \u043a\u043e\u043f\u0447\u0435\u0442\u0430 \u0438 \u0435\u043b\u0435\u043c\u0435\u043d\u0442\u0438. \u0418\u0437\u0440\u0430\u0431\u043e\u0442\u0432\u0430\u043c\u0435\u00a0 \u0448\u043b\u0438\u0444\u0435\u0440\u0438, \u0448\u0443\u0431\u0438 \u0438 \u0432\u0441\u0438\u0447\u043a\u0438 \u0432\u0438\u0434\u043e\u0432\u0435 \u0432\u0440\u044a\u0445\u043d\u0430 \u0434\u0440\u0435\u0445\u0430.\" \/>\n<meta property=\"og:url\" content=\"https:\/\/innopulse.cat\/bg\/\u043f\u0440\u043e\u0434\u0443\u043a\u0446\u0438\u044f\/jackets-coats\/\" \/>\n<meta property=\"og:site_name\" content=\"INNOPULSE, S.L - TEXTILE SOLUTIONS\" \/>\n<meta property=\"article:modified_time\" content=\"2017-07-14T17:44:03+00:00\" \/>\n<meta property=\"og:image\" content=\"https:\/\/innopulse.cat\/wp-content\/uploads\/2017\/06\/DSCF4366.jpg\" \/>\n\t<meta property=\"og:image:width\" content=\"2050\" \/>\n\t<meta property=\"og:image:height\" content=\"1367\" \/>\n\t<meta property=\"og:image:type\" content=\"image\/jpeg\" \/>\n<meta name=\"twitter:card\" content=\"summary_large_image\" \/>\n<meta name=\"twitter:label1\" content=\"Est. reading time\" \/>\n\t<meta name=\"twitter:data1\" content=\"3 \u043c\u0438\u043d\u0443\u0442\u0438\" \/>\n<script type=\"application\/ld+json\" class=\"yoast-schema-graph\">{\"@context\":\"https:\/\/schema.org\",\"@graph\":[{\"@type\":\"WebPage\",\"@id\":\"https:\/\/innopulse.cat\/bg\/%d0%bf%d1%80%d0%be%d0%b4%d1%83%d0%ba%d1%86%d0%b8%d1%8f\/jackets-coats\/\",\"url\":\"https:\/\/innopulse.cat\/bg\/%d0%bf%d1%80%d0%be%d0%b4%d1%83%d0%ba%d1%86%d0%b8%d1%8f\/jackets-coats\/\",\"name\":\"Jackets & Coats - INNOPULSE, S.L - TEXTILE SOLUTIONS\",\"isPartOf\":{\"@id\":\"https:\/\/innopulse.cat\/#website\"},\"datePublished\":\"2017-04-07T12:37:39+00:00\",\"dateModified\":\"2017-07-14T17:44:03+00:00\",\"breadcrumb\":{\"@id\":\"https:\/\/innopulse.cat\/bg\/%d0%bf%d1%80%d0%be%d0%b4%d1%83%d0%ba%d1%86%d0%b8%d1%8f\/jackets-coats\/#breadcrumb\"},\"inLanguage\":\"bg-BG\",\"potentialAction\":[{\"@type\":\"ReadAction\",\"target\":[\"https:\/\/innopulse.cat\/bg\/%d0%bf%d1%80%d0%be%d0%b4%d1%83%d0%ba%d1%86%d0%b8%d1%8f\/jackets-coats\/\"]}]},{\"@type\":\"BreadcrumbList\",\"@id\":\"https:\/\/innopulse.cat\/bg\/%d0%bf%d1%80%d0%be%d0%b4%d1%83%d0%ba%d1%86%d0%b8%d1%8f\/jackets-coats\/#breadcrumb\",\"itemListElement\":[{\"@type\":\"ListItem\",\"position\":1,\"name\":\"Portada\",\"item\":\"https:\/\/innopulse.cat\/bg\/\"},{\"@type\":\"ListItem\",\"position\":2,\"name\":\"\u043f\u0440\u043e\u0434\u0443\u043a\u0446\u0438\u044f\",\"item\":\"https:\/\/innopulse.cat\/bg\/%d0%bf%d1%80%d0%be%d0%b4%d1%83%d0%ba%d1%86%d0%b8%d1%8f\/\"},{\"@type\":\"ListItem\",\"position\":3,\"name\":\"Jackets &#038; Coats\"}]},{\"@type\":\"WebSite\",\"@id\":\"https:\/\/innopulse.cat\/#website\",\"url\":\"https:\/\/innopulse.cat\/\",\"name\":\"INNOPULSE, S.L - TEXTILE SOLUTIONS\",\"description\":\"Gesti\u00f3n y producci\u00f3n de confecci\u00f3n textil.\",\"publisher\":{\"@id\":\"https:\/\/innopulse.cat\/#organization\"},\"potentialAction\":[{\"@type\":\"SearchAction\",\"target\":{\"@type\":\"EntryPoint\",\"urlTemplate\":\"https:\/\/innopulse.cat\/?s={search_term_string}\"},\"query-input\":\"required name=search_term_string\"}],\"inLanguage\":\"bg-BG\"},{\"@type\":\"Organization\",\"@id\":\"https:\/\/innopulse.cat\/#organization\",\"name\":\"Innopulse, S.L\",\"url\":\"https:\/\/innopulse.cat\/\",\"logo\":{\"@type\":\"ImageObject\",\"inLanguage\":\"bg-BG\",\"@id\":\"https:\/\/innopulse.cat\/#\/schema\/logo\/image\/\",\"url\":\"https:\/\/innopulse.cat\/wp-content\/uploads\/2017\/04\/innopulse-manteniment.jpg\",\"contentUrl\":\"https:\/\/innopulse.cat\/wp-content\/uploads\/2017\/04\/innopulse-manteniment.jpg\",\"width\":1500,\"height\":386,\"caption\":\"Innopulse, S.L\"},\"image\":{\"@id\":\"https:\/\/innopulse.cat\/#\/schema\/logo\/image\/\"},\"sameAs\":[\"https:\/\/www.instagram.com\/innopulse.textil\/\"]}]}<\/script>\n<!-- \/ Yoast SEO plugin. -->","yoast_head_json":{"title":"Jackets & Coats - INNOPULSE, S.L - TEXTILE SOLUTIONS","robots":{"index":"index","follow":"follow","max-snippet":"max-snippet:-1","max-image-preview":"max-image-preview:large","max-video-preview":"max-video-preview:-1"},"canonical":"https:\/\/innopulse.cat\/bg\/\u043f\u0440\u043e\u0434\u0443\u043a\u0446\u0438\u044f\/jackets-coats\/","og_locale":"bg_BG","og_type":"article","og_title":"Jackets & Coats - INNOPULSE, S.L - TEXTILE SOLUTIONS","og_description":"JACKETS &amp; COATS \u041a\u043e\u043d\u0444\u0435\u043a\u0446\u0438\u043e\u043d\u0438\u0440\u0430\u043c\u0435 \u043f\u0430\u043b\u0442\u0430 \u0438 \u044f\u043a\u0435\u0442\u0430 \u2013 \u0437\u0430 \u043c\u044a\u0436\u0435 \u0438 \u0436\u0435\u043d\u0438. \u041f\u0430\u043b\u0442\u0430 \u043e\u0442 \u0432\u044a\u043b\u043d\u0430 \u0438 \u044f\u043a\u0435\u0442\u0430 \u043e\u0442 \u0448\u0443\u0448\u043b\u044f\u043a. \u0412\u0430\u0442\u0438\u0440\u0430\u043d\u0438 \u044f\u043a\u0435\u0442\u0430 ,\u0430 \u0441\u044a\u0449\u043e \u0442\u0430\u043a\u0430\u00a0 \u043f\u043e\u0441\u0442\u0430\u0432\u044f\u043c\u0435\u00a0 \u0432\u0441\u0438\u0447\u043a\u0438 \u0432\u0438\u0434\u043e\u0432\u0435 \u043c\u0435\u0442\u0430\u043b\u043d\u0438 \u043a\u043e\u043f\u0447\u0435\u0442\u0430 \u0438 \u0435\u043b\u0435\u043c\u0435\u043d\u0442\u0438. \u0418\u0437\u0440\u0430\u0431\u043e\u0442\u0432\u0430\u043c\u0435\u00a0 \u0448\u043b\u0438\u0444\u0435\u0440\u0438, \u0448\u0443\u0431\u0438 \u0438 \u0432\u0441\u0438\u0447\u043a\u0438 \u0432\u0438\u0434\u043e\u0432\u0435 \u0432\u0440\u044a\u0445\u043d\u0430 \u0434\u0440\u0435\u0445\u0430.","og_url":"https:\/\/innopulse.cat\/bg\/\u043f\u0440\u043e\u0434\u0443\u043a\u0446\u0438\u044f\/jackets-coats\/","og_site_name":"INNOPULSE, S.L - TEXTILE SOLUTIONS","article_modified_time":"2017-07-14T17:44:03+00:00","og_image":[{"width":2050,"height":1367,"url":"https:\/\/innopulse.cat\/wp-content\/uploads\/2017\/06\/DSCF4366.jpg","type":"image\/jpeg"}],"twitter_card":"summary_large_image","twitter_misc":{"Est. reading time":"3 \u043c\u0438\u043d\u0443\u0442\u0438"},"schema":{"@context":"https:\/\/schema.org","@graph":[{"@type":"WebPage","@id":"https:\/\/innopulse.cat\/bg\/%d0%bf%d1%80%d0%be%d0%b4%d1%83%d0%ba%d1%86%d0%b8%d1%8f\/jackets-coats\/","url":"https:\/\/innopulse.cat\/bg\/%d0%bf%d1%80%d0%be%d0%b4%d1%83%d0%ba%d1%86%d0%b8%d1%8f\/jackets-coats\/","name":"Jackets & Coats - INNOPULSE, S.L - TEXTILE SOLUTIONS","isPartOf":{"@id":"https:\/\/innopulse.cat\/#website"},"datePublished":"2017-04-07T12:37:39+00:00","dateModified":"2017-07-14T17:44:03+00:00","breadcrumb":{"@id":"https:\/\/innopulse.cat\/bg\/%d0%bf%d1%80%d0%be%d0%b4%d1%83%d0%ba%d1%86%d0%b8%d1%8f\/jackets-coats\/#breadcrumb"},"inLanguage":"bg-BG","potentialAction":[{"@type":"ReadAction","target":["https:\/\/innopulse.cat\/bg\/%d0%bf%d1%80%d0%be%d0%b4%d1%83%d0%ba%d1%86%d0%b8%d1%8f\/jackets-coats\/"]}]},{"@type":"BreadcrumbList","@id":"https:\/\/innopulse.cat\/bg\/%d0%bf%d1%80%d0%be%d0%b4%d1%83%d0%ba%d1%86%d0%b8%d1%8f\/jackets-coats\/#breadcrumb","itemListElement":[{"@type":"ListItem","position":1,"name":"Portada","item":"https:\/\/innopulse.cat\/bg\/"},{"@type":"ListItem","position":2,"name":"\u043f\u0440\u043e\u0434\u0443\u043a\u0446\u0438\u044f","item":"https:\/\/innopulse.cat\/bg\/%d0%bf%d1%80%d0%be%d0%b4%d1%83%d0%ba%d1%86%d0%b8%d1%8f\/"},{"@type":"ListItem","position":3,"name":"Jackets &#038; Coats"}]},{"@type":"WebSite","@id":"https:\/\/innopulse.cat\/#website","url":"https:\/\/innopulse.cat\/","name":"INNOPULSE, S.L - TEXTILE SOLUTIONS","description":"Gesti\u00f3n y producci\u00f3n de confecci\u00f3n textil.","publisher":{"@id":"https:\/\/innopulse.cat\/#organization"},"potentialAction":[{"@type":"SearchAction","target":{"@type":"EntryPoint","urlTemplate":"https:\/\/innopulse.cat\/?s={search_term_string}"},"query-input":"required name=search_term_string"}],"inLanguage":"bg-BG"},{"@type":"Organization","@id":"https:\/\/innopulse.cat\/#organization","name":"Innopulse, S.L","url":"https:\/\/innopulse.cat\/","logo":{"@type":"ImageObject","inLanguage":"bg-BG","@id":"https:\/\/innopulse.cat\/#\/schema\/logo\/image\/","url":"https:\/\/innopulse.cat\/wp-content\/uploads\/2017\/04\/innopulse-manteniment.jpg","contentUrl":"https:\/\/innopulse.cat\/wp-content\/uploads\/2017\/04\/innopulse-manteniment.jpg","width":1500,"height":386,"caption":"Innopulse, S.L"},"image":{"@id":"https:\/\/innopulse.cat\/#\/schema\/logo\/image\/"},"sameAs":["https:\/\/www.instagram.com\/innopulse.textil\/"]}]}},"_links":{"self":[{"href":"https:\/\/innopulse.cat\/bg\/wp-json\/wp\/v2\/pages\/1258"}],"collection":[{"href":"https:\/\/innopulse.cat\/bg\/wp-json\/wp\/v2\/pages"}],"about":[{"href":"https:\/\/innopulse.cat\/bg\/wp-json\/wp\/v2\/types\/page"}],"author":[{"embeddable":true,"href":"https:\/\/innopulse.cat\/bg\/wp-json\/wp\/v2\/users\/1"}],"replies":[{"embeddable":true,"href":"https:\/\/innopulse.cat\/bg\/wp-json\/wp\/v2\/comments?post=1258"}],"version-history":[{"count":2,"href":"https:\/\/innopulse.cat\/bg\/wp-json\/wp\/v2\/pages\/1258\/revisions"}],"predecessor-version":[{"id":1273,"href":"https:\/\/innopulse.cat\/bg\/wp-json\/wp\/v2\/pages\/1258\/revisions\/1273"}],"up":[{"embeddable":true,"href":"https:\/\/innopulse.cat\/bg\/wp-json\/wp\/v2\/pages\/1252"}],"wp:featuredmedia":[{"embeddable":true,"href":"https:\/\/innopulse.cat\/bg\/wp-json\/wp\/v2\/media\/996"}],"wp:attachment":[{"href":"https:\/\/innopulse.cat\/bg\/wp-json\/wp\/v2\/media?parent=1258"}],"curies":[{"name":"wp","href":"https:\/\/api.w.org\/{rel}","templated":true}]}}