{"id":1270,"date":"2017-06-28T19:28:27","date_gmt":"2017-06-28T19:28:27","guid":{"rendered":"https:\/\/innopulse.cat\/%d0%bf%d1%80%d0%be%d0%b4%d1%83%d0%ba%d1%86%d0%b8%d1%8f\/underwear-homewear\/"},"modified":"2017-07-18T12:37:36","modified_gmt":"2017-07-18T12:37:36","slug":"underwear-homewear","status":"publish","type":"page","link":"https:\/\/innopulse.cat\/bg\/%d0%bf%d1%80%d0%be%d0%b4%d1%83%d0%ba%d1%86%d0%b8%d1%8f\/underwear-homewear\/","title":{"rendered":"Underwear &#038; Homewear"},"content":{"rendered":"<div class=\"row row-edge  \" >\n<div class=\"col-md-12 col-xs-offset-0 col-sm-offset-0 col-md-offset-0 col-lg-offset-0 col-xs-pull-0 col-sm-pull-0 col-md-pull-0 col-lg-pull-0 col-xs-push-0 col-sm-push-0 col-md-push-0 col-lg-push-0\">\n<div class=\"row row-edge  \" >\n<div class=\"col-md-12 col-xs-offset-0 col-sm-offset-0 col-md-offset-0 col-lg-offset-0 col-xs-pull-0 col-sm-pull-0 col-md-pull-0 col-lg-pull-0 col-xs-push-0 col-sm-push-0 col-md-push-0 col-lg-push-0\">\n<div class=\"cherry-spacer   hidden-xs hidden-sm\" style=\"height:20px;\"><\/div><div class=\"cherry-spacer   visible-sm-block\" style=\"height:20px;\"><\/div><div class=\"cherry-spacer   visible-xs-block\" style=\"height:20px;\"><\/div>\n<\/div>\n<\/div>\n<div class=\"row row-edge  \" >\n<div class=\"col-md-4 col-xs-offset-0 col-sm-offset-0 col-md-offset-0 col-lg-offset-0 col-xs-pull-0 col-sm-pull-0 col-md-pull-0 col-lg-pull-0 col-xs-push-0 col-sm-push-0 col-md-push-0 col-lg-push-0\">\n<div class=\"cherry-box   box-832\"><div class=\"inner\">\n<p><strong>UNDERWEAR &amp; HOMEWEAR<\/strong><\/p>\n<\/div><\/div>\n<\/div>\n<div class=\"col-md-8\">\n<div>\n<p>\u0421\u043f\u0435\u0446\u0438\u0430\u043b\u0438\u0441\u0442\u0438 \u0441\u043c\u0435\u00a0 \u0432 \u0438\u0437\u0440\u0430\u0431\u043e\u0442\u043a\u0430\u0442\u0430 \u043d\u0430\u00a0 \u043c\u044a\u0436\u043a\u0438 \u0431\u043e\u043a\u0441\u0435\u0440\u0438 \u043e\u0442 \u0442\u0435\u043a\u0441\u0442\u0438\u043b \u0438 \u0442\u0440\u0438\u043a\u043e.<br \/>\n\u0421\u044a\u0449\u043e \u0442\u0430\u043a\u0430\u00a0 \u043a\u043e\u043d\u0444\u0435\u043a\u0446\u0438\u043e\u043d\u0438\u0440\u0430\u043c\u0435\u00a0 \u043f\u0438\u0436\u0430\u043c\u0438 \u043e\u0442 \u0442\u0435\u043a\u0441\u0442\u0438\u043b\u00a0 \u0438\u043b\u0438 \u043a\u043e\u043c\u0431\u0438\u043d\u0430\u0446\u0438\u0438 \u043e\u0442 \u0442\u0435\u043a\u0441\u0442\u0438\u043b \u0438 \u0442\u0440\u0438\u043a\u043e.<\/p>\n<\/div>\n<\/div>\n<\/div>\n<div class=\"row row-edge  \" >\n<div class=\"col-md-12 col-xs-offset-0 col-sm-offset-0 col-md-offset-0 col-lg-offset-0 col-xs-pull-0 col-sm-pull-0 col-md-pull-0 col-lg-pull-0 col-xs-push-0 col-sm-push-0 col-md-push-0 col-lg-push-0\">\n<div class=\"cherry-spacer   hidden-xs hidden-sm\" style=\"height:20px;\"><\/div><div class=\"cherry-spacer   visible-sm-block\" style=\"height:20px;\"><\/div><div class=\"cherry-spacer   visible-xs-block\" style=\"height:20px;\"><\/div>\n<\/div>\n<\/div>\n<\/div>\n<\/div>\n<div class=\"row row-edge  \" >\n<div class=\"col-md-12 col-xs-offset-0 col-sm-offset-0 col-md-offset-0 col-lg-offset-0 col-xs-pull-0 col-sm-pull-0 col-md-pull-0 col-lg-pull-0 col-xs-push-0 col-sm-push-0 col-md-push-0 col-lg-push-0\">\n<div class=\"row row-edge  \" >\n<div class=\"col-md-12 col-xs-offset-0 col-sm-offset-0 col-md-offset-0 col-lg-offset-0 col-xs-pull-0 col-sm-pull-0 col-md-pull-0 col-lg-pull-0 col-xs-push-0 col-sm-push-0 col-md-push-0 col-lg-push-0\">\n<div class=\"motopress-grid-gallery-obj motopress-grid-gallery-obj-basic motopress-grid-gallery-need-recalc\" id=\"6a05d1d10606a\">\n<div class=\"mp-row-fluid\">\n<div class=\"mp-span4\"><a href=\"https:\/\/innopulse.cat\/wp-content\/uploads\/2017\/06\/DSCF5788.jpg\" data-action=\"motopressGalleryLightbox\" target=\"_self\" title=\"innopulse UNDERWEAR &#038; HOMEWEAR\"><img decoding=\"async\" src=\"https:\/\/innopulse.cat\/wp-content\/uploads\/2017\/06\/DSCF5788-1024x683.jpg\" title=\"innopulse UNDERWEAR &amp; HOMEWEAR\" alt=\"innopulse UNDERWEAR &#038; HOMEWEAR\" \/><\/a><\/div>\n<div class=\"mp-span4\"><a href=\"https:\/\/innopulse.cat\/wp-content\/uploads\/2017\/06\/DSCF5805.jpg\" data-action=\"motopressGalleryLightbox\" target=\"_self\" title=\"innopulse UNDERWEAR &#038; HOMEWEAR 4\"><img decoding=\"async\" src=\"https:\/\/innopulse.cat\/wp-content\/uploads\/2017\/06\/DSCF5805-1024x683.jpg\" title=\"innopulse UNDERWEAR &amp; HOMEWEAR 4\" alt=\"innopulse UNDERWEAR &#038; HOMEWEAR 4\" \/><\/a><\/div>\n<div class=\"mp-span4\"><a href=\"https:\/\/innopulse.cat\/wp-content\/uploads\/2017\/06\/DSCF5812.jpg\" data-action=\"motopressGalleryLightbox\" target=\"_self\" title=\"innopulse UNDERWEAR &#038; HOMEWEAR 5\"><img decoding=\"async\" src=\"https:\/\/innopulse.cat\/wp-content\/uploads\/2017\/06\/DSCF5812-1024x683.jpg\" title=\"innopulse UNDERWEAR &amp; HOMEWEAR 5\" alt=\"innopulse UNDERWEAR &#038; HOMEWEAR 5\" \/><\/a><\/div>\n<\/div>\n<div class=\"mp-row-fluid\">\n<div class=\"mp-span4\"><a href=\"https:\/\/innopulse.cat\/wp-content\/uploads\/2017\/06\/DSCF5829.jpg\" data-action=\"motopressGalleryLightbox\" target=\"_self\" title=\"innopulse UNDERWEAR &#038; HOMEWEAR 6\"><img decoding=\"async\" src=\"https:\/\/innopulse.cat\/wp-content\/uploads\/2017\/06\/DSCF5829-1024x683.jpg\" title=\"innopulse UNDERWEAR &amp; HOMEWEAR 6\" alt=\"innopulse UNDERWEAR &#038; HOMEWEAR 6\" \/><\/a><\/div>\n<div class=\"mp-span4\"><a href=\"https:\/\/innopulse.cat\/wp-content\/uploads\/2017\/06\/DSCF5837.jpg\" data-action=\"motopressGalleryLightbox\" target=\"_self\" title=\"innopulse UNDERWEAR &#038; HOMEWEAR 7\"><img decoding=\"async\" src=\"https:\/\/innopulse.cat\/wp-content\/uploads\/2017\/06\/DSCF5837-1024x683.jpg\" title=\"innopulse UNDERWEAR &amp; HOMEWEAR 7\" alt=\"innopulse UNDERWEAR &#038; HOMEWEAR 7\" \/><\/a><\/div>\n<div class=\"mp-span4\"><a href=\"https:\/\/innopulse.cat\/wp-content\/uploads\/2017\/06\/DSCF5851.jpg\" data-action=\"motopressGalleryLightbox\" target=\"_self\" title=\"innopulse UNDERWEAR &#038; HOMEWEAR 9\"><img decoding=\"async\" src=\"https:\/\/innopulse.cat\/wp-content\/uploads\/2017\/06\/DSCF5851-1024x683.jpg\" title=\"innopulse UNDERWEAR &amp; HOMEWEAR 9\" alt=\"innopulse UNDERWEAR &#038; HOMEWEAR 9\" \/><\/a><\/div>\n<\/div>\n<div class=\"mp-row-fluid\">\n<div class=\"mp-span4\"><a href=\"https:\/\/innopulse.cat\/wp-content\/uploads\/2017\/06\/DSCF5854.jpg\" data-action=\"motopressGalleryLightbox\" target=\"_self\" title=\"innopulse UNDERWEAR &#038; HOMEWEAR 11\"><img decoding=\"async\" src=\"https:\/\/innopulse.cat\/wp-content\/uploads\/2017\/06\/DSCF5854-1024x683.jpg\" title=\"innopulse UNDERWEAR &amp; HOMEWEAR 11\" alt=\"innopulse UNDERWEAR &#038; HOMEWEAR 11\" \/><\/a><\/div>\n<div class=\"mp-span4\"><a href=\"https:\/\/innopulse.cat\/wp-content\/uploads\/2017\/06\/DSCF5792.jpg\" data-action=\"motopressGalleryLightbox\" target=\"_self\" title=\"innopulse UNDERWEAR &#038; HOMEWEAR 2\"><img decoding=\"async\" src=\"https:\/\/innopulse.cat\/wp-content\/uploads\/2017\/06\/DSCF5792-683x1024.jpg\" title=\"innopulse UNDERWEAR &amp; HOMEWEAR 2\" alt=\"innopulse UNDERWEAR &#038; HOMEWEAR 2\" \/><\/a><\/div>\n<div class=\"mp-span4\"><a href=\"https:\/\/innopulse.cat\/wp-content\/uploads\/2017\/06\/DSCF5803.jpg\" data-action=\"motopressGalleryLightbox\" target=\"_self\" title=\"innopulse UNDERWEAR &#038; HOMEWEAR 3\"><img decoding=\"async\" src=\"https:\/\/innopulse.cat\/wp-content\/uploads\/2017\/06\/DSCF5803-1024x683.jpg\" title=\"innopulse UNDERWEAR &amp; HOMEWEAR 3\" alt=\"innopulse UNDERWEAR &#038; HOMEWEAR 3\" \/><\/a><\/div>\n<\/div>\n<p class=\"motopress-hide-script\"><script>jQuery(function(){\n                mpRecalcGridGalleryMargins(jQuery('#6a05d1d10606a'));\n            });<\/script><\/p>\n<\/div>\n<\/div>\n<\/div>\n<div class=\"row row-edge  \" >\n<div class=\"col-md-12 col-xs-offset-0 col-sm-offset-0 col-md-offset-0 col-lg-offset-0 col-xs-pull-0 col-sm-pull-0 col-md-pull-0 col-lg-pull-0 col-xs-push-0 col-sm-push-0 col-md-push-0 col-lg-push-0\">\n<\/div>\n<\/div>\n<\/div>\n<\/div>\n","protected":false},"excerpt":{"rendered":"UNDERWEAR &amp; HOMEWEAR \u0421\u043f\u0435\u0446\u0438\u0430\u043b\u0438\u0441\u0442\u0438 \u0441\u043c\u0435\u00a0 \u0432 \u0438\u0437\u0440\u0430\u0431\u043e\u0442\u043a\u0430\u0442\u0430 \u043d\u0430\u00a0 \u043c\u044a\u0436\u043a\u0438 \u0431\u043e\u043a\u0441\u0435\u0440\u0438 \u043e\u0442 \u0442\u0435\u043a\u0441\u0442\u0438\u043b \u0438 \u0442\u0440\u0438\u043a\u043e. \u0421\u044a\u0449\u043e \u0442\u0430\u043a\u0430\u00a0 \u043a\u043e\u043d\u0444\u0435\u043a\u0446\u0438\u043e\u043d\u0438\u0440\u0430\u043c\u0435\u00a0 \u043f\u0438\u0436\u0430\u043c\u0438 \u043e\u0442 \u0442\u0435\u043a\u0441\u0442\u0438\u043b\u00a0 \u0438\u043b\u0438 \u043a\u043e\u043c\u0431\u0438\u043d\u0430\u0446\u0438\u0438 \u043e\u0442 \u0442\u0435\u043a\u0441\u0442\u0438\u043b \u0438 \u0442\u0440\u0438\u043a\u043e.","protected":false},"author":1,"featured_media":1170,"parent":1252,"menu_order":0,"comment_status":"closed","ping_status":"closed","template":"","meta":[],"yoast_head":"<!-- This site is optimized with the Yoast SEO plugin v20.4 - https:\/\/yoast.com\/wordpress\/plugins\/seo\/ -->\n<title>Underwear &amp; Homewear - INNOPULSE, S.L - TEXTILE SOLUTIONS<\/title>\n<meta name=\"robots\" content=\"index, follow, max-snippet:-1, max-image-preview:large, max-video-preview:-1\" \/>\n<link rel=\"canonical\" href=\"https:\/\/innopulse.cat\/bg\/\u043f\u0440\u043e\u0434\u0443\u043a\u0446\u0438\u044f\/underwear-homewear\/\" \/>\n<meta property=\"og:locale\" content=\"bg_BG\" \/>\n<meta property=\"og:type\" content=\"article\" \/>\n<meta property=\"og:title\" content=\"Underwear &amp; Homewear - INNOPULSE, S.L - TEXTILE SOLUTIONS\" \/>\n<meta property=\"og:description\" content=\"UNDERWEAR &amp; HOMEWEAR \u0421\u043f\u0435\u0446\u0438\u0430\u043b\u0438\u0441\u0442\u0438 \u0441\u043c\u0435\u00a0 \u0432 \u0438\u0437\u0440\u0430\u0431\u043e\u0442\u043a\u0430\u0442\u0430 \u043d\u0430\u00a0 \u043c\u044a\u0436\u043a\u0438 \u0431\u043e\u043a\u0441\u0435\u0440\u0438 \u043e\u0442 \u0442\u0435\u043a\u0441\u0442\u0438\u043b \u0438 \u0442\u0440\u0438\u043a\u043e. \u0421\u044a\u0449\u043e \u0442\u0430\u043a\u0430\u00a0 \u043a\u043e\u043d\u0444\u0435\u043a\u0446\u0438\u043e\u043d\u0438\u0440\u0430\u043c\u0435\u00a0 \u043f\u0438\u0436\u0430\u043c\u0438 \u043e\u0442 \u0442\u0435\u043a\u0441\u0442\u0438\u043b\u00a0 \u0438\u043b\u0438 \u043a\u043e\u043c\u0431\u0438\u043d\u0430\u0446\u0438\u0438 \u043e\u0442 \u0442\u0435\u043a\u0441\u0442\u0438\u043b \u0438 \u0442\u0440\u0438\u043a\u043e.\" \/>\n<meta property=\"og:url\" content=\"https:\/\/innopulse.cat\/bg\/\u043f\u0440\u043e\u0434\u0443\u043a\u0446\u0438\u044f\/underwear-homewear\/\" \/>\n<meta property=\"og:site_name\" content=\"INNOPULSE, S.L - TEXTILE SOLUTIONS\" \/>\n<meta property=\"article:modified_time\" content=\"2017-07-18T12:37:36+00:00\" \/>\n<meta property=\"og:image\" content=\"https:\/\/innopulse.cat\/wp-content\/uploads\/2017\/06\/DSCF5829.jpg\" \/>\n\t<meta property=\"og:image:width\" content=\"2050\" \/>\n\t<meta property=\"og:image:height\" content=\"1367\" \/>\n\t<meta property=\"og:image:type\" content=\"image\/jpeg\" \/>\n<meta name=\"twitter:card\" content=\"summary_large_image\" \/>\n<meta name=\"twitter:label1\" content=\"Est. reading time\" \/>\n\t<meta name=\"twitter:data1\" content=\"4 \u043c\u0438\u043d\u0443\u0442\u0438\" \/>\n<script type=\"application\/ld+json\" class=\"yoast-schema-graph\">{\"@context\":\"https:\/\/schema.org\",\"@graph\":[{\"@type\":\"WebPage\",\"@id\":\"https:\/\/innopulse.cat\/bg\/%d0%bf%d1%80%d0%be%d0%b4%d1%83%d0%ba%d1%86%d0%b8%d1%8f\/underwear-homewear\/\",\"url\":\"https:\/\/innopulse.cat\/bg\/%d0%bf%d1%80%d0%be%d0%b4%d1%83%d0%ba%d1%86%d0%b8%d1%8f\/underwear-homewear\/\",\"name\":\"Underwear & Homewear - INNOPULSE, S.L - TEXTILE SOLUTIONS\",\"isPartOf\":{\"@id\":\"https:\/\/innopulse.cat\/#website\"},\"datePublished\":\"2017-06-28T19:28:27+00:00\",\"dateModified\":\"2017-07-18T12:37:36+00:00\",\"breadcrumb\":{\"@id\":\"https:\/\/innopulse.cat\/bg\/%d0%bf%d1%80%d0%be%d0%b4%d1%83%d0%ba%d1%86%d0%b8%d1%8f\/underwear-homewear\/#breadcrumb\"},\"inLanguage\":\"bg-BG\",\"potentialAction\":[{\"@type\":\"ReadAction\",\"target\":[\"https:\/\/innopulse.cat\/bg\/%d0%bf%d1%80%d0%be%d0%b4%d1%83%d0%ba%d1%86%d0%b8%d1%8f\/underwear-homewear\/\"]}]},{\"@type\":\"BreadcrumbList\",\"@id\":\"https:\/\/innopulse.cat\/bg\/%d0%bf%d1%80%d0%be%d0%b4%d1%83%d0%ba%d1%86%d0%b8%d1%8f\/underwear-homewear\/#breadcrumb\",\"itemListElement\":[{\"@type\":\"ListItem\",\"position\":1,\"name\":\"Portada\",\"item\":\"https:\/\/innopulse.cat\/bg\/\"},{\"@type\":\"ListItem\",\"position\":2,\"name\":\"\u043f\u0440\u043e\u0434\u0443\u043a\u0446\u0438\u044f\",\"item\":\"https:\/\/innopulse.cat\/bg\/%d0%bf%d1%80%d0%be%d0%b4%d1%83%d0%ba%d1%86%d0%b8%d1%8f\/\"},{\"@type\":\"ListItem\",\"position\":3,\"name\":\"Underwear &#038; Homewear\"}]},{\"@type\":\"WebSite\",\"@id\":\"https:\/\/innopulse.cat\/#website\",\"url\":\"https:\/\/innopulse.cat\/\",\"name\":\"INNOPULSE, S.L - TEXTILE SOLUTIONS\",\"description\":\"Gesti\u00f3n y producci\u00f3n de confecci\u00f3n textil.\",\"publisher\":{\"@id\":\"https:\/\/innopulse.cat\/#organization\"},\"potentialAction\":[{\"@type\":\"SearchAction\",\"target\":{\"@type\":\"EntryPoint\",\"urlTemplate\":\"https:\/\/innopulse.cat\/?s={search_term_string}\"},\"query-input\":\"required name=search_term_string\"}],\"inLanguage\":\"bg-BG\"},{\"@type\":\"Organization\",\"@id\":\"https:\/\/innopulse.cat\/#organization\",\"name\":\"Innopulse, S.L\",\"url\":\"https:\/\/innopulse.cat\/\",\"logo\":{\"@type\":\"ImageObject\",\"inLanguage\":\"bg-BG\",\"@id\":\"https:\/\/innopulse.cat\/#\/schema\/logo\/image\/\",\"url\":\"https:\/\/innopulse.cat\/wp-content\/uploads\/2017\/04\/innopulse-manteniment.jpg\",\"contentUrl\":\"https:\/\/innopulse.cat\/wp-content\/uploads\/2017\/04\/innopulse-manteniment.jpg\",\"width\":1500,\"height\":386,\"caption\":\"Innopulse, S.L\"},\"image\":{\"@id\":\"https:\/\/innopulse.cat\/#\/schema\/logo\/image\/\"},\"sameAs\":[\"https:\/\/www.instagram.com\/innopulse.textil\/\"]}]}<\/script>\n<!-- \/ Yoast SEO plugin. -->","yoast_head_json":{"title":"Underwear & Homewear - INNOPULSE, S.L - TEXTILE SOLUTIONS","robots":{"index":"index","follow":"follow","max-snippet":"max-snippet:-1","max-image-preview":"max-image-preview:large","max-video-preview":"max-video-preview:-1"},"canonical":"https:\/\/innopulse.cat\/bg\/\u043f\u0440\u043e\u0434\u0443\u043a\u0446\u0438\u044f\/underwear-homewear\/","og_locale":"bg_BG","og_type":"article","og_title":"Underwear & Homewear - INNOPULSE, S.L - TEXTILE SOLUTIONS","og_description":"UNDERWEAR &amp; HOMEWEAR \u0421\u043f\u0435\u0446\u0438\u0430\u043b\u0438\u0441\u0442\u0438 \u0441\u043c\u0435\u00a0 \u0432 \u0438\u0437\u0440\u0430\u0431\u043e\u0442\u043a\u0430\u0442\u0430 \u043d\u0430\u00a0 \u043c\u044a\u0436\u043a\u0438 \u0431\u043e\u043a\u0441\u0435\u0440\u0438 \u043e\u0442 \u0442\u0435\u043a\u0441\u0442\u0438\u043b \u0438 \u0442\u0440\u0438\u043a\u043e. \u0421\u044a\u0449\u043e \u0442\u0430\u043a\u0430\u00a0 \u043a\u043e\u043d\u0444\u0435\u043a\u0446\u0438\u043e\u043d\u0438\u0440\u0430\u043c\u0435\u00a0 \u043f\u0438\u0436\u0430\u043c\u0438 \u043e\u0442 \u0442\u0435\u043a\u0441\u0442\u0438\u043b\u00a0 \u0438\u043b\u0438 \u043a\u043e\u043c\u0431\u0438\u043d\u0430\u0446\u0438\u0438 \u043e\u0442 \u0442\u0435\u043a\u0441\u0442\u0438\u043b \u0438 \u0442\u0440\u0438\u043a\u043e.","og_url":"https:\/\/innopulse.cat\/bg\/\u043f\u0440\u043e\u0434\u0443\u043a\u0446\u0438\u044f\/underwear-homewear\/","og_site_name":"INNOPULSE, S.L - TEXTILE SOLUTIONS","article_modified_time":"2017-07-18T12:37:36+00:00","og_image":[{"width":2050,"height":1367,"url":"https:\/\/innopulse.cat\/wp-content\/uploads\/2017\/06\/DSCF5829.jpg","type":"image\/jpeg"}],"twitter_card":"summary_large_image","twitter_misc":{"Est. reading time":"4 \u043c\u0438\u043d\u0443\u0442\u0438"},"schema":{"@context":"https:\/\/schema.org","@graph":[{"@type":"WebPage","@id":"https:\/\/innopulse.cat\/bg\/%d0%bf%d1%80%d0%be%d0%b4%d1%83%d0%ba%d1%86%d0%b8%d1%8f\/underwear-homewear\/","url":"https:\/\/innopulse.cat\/bg\/%d0%bf%d1%80%d0%be%d0%b4%d1%83%d0%ba%d1%86%d0%b8%d1%8f\/underwear-homewear\/","name":"Underwear & Homewear - INNOPULSE, S.L - TEXTILE SOLUTIONS","isPartOf":{"@id":"https:\/\/innopulse.cat\/#website"},"datePublished":"2017-06-28T19:28:27+00:00","dateModified":"2017-07-18T12:37:36+00:00","breadcrumb":{"@id":"https:\/\/innopulse.cat\/bg\/%d0%bf%d1%80%d0%be%d0%b4%d1%83%d0%ba%d1%86%d0%b8%d1%8f\/underwear-homewear\/#breadcrumb"},"inLanguage":"bg-BG","potentialAction":[{"@type":"ReadAction","target":["https:\/\/innopulse.cat\/bg\/%d0%bf%d1%80%d0%be%d0%b4%d1%83%d0%ba%d1%86%d0%b8%d1%8f\/underwear-homewear\/"]}]},{"@type":"BreadcrumbList","@id":"https:\/\/innopulse.cat\/bg\/%d0%bf%d1%80%d0%be%d0%b4%d1%83%d0%ba%d1%86%d0%b8%d1%8f\/underwear-homewear\/#breadcrumb","itemListElement":[{"@type":"ListItem","position":1,"name":"Portada","item":"https:\/\/innopulse.cat\/bg\/"},{"@type":"ListItem","position":2,"name":"\u043f\u0440\u043e\u0434\u0443\u043a\u0446\u0438\u044f","item":"https:\/\/innopulse.cat\/bg\/%d0%bf%d1%80%d0%be%d0%b4%d1%83%d0%ba%d1%86%d0%b8%d1%8f\/"},{"@type":"ListItem","position":3,"name":"Underwear &#038; Homewear"}]},{"@type":"WebSite","@id":"https:\/\/innopulse.cat\/#website","url":"https:\/\/innopulse.cat\/","name":"INNOPULSE, S.L - TEXTILE SOLUTIONS","description":"Gesti\u00f3n y producci\u00f3n de confecci\u00f3n textil.","publisher":{"@id":"https:\/\/innopulse.cat\/#organization"},"potentialAction":[{"@type":"SearchAction","target":{"@type":"EntryPoint","urlTemplate":"https:\/\/innopulse.cat\/?s={search_term_string}"},"query-input":"required name=search_term_string"}],"inLanguage":"bg-BG"},{"@type":"Organization","@id":"https:\/\/innopulse.cat\/#organization","name":"Innopulse, S.L","url":"https:\/\/innopulse.cat\/","logo":{"@type":"ImageObject","inLanguage":"bg-BG","@id":"https:\/\/innopulse.cat\/#\/schema\/logo\/image\/","url":"https:\/\/innopulse.cat\/wp-content\/uploads\/2017\/04\/innopulse-manteniment.jpg","contentUrl":"https:\/\/innopulse.cat\/wp-content\/uploads\/2017\/04\/innopulse-manteniment.jpg","width":1500,"height":386,"caption":"Innopulse, S.L"},"image":{"@id":"https:\/\/innopulse.cat\/#\/schema\/logo\/image\/"},"sameAs":["https:\/\/www.instagram.com\/innopulse.textil\/"]}]}},"_links":{"self":[{"href":"https:\/\/innopulse.cat\/bg\/wp-json\/wp\/v2\/pages\/1270"}],"collection":[{"href":"https:\/\/innopulse.cat\/bg\/wp-json\/wp\/v2\/pages"}],"about":[{"href":"https:\/\/innopulse.cat\/bg\/wp-json\/wp\/v2\/types\/page"}],"author":[{"embeddable":true,"href":"https:\/\/innopulse.cat\/bg\/wp-json\/wp\/v2\/users\/1"}],"replies":[{"embeddable":true,"href":"https:\/\/innopulse.cat\/bg\/wp-json\/wp\/v2\/comments?post=1270"}],"version-history":[{"count":3,"href":"https:\/\/innopulse.cat\/bg\/wp-json\/wp\/v2\/pages\/1270\/revisions"}],"predecessor-version":[{"id":1330,"href":"https:\/\/innopulse.cat\/bg\/wp-json\/wp\/v2\/pages\/1270\/revisions\/1330"}],"up":[{"embeddable":true,"href":"https:\/\/innopulse.cat\/bg\/wp-json\/wp\/v2\/pages\/1252"}],"wp:featuredmedia":[{"embeddable":true,"href":"https:\/\/innopulse.cat\/bg\/wp-json\/wp\/v2\/media\/1170"}],"wp:attachment":[{"href":"https:\/\/innopulse.cat\/bg\/wp-json\/wp\/v2\/media?parent=1270"}],"curies":[{"name":"wp","href":"https:\/\/api.w.org\/{rel}","templated":true}]}}