{"id":1204,"date":"2017-04-05T07:57:35","date_gmt":"2017-04-05T07:57:35","guid":{"rendered":"https:\/\/innopulse.cat\/home\/"},"modified":"2017-08-02T05:40:22","modified_gmt":"2017-08-02T05:40:22","slug":"home","status":"publish","type":"page","link":"https:\/\/innopulse.cat\/ca\/","title":{"rendered":"Home"},"content":{"rendered":"","protected":false},"excerpt":{"rendered":"","protected":false},"author":1,"featured_media":0,"parent":0,"menu_order":0,"comment_status":"closed","ping_status":"closed","template":"","meta":[],"yoast_head":"<!-- This site is optimized with the Yoast SEO plugin v20.4 - https:\/\/yoast.com\/wordpress\/plugins\/seo\/ -->\n<title>Innopulse, S.L - Gesti\u00f3 i producci\u00f3 de confecci\u00f3 T\u00e8xtil<\/title>\n<meta name=\"description\" content=\"Innopulse, Empresa dedicada a la gesti\u00f3 i producci\u00f3 de Confecci\u00f3 T\u00e8xtil a Bulg\u00e0ria des de l\u2019any 2003. Disposem de la nostra oficina comercial a Berga.\" \/>\n<meta name=\"robots\" content=\"index, follow, max-snippet:-1, max-image-preview:large, max-video-preview:-1\" \/>\n<link rel=\"canonical\" href=\"https:\/\/innopulse.cat\/ca\/\" \/>\n<meta property=\"og:locale\" content=\"ca_ES\" \/>\n<meta property=\"og:type\" content=\"article\" \/>\n<meta property=\"og:title\" content=\"Innopulse, S.L - Gesti\u00f3 i producci\u00f3 de confecci\u00f3 T\u00e8xtil\" \/>\n<meta property=\"og:description\" content=\"Innopulse, Empresa dedicada a la gesti\u00f3 i producci\u00f3 de Confecci\u00f3 T\u00e8xtil a Bulg\u00e0ria des de l\u2019any 2003. Disposem de la nostra oficina comercial a Berga.\" \/>\n<meta property=\"og:url\" content=\"https:\/\/innopulse.cat\/ca\/\" \/>\n<meta property=\"og:site_name\" content=\"INNOPULSE, S.L - TEXTILE SOLUTIONS\" \/>\n<meta property=\"article:modified_time\" content=\"2017-08-02T05:40:22+00:00\" \/>\n<meta name=\"twitter:card\" content=\"summary_large_image\" \/>\n<script type=\"application\/ld+json\" class=\"yoast-schema-graph\">{\"@context\":\"https:\/\/schema.org\",\"@graph\":[{\"@type\":\"WebPage\",\"@id\":\"https:\/\/innopulse.cat\/ca\/\",\"url\":\"https:\/\/innopulse.cat\/ca\/\",\"name\":\"Innopulse, S.L - Gesti\u00f3 i producci\u00f3 de confecci\u00f3 T\u00e8xtil\",\"isPartOf\":{\"@id\":\"https:\/\/innopulse.cat\/#website\"},\"datePublished\":\"2017-04-05T07:57:35+00:00\",\"dateModified\":\"2017-08-02T05:40:22+00:00\",\"description\":\"Innopulse, Empresa dedicada a la gesti\u00f3 i producci\u00f3 de Confecci\u00f3 T\u00e8xtil a Bulg\u00e0ria des de l\u2019any 2003. Disposem de la nostra oficina comercial a Berga.\",\"breadcrumb\":{\"@id\":\"https:\/\/innopulse.cat\/ca\/#breadcrumb\"},\"inLanguage\":\"ca\",\"potentialAction\":[{\"@type\":\"ReadAction\",\"target\":[\"https:\/\/innopulse.cat\/ca\/\"]}]},{\"@type\":\"BreadcrumbList\",\"@id\":\"https:\/\/innopulse.cat\/ca\/#breadcrumb\",\"itemListElement\":[{\"@type\":\"ListItem\",\"position\":1,\"name\":\"Portada\",\"item\":\"https:\/\/innopulse.cat\/ca\/\"},{\"@type\":\"ListItem\",\"position\":2,\"name\":\"Home\"}]},{\"@type\":\"WebSite\",\"@id\":\"https:\/\/innopulse.cat\/#website\",\"url\":\"https:\/\/innopulse.cat\/\",\"name\":\"INNOPULSE, S.L - TEXTILE SOLUTIONS\",\"description\":\"Gesti\u00f3n y producci\u00f3n de confecci\u00f3n textil.\",\"publisher\":{\"@id\":\"https:\/\/innopulse.cat\/#organization\"},\"potentialAction\":[{\"@type\":\"SearchAction\",\"target\":{\"@type\":\"EntryPoint\",\"urlTemplate\":\"https:\/\/innopulse.cat\/?s={search_term_string}\"},\"query-input\":\"required name=search_term_string\"}],\"inLanguage\":\"ca\"},{\"@type\":\"Organization\",\"@id\":\"https:\/\/innopulse.cat\/#organization\",\"name\":\"Innopulse, S.L\",\"url\":\"https:\/\/innopulse.cat\/\",\"logo\":{\"@type\":\"ImageObject\",\"inLanguage\":\"ca\",\"@id\":\"https:\/\/innopulse.cat\/#\/schema\/logo\/image\/\",\"url\":\"https:\/\/innopulse.cat\/wp-content\/uploads\/2017\/04\/innopulse-manteniment.jpg\",\"contentUrl\":\"https:\/\/innopulse.cat\/wp-content\/uploads\/2017\/04\/innopulse-manteniment.jpg\",\"width\":1500,\"height\":386,\"caption\":\"Innopulse, S.L\"},\"image\":{\"@id\":\"https:\/\/innopulse.cat\/#\/schema\/logo\/image\/\"},\"sameAs\":[\"https:\/\/www.instagram.com\/innopulse.textil\/\"]}]}<\/script>\n<!-- \/ Yoast SEO plugin. -->","yoast_head_json":{"title":"Innopulse, S.L - Gesti\u00f3 i producci\u00f3 de confecci\u00f3 T\u00e8xtil","description":"Innopulse, Empresa dedicada a la gesti\u00f3 i producci\u00f3 de Confecci\u00f3 T\u00e8xtil a Bulg\u00e0ria des de l\u2019any 2003. Disposem de la nostra oficina comercial a Berga.","robots":{"index":"index","follow":"follow","max-snippet":"max-snippet:-1","max-image-preview":"max-image-preview:large","max-video-preview":"max-video-preview:-1"},"canonical":"https:\/\/innopulse.cat\/ca\/","og_locale":"ca_ES","og_type":"article","og_title":"Innopulse, S.L - Gesti\u00f3 i producci\u00f3 de confecci\u00f3 T\u00e8xtil","og_description":"Innopulse, Empresa dedicada a la gesti\u00f3 i producci\u00f3 de Confecci\u00f3 T\u00e8xtil a Bulg\u00e0ria des de l\u2019any 2003. Disposem de la nostra oficina comercial a Berga.","og_url":"https:\/\/innopulse.cat\/ca\/","og_site_name":"INNOPULSE, S.L - TEXTILE SOLUTIONS","article_modified_time":"2017-08-02T05:40:22+00:00","twitter_card":"summary_large_image","schema":{"@context":"https:\/\/schema.org","@graph":[{"@type":"WebPage","@id":"https:\/\/innopulse.cat\/ca\/","url":"https:\/\/innopulse.cat\/ca\/","name":"Innopulse, S.L - Gesti\u00f3 i producci\u00f3 de confecci\u00f3 T\u00e8xtil","isPartOf":{"@id":"https:\/\/innopulse.cat\/#website"},"datePublished":"2017-04-05T07:57:35+00:00","dateModified":"2017-08-02T05:40:22+00:00","description":"Innopulse, Empresa dedicada a la gesti\u00f3 i producci\u00f3 de Confecci\u00f3 T\u00e8xtil a Bulg\u00e0ria des de l\u2019any 2003. Disposem de la nostra oficina comercial a Berga.","breadcrumb":{"@id":"https:\/\/innopulse.cat\/ca\/#breadcrumb"},"inLanguage":"ca","potentialAction":[{"@type":"ReadAction","target":["https:\/\/innopulse.cat\/ca\/"]}]},{"@type":"BreadcrumbList","@id":"https:\/\/innopulse.cat\/ca\/#breadcrumb","itemListElement":[{"@type":"ListItem","position":1,"name":"Portada","item":"https:\/\/innopulse.cat\/ca\/"},{"@type":"ListItem","position":2,"name":"Home"}]},{"@type":"WebSite","@id":"https:\/\/innopulse.cat\/#website","url":"https:\/\/innopulse.cat\/","name":"INNOPULSE, S.L - TEXTILE SOLUTIONS","description":"Gesti\u00f3n y producci\u00f3n de confecci\u00f3n textil.","publisher":{"@id":"https:\/\/innopulse.cat\/#organization"},"potentialAction":[{"@type":"SearchAction","target":{"@type":"EntryPoint","urlTemplate":"https:\/\/innopulse.cat\/?s={search_term_string}"},"query-input":"required name=search_term_string"}],"inLanguage":"ca"},{"@type":"Organization","@id":"https:\/\/innopulse.cat\/#organization","name":"Innopulse, S.L","url":"https:\/\/innopulse.cat\/","logo":{"@type":"ImageObject","inLanguage":"ca","@id":"https:\/\/innopulse.cat\/#\/schema\/logo\/image\/","url":"https:\/\/innopulse.cat\/wp-content\/uploads\/2017\/04\/innopulse-manteniment.jpg","contentUrl":"https:\/\/innopulse.cat\/wp-content\/uploads\/2017\/04\/innopulse-manteniment.jpg","width":1500,"height":386,"caption":"Innopulse, S.L"},"image":{"@id":"https:\/\/innopulse.cat\/#\/schema\/logo\/image\/"},"sameAs":["https:\/\/www.instagram.com\/innopulse.textil\/"]}]}},"_links":{"self":[{"href":"https:\/\/innopulse.cat\/ca\/wp-json\/wp\/v2\/pages\/1204"}],"collection":[{"href":"https:\/\/innopulse.cat\/ca\/wp-json\/wp\/v2\/pages"}],"about":[{"href":"https:\/\/innopulse.cat\/ca\/wp-json\/wp\/v2\/types\/page"}],"author":[{"embeddable":true,"href":"https:\/\/innopulse.cat\/ca\/wp-json\/wp\/v2\/users\/1"}],"replies":[{"embeddable":true,"href":"https:\/\/innopulse.cat\/ca\/wp-json\/wp\/v2\/comments?post=1204"}],"version-history":[{"count":1,"href":"https:\/\/innopulse.cat\/ca\/wp-json\/wp\/v2\/pages\/1204\/revisions"}],"predecessor-version":[{"id":1205,"href":"https:\/\/innopulse.cat\/ca\/wp-json\/wp\/v2\/pages\/1204\/revisions\/1205"}],"wp:attachment":[{"href":"https:\/\/innopulse.cat\/ca\/wp-json\/wp\/v2\/media?parent=1204"}],"curies":[{"name":"wp","href":"https:\/\/api.w.org\/{rel}","templated":true}]}}