{"id":1241,"date":"2017-07-05T15:01:46","date_gmt":"2017-07-05T15:01:46","guid":{"rendered":"https:\/\/innopulse.cat\/about\/"},"modified":"2017-08-02T05:52:29","modified_gmt":"2017-08-02T05:52:29","slug":"about","status":"publish","type":"page","link":"https:\/\/innopulse.cat\/ca\/about\/","title":{"rendered":"about"},"content":{"rendered":"<div class=\"row row-edge  \" >\n<div class=\"col-md-12 col-xs-offset-0 col-sm-offset-0 col-md-offset-0 col-lg-offset-0 col-xs-pull-0 col-sm-pull-0 col-md-pull-0 col-lg-pull-0 col-xs-push-0 col-sm-push-0 col-md-push-0 col-lg-push-0\">\n<div class=\"motopress-image-obj motopress-text-align-left\"><a href=\"https:\/\/innopulse.cat\/wp-content\/uploads\/2017\/07\/04072017-FullSizeRender-1.jpg\" data-action=\"motopressLightbox\" target=\"_self\"><img decoding=\"async\" src=\"https:\/\/innopulse.cat\/wp-content\/uploads\/2017\/07\/04072017-FullSizeRender-1.jpg\" title=\"innopulse fabrica bulgaria\" alt=\"innopulse fabrica bulgaria\" class=\"motopress-image-obj-basic mpce-dsbl-margin-left mpce-dsbl-margin-right mpce-dsbl-margin-top mpce-dsbl-margin-bottom\" \/><\/a><\/div>\n<\/div>\n<\/div>\n<div class=\"row row-edge  \" >\n<div class=\"col-md-12 col-xs-offset-0 col-sm-offset-0 col-md-offset-0 col-lg-offset-0 col-xs-pull-0 col-sm-pull-0 col-md-pull-0 col-lg-pull-0 col-xs-push-0 col-sm-push-0 col-md-push-0 col-lg-push-0\">\n<div class=\"cherry-spacer   hidden-xs hidden-sm\" style=\"height:20px;\"><\/div><div class=\"cherry-spacer   visible-sm-block\" style=\"height:24px;\"><\/div><div class=\"cherry-spacer   visible-xs-block\" style=\"height:24px;\"><\/div>\n<\/div>\n<\/div>\n<div class=\"row row-edge  \" >\n<div class=\"col-md-12 col-xs-offset-0 col-sm-offset-0 col-md-offset-0 col-lg-offset-0 col-xs-pull-0 col-sm-pull-0 col-md-pull-0 col-lg-pull-0 col-xs-push-0 col-sm-push-0 col-md-push-0 col-lg-push-0\">\n<div class=\"row row-edge  \" >\n<div class=\"col-md-12 col-xs-offset-0 col-sm-offset-0 col-md-offset-0 col-lg-offset-0 col-xs-pull-0 col-sm-pull-0 col-md-pull-0 col-lg-pull-0 col-xs-push-0 col-sm-push-0 col-md-push-0 col-lg-push-0\">\n<div class=\"cherry-spacer   hidden-xs hidden-sm\" style=\"height:20px;\"><\/div><div class=\"cherry-spacer   visible-sm-block\" style=\"height:20px;\"><\/div><div class=\"cherry-spacer   visible-xs-block\" style=\"height:20px;\"><\/div>\n<\/div>\n<\/div>\n<div class=\"row row-edge  \" >\n<div class=\"col-md-12 col-xs-offset-0 col-sm-offset-0 col-md-offset-0 col-lg-offset-0 col-xs-pull-0 col-sm-pull-0 col-md-pull-0 col-lg-pull-0 col-xs-push-0 col-sm-push-0 col-md-push-0 col-lg-push-0\">\n<div class=\"motopress-code-obj\">\n<p class=\"font_8\"><strong>INNOPULSE<\/strong>.\u00a0<span lang=\"ca\">Empresa dedicada a la gesti\u00f3 i producci\u00f3 de Confecci\u00f3 T\u00e8xtil a Bulg\u00e0ria des de l&#8217;any 2003. Disposem de la nostra oficina comercial a Berga (Barcelona), per poder oferir millor atenci\u00f3 i servei als nostres clients nacionals. <\/span><\/p>\n<p id=\"tw-target-text\" class=\"tw-data-text tw-ta tw-text-small\" dir=\"ltr\" data-placeholder=\"Traducci\u00f3n\"><span lang=\"ca\">Gestionem produccions t\u00e8xtils tant en els tallers que formen part del nostre grup, com en tallers col\u00b7laboradors externs amb els quals mantenim una estreta col\u00b7laboraci\u00f3, garantia de serietat, estabilitat i alt control de qualitat. <\/span><\/p>\n<p id=\"tw-target-text\" class=\"tw-data-text tw-ta tw-text-small\" dir=\"ltr\" data-placeholder=\"Traducci\u00f3n\"><span lang=\"ca\">Oferim als nostres clients un servei integral: Expedici\u00f3 de teixits i materials fins al nostre magatzem central, gesti\u00f3 de patrons i marcades, tall, confecci\u00f3, planxa i acabats, control final, empaquetat i picking per clients, expedici\u00f3 i servei a destinaci\u00f3. <\/span><\/p>\n<div id=\"tw-target-text-container\" class=\"tw-nfl tw-ta-container\">\n<p id=\"tw-target-text\" class=\"tw-data-text tw-ta tw-text-small\" dir=\"ltr\" data-placeholder=\"Traducci\u00f3n\"><span lang=\"ca\">Tenim expedicions totes les setmanes Import \/ Export.<\/span><\/p>\n<pre class=\"tw-data-text tw-ta tw-text-small\" lang=\"ca\"><\/pre>\n<\/div>\n<\/div>\n<\/div>\n<\/div>\n<\/div>\n<\/div>\n<div class=\"row row-edge  \" >\n<div class=\"col-md-12 col-xs-offset-0 col-sm-offset-0 col-md-offset-0 col-lg-offset-0 col-xs-pull-0 col-sm-pull-0 col-md-pull-0 col-lg-pull-0 col-xs-push-0 col-sm-push-0 col-md-push-0 col-lg-push-0\">\n<div class=\"motopress-grid-gallery-obj motopress-grid-gallery-obj-basic\" id=\"6a05e2b9e0dc6\">\n<div class=\"mp-row-fluid\">\n<div class=\"mp-span3\"><a href=\"https:\/\/innopulse.cat\/wp-content\/uploads\/2017\/07\/04072017-IMG_3950.jpg\" data-action=\"motopressGalleryLightbox\" target=\"_self\" title=\"innopulse fabrica bulgaria\"><img decoding=\"async\" src=\"https:\/\/innopulse.cat\/wp-content\/uploads\/2017\/07\/04072017-IMG_3950-150x150.jpg\" title=\"innopulse fabrica bulgaria\" alt=\"innopulse fabrica bulgaria\" \/><\/a><\/div>\n<div class=\"mp-span3\"><a href=\"https:\/\/innopulse.cat\/wp-content\/uploads\/2017\/07\/04072017-FullSizeRender.jpg\" data-action=\"motopressGalleryLightbox\" target=\"_self\" title=\"innopulse fabrica bulgaria\"><img decoding=\"async\" src=\"https:\/\/innopulse.cat\/wp-content\/uploads\/2017\/07\/04072017-FullSizeRender-150x150.jpg\" title=\"innopulse fabrica bulgaria\" alt=\"innopulse fabrica bulgaria\" \/><\/a><\/div>\n<div class=\"mp-span3\"><a href=\"https:\/\/innopulse.cat\/wp-content\/uploads\/2017\/07\/04072017-FullSizeRender-2.jpg\" data-action=\"motopressGalleryLightbox\" target=\"_self\" title=\"innopulse fabrica bulgaria\"><img decoding=\"async\" src=\"https:\/\/innopulse.cat\/wp-content\/uploads\/2017\/07\/04072017-FullSizeRender-2-150x150.jpg\" title=\"innopulse fabrica bulgaria\" alt=\"innopulse fabrica bulgaria\" \/><\/a><\/div>\n<div class=\"mp-span3\"><a href=\"https:\/\/innopulse.cat\/wp-content\/uploads\/2017\/07\/03072017-FullSizeRender-4.jpg\" data-action=\"motopressGalleryLightbox\" target=\"_self\" title=\"innopulse fabrica bulgaria\"><img decoding=\"async\" src=\"https:\/\/innopulse.cat\/wp-content\/uploads\/2017\/07\/03072017-FullSizeRender-4-150x150.jpg\" title=\"innopulse fabrica bulgaria\" alt=\"innopulse fabrica bulgaria\" \/><\/a><\/div>\n<\/div>\n<\/div>\n<\/div>\n<\/div>\n","protected":false},"excerpt":{"rendered":"INNOPULSE.\u00a0Empresa dedicada a la gesti\u00f3 i producci\u00f3 de Confecci\u00f3 T\u00e8xtil a Bulg\u00e0ria des de l&#8217;any 2003. Disposem de la nostra oficina comercial a Berga (Barcelona), per poder oferir millor atenci\u00f3 i servei als nostres clients nacionals. Gestionem produccions t\u00e8xtils tant en els tallers que formen part del nostre grup, com en tallers col\u00b7laboradors externs amb","protected":false},"author":1,"featured_media":0,"parent":0,"menu_order":0,"comment_status":"closed","ping_status":"closed","template":"","meta":[],"yoast_head":"<!-- This site is optimized with the Yoast SEO plugin v20.4 - https:\/\/yoast.com\/wordpress\/plugins\/seo\/ -->\n<title>about - INNOPULSE, S.L - TEXTILE SOLUTIONS<\/title>\n<meta name=\"description\" content=\"INNOPULSE. Empresa dedicada a la gesti\u00f3 i producci\u00f3 de Confecci\u00f3 T\u00e8xtil a Bulg\u00e0ria des de l\u2019any 2003. Disposem de la nostra oficina comercial a Berga.\" \/>\n<meta name=\"robots\" content=\"index, follow, max-snippet:-1, max-image-preview:large, max-video-preview:-1\" \/>\n<link rel=\"canonical\" href=\"https:\/\/innopulse.cat\/ca\/about\/\" \/>\n<meta property=\"og:locale\" content=\"ca_ES\" \/>\n<meta property=\"og:type\" content=\"article\" \/>\n<meta property=\"og:title\" content=\"about - INNOPULSE, S.L - TEXTILE SOLUTIONS\" \/>\n<meta property=\"og:description\" content=\"INNOPULSE. Empresa dedicada a la gesti\u00f3 i producci\u00f3 de Confecci\u00f3 T\u00e8xtil a Bulg\u00e0ria des de l\u2019any 2003. Disposem de la nostra oficina comercial a Berga.\" \/>\n<meta property=\"og:url\" content=\"https:\/\/innopulse.cat\/ca\/about\/\" \/>\n<meta property=\"og:site_name\" content=\"INNOPULSE, S.L - TEXTILE SOLUTIONS\" \/>\n<meta property=\"article:modified_time\" content=\"2017-08-02T05:52:29+00:00\" \/>\n<meta property=\"og:image\" content=\"https:\/\/innopulse.cat\/wp-content\/uploads\/2017\/07\/04072017-FullSizeRender-1.jpg\" \/>\n<meta name=\"twitter:card\" content=\"summary_large_image\" \/>\n<meta name=\"twitter:label1\" content=\"Temps estimat de lectura\" \/>\n\t<meta name=\"twitter:data1\" content=\"4 minuts\" \/>\n<script type=\"application\/ld+json\" class=\"yoast-schema-graph\">{\"@context\":\"https:\/\/schema.org\",\"@graph\":[{\"@type\":\"WebPage\",\"@id\":\"https:\/\/innopulse.cat\/ca\/about\/\",\"url\":\"https:\/\/innopulse.cat\/ca\/about\/\",\"name\":\"about - INNOPULSE, S.L - TEXTILE SOLUTIONS\",\"isPartOf\":{\"@id\":\"https:\/\/innopulse.cat\/#website\"},\"datePublished\":\"2017-07-05T15:01:46+00:00\",\"dateModified\":\"2017-08-02T05:52:29+00:00\",\"description\":\"INNOPULSE. Empresa dedicada a la gesti\u00f3 i producci\u00f3 de Confecci\u00f3 T\u00e8xtil a Bulg\u00e0ria des de l\u2019any 2003. Disposem de la nostra oficina comercial a Berga.\",\"breadcrumb\":{\"@id\":\"https:\/\/innopulse.cat\/ca\/about\/#breadcrumb\"},\"inLanguage\":\"ca\",\"potentialAction\":[{\"@type\":\"ReadAction\",\"target\":[\"https:\/\/innopulse.cat\/ca\/about\/\"]}]},{\"@type\":\"BreadcrumbList\",\"@id\":\"https:\/\/innopulse.cat\/ca\/about\/#breadcrumb\",\"itemListElement\":[{\"@type\":\"ListItem\",\"position\":1,\"name\":\"Portada\",\"item\":\"https:\/\/innopulse.cat\/ca\/\"},{\"@type\":\"ListItem\",\"position\":2,\"name\":\"about\"}]},{\"@type\":\"WebSite\",\"@id\":\"https:\/\/innopulse.cat\/#website\",\"url\":\"https:\/\/innopulse.cat\/\",\"name\":\"INNOPULSE, S.L - TEXTILE SOLUTIONS\",\"description\":\"Gesti\u00f3n y producci\u00f3n de confecci\u00f3n textil.\",\"publisher\":{\"@id\":\"https:\/\/innopulse.cat\/#organization\"},\"potentialAction\":[{\"@type\":\"SearchAction\",\"target\":{\"@type\":\"EntryPoint\",\"urlTemplate\":\"https:\/\/innopulse.cat\/?s={search_term_string}\"},\"query-input\":\"required name=search_term_string\"}],\"inLanguage\":\"ca\"},{\"@type\":\"Organization\",\"@id\":\"https:\/\/innopulse.cat\/#organization\",\"name\":\"Innopulse, S.L\",\"url\":\"https:\/\/innopulse.cat\/\",\"logo\":{\"@type\":\"ImageObject\",\"inLanguage\":\"ca\",\"@id\":\"https:\/\/innopulse.cat\/#\/schema\/logo\/image\/\",\"url\":\"https:\/\/innopulse.cat\/wp-content\/uploads\/2017\/04\/innopulse-manteniment.jpg\",\"contentUrl\":\"https:\/\/innopulse.cat\/wp-content\/uploads\/2017\/04\/innopulse-manteniment.jpg\",\"width\":1500,\"height\":386,\"caption\":\"Innopulse, S.L\"},\"image\":{\"@id\":\"https:\/\/innopulse.cat\/#\/schema\/logo\/image\/\"},\"sameAs\":[\"https:\/\/www.instagram.com\/innopulse.textil\/\"]}]}<\/script>\n<!-- \/ Yoast SEO plugin. -->","yoast_head_json":{"title":"about - INNOPULSE, S.L - TEXTILE SOLUTIONS","description":"INNOPULSE. Empresa dedicada a la gesti\u00f3 i producci\u00f3 de Confecci\u00f3 T\u00e8xtil a Bulg\u00e0ria des de l\u2019any 2003. Disposem de la nostra oficina comercial a Berga.","robots":{"index":"index","follow":"follow","max-snippet":"max-snippet:-1","max-image-preview":"max-image-preview:large","max-video-preview":"max-video-preview:-1"},"canonical":"https:\/\/innopulse.cat\/ca\/about\/","og_locale":"ca_ES","og_type":"article","og_title":"about - INNOPULSE, S.L - TEXTILE SOLUTIONS","og_description":"INNOPULSE. Empresa dedicada a la gesti\u00f3 i producci\u00f3 de Confecci\u00f3 T\u00e8xtil a Bulg\u00e0ria des de l\u2019any 2003. Disposem de la nostra oficina comercial a Berga.","og_url":"https:\/\/innopulse.cat\/ca\/about\/","og_site_name":"INNOPULSE, S.L - TEXTILE SOLUTIONS","article_modified_time":"2017-08-02T05:52:29+00:00","og_image":[{"url":"https:\/\/innopulse.cat\/wp-content\/uploads\/2017\/07\/04072017-FullSizeRender-1.jpg"}],"twitter_card":"summary_large_image","twitter_misc":{"Temps estimat de lectura":"4 minuts"},"schema":{"@context":"https:\/\/schema.org","@graph":[{"@type":"WebPage","@id":"https:\/\/innopulse.cat\/ca\/about\/","url":"https:\/\/innopulse.cat\/ca\/about\/","name":"about - INNOPULSE, S.L - TEXTILE SOLUTIONS","isPartOf":{"@id":"https:\/\/innopulse.cat\/#website"},"datePublished":"2017-07-05T15:01:46+00:00","dateModified":"2017-08-02T05:52:29+00:00","description":"INNOPULSE. Empresa dedicada a la gesti\u00f3 i producci\u00f3 de Confecci\u00f3 T\u00e8xtil a Bulg\u00e0ria des de l\u2019any 2003. Disposem de la nostra oficina comercial a Berga.","breadcrumb":{"@id":"https:\/\/innopulse.cat\/ca\/about\/#breadcrumb"},"inLanguage":"ca","potentialAction":[{"@type":"ReadAction","target":["https:\/\/innopulse.cat\/ca\/about\/"]}]},{"@type":"BreadcrumbList","@id":"https:\/\/innopulse.cat\/ca\/about\/#breadcrumb","itemListElement":[{"@type":"ListItem","position":1,"name":"Portada","item":"https:\/\/innopulse.cat\/ca\/"},{"@type":"ListItem","position":2,"name":"about"}]},{"@type":"WebSite","@id":"https:\/\/innopulse.cat\/#website","url":"https:\/\/innopulse.cat\/","name":"INNOPULSE, S.L - TEXTILE SOLUTIONS","description":"Gesti\u00f3n y producci\u00f3n de confecci\u00f3n textil.","publisher":{"@id":"https:\/\/innopulse.cat\/#organization"},"potentialAction":[{"@type":"SearchAction","target":{"@type":"EntryPoint","urlTemplate":"https:\/\/innopulse.cat\/?s={search_term_string}"},"query-input":"required name=search_term_string"}],"inLanguage":"ca"},{"@type":"Organization","@id":"https:\/\/innopulse.cat\/#organization","name":"Innopulse, S.L","url":"https:\/\/innopulse.cat\/","logo":{"@type":"ImageObject","inLanguage":"ca","@id":"https:\/\/innopulse.cat\/#\/schema\/logo\/image\/","url":"https:\/\/innopulse.cat\/wp-content\/uploads\/2017\/04\/innopulse-manteniment.jpg","contentUrl":"https:\/\/innopulse.cat\/wp-content\/uploads\/2017\/04\/innopulse-manteniment.jpg","width":1500,"height":386,"caption":"Innopulse, S.L"},"image":{"@id":"https:\/\/innopulse.cat\/#\/schema\/logo\/image\/"},"sameAs":["https:\/\/www.instagram.com\/innopulse.textil\/"]}]}},"_links":{"self":[{"href":"https:\/\/innopulse.cat\/ca\/wp-json\/wp\/v2\/pages\/1241"}],"collection":[{"href":"https:\/\/innopulse.cat\/ca\/wp-json\/wp\/v2\/pages"}],"about":[{"href":"https:\/\/innopulse.cat\/ca\/wp-json\/wp\/v2\/types\/page"}],"author":[{"embeddable":true,"href":"https:\/\/innopulse.cat\/ca\/wp-json\/wp\/v2\/users\/1"}],"replies":[{"embeddable":true,"href":"https:\/\/innopulse.cat\/ca\/wp-json\/wp\/v2\/comments?post=1241"}],"version-history":[{"count":2,"href":"https:\/\/innopulse.cat\/ca\/wp-json\/wp\/v2\/pages\/1241\/revisions"}],"predecessor-version":[{"id":1425,"href":"https:\/\/innopulse.cat\/ca\/wp-json\/wp\/v2\/pages\/1241\/revisions\/1425"}],"wp:attachment":[{"href":"https:\/\/innopulse.cat\/ca\/wp-json\/wp\/v2\/media?parent=1241"}],"curies":[{"name":"wp","href":"https:\/\/api.w.org\/{rel}","templated":true}]}}