{"id":1250,"date":"2015-05-25T12:08:50","date_gmt":"2015-05-25T12:08:50","guid":{"rendered":"https:\/\/innopulse.cat\/articles\/"},"modified":"2017-07-14T17:10:21","modified_gmt":"2017-07-14T17:10:21","slug":"productes","status":"publish","type":"page","link":"https:\/\/innopulse.cat\/ca\/productes\/","title":{"rendered":"Productes"},"content":{"rendered":"<div class=\"row  \" ><div class=\"container\"><div class=\"row row-edge\">\n<div class=\"col-xs-12 col-sm-12 col-md-4 col-lg-12\">\n<h2 style=\"text-align: center;\">Productes<\/h2>\n<\/div>\n<div class=\"col-xs-12 col-sm-12 col-md-4 col-lg-12\">\n<div class=\"cherry-spacer  \" style=\"height:9px;\"><\/div>\n<\/div>\n<div class=\"col-xs-12 col-sm-12 col-md-4 col-lg-12\">\n<div id=\"cherry-posts-list-1\" class=\"cherry-posts-list template-posts_3 row  \"><div class=\"cherry-posts-item col-xs-12 col-sm-12 col-md-4 col-lg-4 page-item item-0 odd\"><div class=\"inner cherry-clearfix\"><div class=\"post_3\">\r\n      <a href=\"https:\/\/innopulse.cat\/ca\/productes\/pants-skirts\/\" title=\"Pants &#038; Skirts\" class=\"post-thumbnail_link\"><img width=\"370\" height=\"218\" src=\"https:\/\/innopulse.cat\/wp-content\/uploads\/2017\/04\/DSCF4346-370x218.jpg\" class=\"attachment-cherry-post_1 size-cherry-post_1 wp-post-image\" alt=\"\" decoding=\"async\" loading=\"lazy\" \/><\/a>\r\n      <h3><a href=\"https:\/\/innopulse.cat\/ca\/productes\/pants-skirts\/\" title=\"Pants &#038; Skirts\">Pants &#038; Skirts<\/a><\/h3>\r\n      <div class=\"post-content part\">PANTS &amp; SKIRT Confecci\u00f3 de pantalons d&#8217;home i dona, amb les seves diferents opcions i variants. Confecci\u00f3 de tot tipus de faldilles.\u00a0Disposem de diferents l\u00ednies de treball especialitzades en cada tipus de pe\u00e7a.<\/div>\r\n<\/div><\/div><\/div><div class=\"cherry-xs-clear cherry-sm-clear\"><\/div><!--\/.cherry-posts-item--><div class=\"cherry-posts-item col-xs-12 col-sm-12 col-md-4 col-lg-4 page-item item-1 even\"><div class=\"inner cherry-clearfix\"><div class=\"post_3\">\r\n      <a href=\"https:\/\/innopulse.cat\/ca\/productes\/jackets-coats\/\" title=\"Jackets &#038; Coats\" class=\"post-thumbnail_link\"><img width=\"370\" height=\"218\" src=\"https:\/\/innopulse.cat\/wp-content\/uploads\/2017\/06\/DSCF4366-370x218.jpg\" class=\"attachment-cherry-post_1 size-cherry-post_1 wp-post-image\" alt=\"\" decoding=\"async\" loading=\"lazy\" \/><\/a>\r\n      <h3><a href=\"https:\/\/innopulse.cat\/ca\/productes\/jackets-coats\/\" title=\"Jackets &#038; Coats\">Jackets &#038; Coats<\/a><\/h3>\r\n      <div class=\"post-content part\">JACKETS &amp; COATS Confecci\u00f3 d&#8217;abrics i jaquetes tant d&#8217;home com de dona. Abrics de drap i jaquetes d&#8217;aigua. Embuatats a mida i col\u00b7locaci\u00f3 de tot tipus de tancaments met\u00e0l\u00b7lics. Confecci\u00f3 d&#8217;Americanes, parques, i tot tipus de pe\u00e7a exterior.<\/div>\r\n<\/div><\/div><\/div><div class=\"cherry-xs-clear cherry-sm-clear\"><\/div><!--\/.cherry-posts-item--><div class=\"cherry-posts-item col-xs-12 col-sm-12 col-md-4 col-lg-4 page-item item-2 odd\"><div class=\"inner cherry-clearfix\"><div class=\"post_3\">\r\n      <a href=\"https:\/\/innopulse.cat\/ca\/productes\/knitwear\/\" title=\"Knitwear\" class=\"post-thumbnail_link\"><img width=\"370\" height=\"218\" src=\"https:\/\/innopulse.cat\/wp-content\/uploads\/2017\/06\/DSCF4228-370x218.jpg\" class=\"attachment-cherry-post_1 size-cherry-post_1 wp-post-image\" alt=\"\" decoding=\"async\" loading=\"lazy\" \/><\/a>\r\n      <h3><a href=\"https:\/\/innopulse.cat\/ca\/productes\/knitwear\/\" title=\"Knitwear\">Knitwear<\/a><\/h3>\r\n      <div class=\"post-content part\">KNITWEAR Tot tipus de dissenys i fabricaci\u00f3 de peces de punt per a home i dona. Disposem de gg3, gg5, gg7, gg8, gg12, gg14 i multigalgas. Oferim producte acabat incloent la filatura.<\/div>\r\n<\/div><\/div><\/div><div class=\"cherry-xs-clear cherry-sm-clear cherry-md-clear cherry-lg-clear\"><\/div><!--\/.cherry-posts-item--><div class=\"cherry-posts-item col-xs-12 col-sm-12 col-md-4 col-lg-4 page-item item-3 even\"><div class=\"inner cherry-clearfix\"><div class=\"post_3\">\r\n      <a href=\"https:\/\/innopulse.cat\/ca\/productes\/dresses\/\" title=\"Dresses\" class=\"post-thumbnail_link\"><img width=\"370\" height=\"218\" src=\"https:\/\/innopulse.cat\/wp-content\/uploads\/2017\/06\/DSCF4240-370x218.jpg\" class=\"attachment-cherry-post_1 size-cherry-post_1 wp-post-image\" alt=\"\" decoding=\"async\" loading=\"lazy\" \/><\/a>\r\n      <h3><a href=\"https:\/\/innopulse.cat\/ca\/productes\/dresses\/\" title=\"Dresses\">Dresses<\/a><\/h3>\r\n      <div class=\"post-content part\">DRESSES Confeccionem tot tipus de vestits de tela, amb opci\u00f3 tamb\u00e9 de tintar en peces i aplicar transfer\u00e8ncies i estampats.<\/div>\r\n<\/div><\/div><\/div><div class=\"cherry-xs-clear cherry-sm-clear\"><\/div><!--\/.cherry-posts-item--><div class=\"cherry-posts-item col-xs-12 col-sm-12 col-md-4 col-lg-4 page-item item-4 odd\"><div class=\"inner cherry-clearfix\"><div class=\"post_3\">\r\n      <a href=\"https:\/\/innopulse.cat\/ca\/productes\/t-shirts\/\" title=\"T-shirts\" class=\"post-thumbnail_link\"><img width=\"370\" height=\"218\" src=\"https:\/\/innopulse.cat\/wp-content\/uploads\/2017\/06\/DSCF4570-370x218.jpg\" class=\"attachment-cherry-post_1 size-cherry-post_1 wp-post-image\" alt=\"\" decoding=\"async\" loading=\"lazy\" \/><\/a>\r\n      <h3><a href=\"https:\/\/innopulse.cat\/ca\/productes\/t-shirts\/\" title=\"T-shirts\">T-shirts<\/a><\/h3>\r\n      <div class=\"post-content part\">T-SHIRTS Confecci\u00f3 de tot tipus de pe\u00e7a de circular. Com samarretes, vestits, pantalons. Tamb\u00e9 confecci\u00f3 de pe\u00e7a combinada entre circular i teixit, i fins i tot punt. Amb opci\u00f3 tamb\u00e9 de tintar en peces i aplicar transfer\u00e8ncies i estampats. Gran varietat de maquin\u00e0ria adaptable a les seves necessitats.<\/div>\r\n<\/div><\/div><\/div><div class=\"cherry-xs-clear cherry-sm-clear\"><\/div><!--\/.cherry-posts-item--><div class=\"cherry-posts-item col-xs-12 col-sm-12 col-md-4 col-lg-4 page-item item-5 even\"><div class=\"inner cherry-clearfix\"><div class=\"post_3\">\r\n      <a href=\"https:\/\/innopulse.cat\/ca\/productes\/underwear-homewear\/\" title=\"Underwear &#038; Homewear\" class=\"post-thumbnail_link\"><img width=\"370\" height=\"218\" src=\"https:\/\/innopulse.cat\/wp-content\/uploads\/2017\/06\/DSCF5829-370x218.jpg\" class=\"attachment-cherry-post_1 size-cherry-post_1 wp-post-image\" alt=\"\" decoding=\"async\" loading=\"lazy\" \/><\/a>\r\n      <h3><a href=\"https:\/\/innopulse.cat\/ca\/productes\/underwear-homewear\/\" title=\"Underwear &#038; Homewear\">Underwear &#038; Homewear<\/a><\/h3>\r\n      <div class=\"post-content part\">UNDERWEAR &amp; HOMEWEAR Especialistes en confecci\u00f3 de cal\u00e7otets de tela per a home. Tamb\u00e9 en la confecci\u00f3 de pijames per a home en teixit de tela o combinat de tela i circular.<\/div>\r\n<\/div><\/div><\/div><div class=\"cherry-xs-clear cherry-sm-clear cherry-md-clear cherry-lg-clear\"><\/div><!--\/.cherry-posts-item--><\/div><!--\/.cherry-posts-list-->\n<\/div>\n<\/div><\/div><\/div>\n<div class=\"row  \" ><section class=\"parallax-box image-parallax-box \" style=\"min-height: 300px\"><div class=\"parallax-content\"><div class=\"container\"><div class=\"row row-edge\">\n<div class=\"col-xs-12 col-sm-12 col-md-12 col-lg-12\">\n<div class=\"cherry-spacer   hidden-xs hidden-sm\" style=\"height:224px;\"><\/div><div class=\"cherry-spacer   visible-sm-block\" style=\"height:150px;\"><\/div><div class=\"cherry-spacer   visible-xs-block\" style=\"height:100px;\"><\/div>\n<\/div>\n<div class=\"col-xs-12 col-sm-11 col-md-11 col-lg-11 col-xs-offset-0 col-sm-offset-1 col-md-offset-1 col-lg-offset-1\">\n<div class=\"cherry-banner template-banner_1 type_2 \"><div class=\"banner_1\">\r\n   <h2 class=\"cherry-banner_title\">A driving spirit<\/h2>\r\n   <div class=\"banner_inner\">\r\n      <div class=\"cherry-banner_content\">\n<p><em>OF<\/em> a fashion line<\/p>\n<\/div>\r\n      <a href=\"#\" class=\"cherry-btn cherry-btn-info type_3\"><\/a>\r\n   <\/div>\r\n<\/div><\/div>\n<\/div>\n<div class=\"col-xs-12 col-sm-12 col-md-12 col-lg-12\">\n<div class=\"cherry-spacer   hidden-xs hidden-sm\" style=\"height:207px;\"><\/div><div class=\"cherry-spacer   visible-sm-block\" style=\"height:150px;\"><\/div><div class=\"cherry-spacer   visible-xs-block\" style=\"height:100px;\"><\/div>\n<\/div>\n<\/div><\/div><div class=\"clear\"><\/div><\/div><div class=\"parallax-bg\" data-parallax-type=\"image\" data-img-url=\"https:\/\/innopulse.cat\/wp-content\/uploads\/2017\/04\/DSCF4158.jpg\" data-speed=\"4.5\" data-invert=\"1\" ><\/div><\/section><\/div>\n<div class=\"row  \" ><div class=\"container\"><div class=\"row row-edge\">\n<div class=\"col-xs-12 col-sm-12 col-md-12 col-lg-12\">\n<div class=\"cherry-spacer  \" style=\"height:4px;\"><\/div>\n<\/div>\n<\/div><\/div><\/div>\n","protected":false},"excerpt":{"rendered":"UNDERWEAR &amp; HOMEWEAR Especialistes en confecci\u00f3 de cal\u00e7otets de tela per a home. Tamb\u00e9 en la confecci\u00f3 de pijames per a home en teixit de tela o combinat de tela i circular.","protected":false},"author":1,"featured_media":0,"parent":0,"menu_order":1,"comment_status":"open","ping_status":"closed","template":"","meta":[],"yoast_head":"<!-- This site is optimized with the Yoast SEO plugin v20.4 - https:\/\/yoast.com\/wordpress\/plugins\/seo\/ -->\n<title>Productes - INNOPULSE, S.L - TEXTILE SOLUTIONS<\/title>\n<meta name=\"robots\" content=\"index, follow, max-snippet:-1, max-image-preview:large, max-video-preview:-1\" \/>\n<link rel=\"canonical\" href=\"https:\/\/innopulse.cat\/ca\/productes\/\" \/>\n<meta property=\"og:locale\" content=\"ca_ES\" \/>\n<meta property=\"og:type\" content=\"article\" \/>\n<meta property=\"og:title\" content=\"Productes - INNOPULSE, S.L - TEXTILE SOLUTIONS\" \/>\n<meta property=\"og:description\" content=\"UNDERWEAR &amp; HOMEWEAR Especialistes en confecci\u00f3 de cal\u00e7otets de tela per a home. Tamb\u00e9 en la confecci\u00f3 de pijames per a home en teixit de tela o combinat de tela i circular.\" \/>\n<meta property=\"og:url\" content=\"https:\/\/innopulse.cat\/ca\/productes\/\" \/>\n<meta property=\"og:site_name\" content=\"INNOPULSE, S.L - TEXTILE SOLUTIONS\" \/>\n<meta property=\"article:modified_time\" content=\"2017-07-14T17:10:21+00:00\" \/>\n<meta name=\"twitter:card\" content=\"summary_large_image\" \/>\n<meta name=\"twitter:label1\" content=\"Temps estimat de lectura\" \/>\n\t<meta name=\"twitter:data1\" content=\"1 minut\" \/>\n<script type=\"application\/ld+json\" class=\"yoast-schema-graph\">{\"@context\":\"https:\/\/schema.org\",\"@graph\":[{\"@type\":\"WebPage\",\"@id\":\"https:\/\/innopulse.cat\/ca\/productes\/\",\"url\":\"https:\/\/innopulse.cat\/ca\/productes\/\",\"name\":\"Productes - INNOPULSE, S.L - TEXTILE SOLUTIONS\",\"isPartOf\":{\"@id\":\"https:\/\/innopulse.cat\/#website\"},\"datePublished\":\"2015-05-25T12:08:50+00:00\",\"dateModified\":\"2017-07-14T17:10:21+00:00\",\"breadcrumb\":{\"@id\":\"https:\/\/innopulse.cat\/ca\/productes\/#breadcrumb\"},\"inLanguage\":\"ca\",\"potentialAction\":[{\"@type\":\"ReadAction\",\"target\":[\"https:\/\/innopulse.cat\/ca\/productes\/\"]}]},{\"@type\":\"BreadcrumbList\",\"@id\":\"https:\/\/innopulse.cat\/ca\/productes\/#breadcrumb\",\"itemListElement\":[{\"@type\":\"ListItem\",\"position\":1,\"name\":\"Portada\",\"item\":\"https:\/\/innopulse.cat\/ca\/\"},{\"@type\":\"ListItem\",\"position\":2,\"name\":\"Productes\"}]},{\"@type\":\"WebSite\",\"@id\":\"https:\/\/innopulse.cat\/#website\",\"url\":\"https:\/\/innopulse.cat\/\",\"name\":\"INNOPULSE, S.L - TEXTILE SOLUTIONS\",\"description\":\"Gesti\u00f3n y producci\u00f3n de confecci\u00f3n textil.\",\"publisher\":{\"@id\":\"https:\/\/innopulse.cat\/#organization\"},\"potentialAction\":[{\"@type\":\"SearchAction\",\"target\":{\"@type\":\"EntryPoint\",\"urlTemplate\":\"https:\/\/innopulse.cat\/?s={search_term_string}\"},\"query-input\":\"required name=search_term_string\"}],\"inLanguage\":\"ca\"},{\"@type\":\"Organization\",\"@id\":\"https:\/\/innopulse.cat\/#organization\",\"name\":\"Innopulse, S.L\",\"url\":\"https:\/\/innopulse.cat\/\",\"logo\":{\"@type\":\"ImageObject\",\"inLanguage\":\"ca\",\"@id\":\"https:\/\/innopulse.cat\/#\/schema\/logo\/image\/\",\"url\":\"https:\/\/innopulse.cat\/wp-content\/uploads\/2017\/04\/innopulse-manteniment.jpg\",\"contentUrl\":\"https:\/\/innopulse.cat\/wp-content\/uploads\/2017\/04\/innopulse-manteniment.jpg\",\"width\":1500,\"height\":386,\"caption\":\"Innopulse, S.L\"},\"image\":{\"@id\":\"https:\/\/innopulse.cat\/#\/schema\/logo\/image\/\"},\"sameAs\":[\"https:\/\/www.instagram.com\/innopulse.textil\/\"]}]}<\/script>\n<!-- \/ Yoast SEO plugin. -->","yoast_head_json":{"title":"Productes - INNOPULSE, S.L - TEXTILE SOLUTIONS","robots":{"index":"index","follow":"follow","max-snippet":"max-snippet:-1","max-image-preview":"max-image-preview:large","max-video-preview":"max-video-preview:-1"},"canonical":"https:\/\/innopulse.cat\/ca\/productes\/","og_locale":"ca_ES","og_type":"article","og_title":"Productes - INNOPULSE, S.L - TEXTILE SOLUTIONS","og_description":"UNDERWEAR &amp; HOMEWEAR Especialistes en confecci\u00f3 de cal\u00e7otets de tela per a home. Tamb\u00e9 en la confecci\u00f3 de pijames per a home en teixit de tela o combinat de tela i circular.","og_url":"https:\/\/innopulse.cat\/ca\/productes\/","og_site_name":"INNOPULSE, S.L - TEXTILE SOLUTIONS","article_modified_time":"2017-07-14T17:10:21+00:00","twitter_card":"summary_large_image","twitter_misc":{"Temps estimat de lectura":"1 minut"},"schema":{"@context":"https:\/\/schema.org","@graph":[{"@type":"WebPage","@id":"https:\/\/innopulse.cat\/ca\/productes\/","url":"https:\/\/innopulse.cat\/ca\/productes\/","name":"Productes - INNOPULSE, S.L - TEXTILE SOLUTIONS","isPartOf":{"@id":"https:\/\/innopulse.cat\/#website"},"datePublished":"2015-05-25T12:08:50+00:00","dateModified":"2017-07-14T17:10:21+00:00","breadcrumb":{"@id":"https:\/\/innopulse.cat\/ca\/productes\/#breadcrumb"},"inLanguage":"ca","potentialAction":[{"@type":"ReadAction","target":["https:\/\/innopulse.cat\/ca\/productes\/"]}]},{"@type":"BreadcrumbList","@id":"https:\/\/innopulse.cat\/ca\/productes\/#breadcrumb","itemListElement":[{"@type":"ListItem","position":1,"name":"Portada","item":"https:\/\/innopulse.cat\/ca\/"},{"@type":"ListItem","position":2,"name":"Productes"}]},{"@type":"WebSite","@id":"https:\/\/innopulse.cat\/#website","url":"https:\/\/innopulse.cat\/","name":"INNOPULSE, S.L - TEXTILE SOLUTIONS","description":"Gesti\u00f3n y producci\u00f3n de confecci\u00f3n textil.","publisher":{"@id":"https:\/\/innopulse.cat\/#organization"},"potentialAction":[{"@type":"SearchAction","target":{"@type":"EntryPoint","urlTemplate":"https:\/\/innopulse.cat\/?s={search_term_string}"},"query-input":"required name=search_term_string"}],"inLanguage":"ca"},{"@type":"Organization","@id":"https:\/\/innopulse.cat\/#organization","name":"Innopulse, S.L","url":"https:\/\/innopulse.cat\/","logo":{"@type":"ImageObject","inLanguage":"ca","@id":"https:\/\/innopulse.cat\/#\/schema\/logo\/image\/","url":"https:\/\/innopulse.cat\/wp-content\/uploads\/2017\/04\/innopulse-manteniment.jpg","contentUrl":"https:\/\/innopulse.cat\/wp-content\/uploads\/2017\/04\/innopulse-manteniment.jpg","width":1500,"height":386,"caption":"Innopulse, S.L"},"image":{"@id":"https:\/\/innopulse.cat\/#\/schema\/logo\/image\/"},"sameAs":["https:\/\/www.instagram.com\/innopulse.textil\/"]}]}},"_links":{"self":[{"href":"https:\/\/innopulse.cat\/ca\/wp-json\/wp\/v2\/pages\/1250"}],"collection":[{"href":"https:\/\/innopulse.cat\/ca\/wp-json\/wp\/v2\/pages"}],"about":[{"href":"https:\/\/innopulse.cat\/ca\/wp-json\/wp\/v2\/types\/page"}],"author":[{"embeddable":true,"href":"https:\/\/innopulse.cat\/ca\/wp-json\/wp\/v2\/users\/1"}],"replies":[{"embeddable":true,"href":"https:\/\/innopulse.cat\/ca\/wp-json\/wp\/v2\/comments?post=1250"}],"version-history":[{"count":2,"href":"https:\/\/innopulse.cat\/ca\/wp-json\/wp\/v2\/pages\/1250\/revisions"}],"predecessor-version":[{"id":1256,"href":"https:\/\/innopulse.cat\/ca\/wp-json\/wp\/v2\/pages\/1250\/revisions\/1256"}],"wp:attachment":[{"href":"https:\/\/innopulse.cat\/ca\/wp-json\/wp\/v2\/media?parent=1250"}],"curies":[{"name":"wp","href":"https:\/\/api.w.org\/{rel}","templated":true}]}}