{"id":1281,"date":"2017-04-07T12:35:36","date_gmt":"2017-04-07T12:35:36","guid":{"rendered":"https:\/\/innopulse.cat\/productes\/pants-skirts\/"},"modified":"2017-07-17T17:04:50","modified_gmt":"2017-07-17T17:04:50","slug":"pants-skirts","status":"publish","type":"page","link":"https:\/\/innopulse.cat\/ca\/productes\/pants-skirts\/","title":{"rendered":"Pants &#038; Skirts"},"content":{"rendered":"<div class=\"row row-edge  \" >\n<div class=\"col-md-12 col-xs-offset-0 col-sm-offset-0 col-md-offset-0 col-lg-offset-0 col-xs-pull-0 col-sm-pull-0 col-md-pull-0 col-lg-pull-0 col-xs-push-0 col-sm-push-0 col-md-push-0 col-lg-push-0\">\n<div class=\"row row-edge  \" >\n<div class=\"col-md-12 col-xs-offset-0 col-sm-offset-0 col-md-offset-0 col-lg-offset-0 col-xs-pull-0 col-sm-pull-0 col-md-pull-0 col-lg-pull-0 col-xs-push-0 col-sm-push-0 col-md-push-0 col-lg-push-0\">\n<div class=\"cherry-spacer   hidden-xs hidden-sm\" style=\"height:20px;\"><\/div><div class=\"cherry-spacer   visible-sm-block\" style=\"height:20px;\"><\/div><div class=\"cherry-spacer   visible-xs-block\" style=\"height:20px;\"><\/div>\n<\/div>\n<\/div>\n<div class=\"row row-edge  \" >\n<div class=\"col-md-4 col-xs-offset-0 col-sm-offset-0 col-md-offset-0 col-lg-offset-0 col-xs-pull-0 col-sm-pull-0 col-md-pull-0 col-lg-pull-0 col-xs-push-0 col-sm-push-0 col-md-push-0 col-lg-push-0\">\n<div class=\"cherry-box   box-373\"><div class=\"inner\">\n<p><strong>PANTS &amp; SKIRT<\/strong><\/p>\n<\/div><\/div>\n<\/div>\n<div class=\"col-md-8\">\n<div>\n<p id=\"tw-target-text\" class=\"tw-data-text tw-ta tw-text-small\" dir=\"ltr\" data-placeholder=\"Traducci\u00f3n\"><span lang=\"ca\">Confecci\u00f3 de pantalons d&#8217;home i dona, amb les seves diferents opcions i variants. Confecci\u00f3 de tot tipus de faldilles.\u00a0<\/span>Disposem de diferents l\u00ednies de treball especialitzades en cada tipus de pe\u00e7a.<\/p>\n<\/div>\n<div><\/div>\n<\/div>\n<\/div>\n<div class=\"row row-edge  \" >\n<div class=\"col-md-12 col-xs-offset-0 col-sm-offset-0 col-md-offset-0 col-lg-offset-0 col-xs-pull-0 col-sm-pull-0 col-md-pull-0 col-lg-pull-0 col-xs-push-0 col-sm-push-0 col-md-push-0 col-lg-push-0\">\n<div class=\"cherry-spacer   hidden-xs hidden-sm\" style=\"height:20px;\"><\/div><div class=\"cherry-spacer   visible-sm-block\" style=\"height:20px;\"><\/div><div class=\"cherry-spacer   visible-xs-block\" style=\"height:20px;\"><\/div>\n<\/div>\n<\/div>\n<\/div>\n<\/div>\n<div class=\"row row-edge  \" >\n<div class=\"col-md-12 col-xs-offset-0 col-sm-offset-0 col-md-offset-0 col-lg-offset-0 col-xs-pull-0 col-sm-pull-0 col-md-pull-0 col-lg-pull-0 col-xs-push-0 col-sm-push-0 col-md-push-0 col-lg-push-0\">\n<div class=\"row row-edge  \" >\n<div class=\"col-md-12 col-xs-offset-0 col-sm-offset-0 col-md-offset-0 col-lg-offset-0 col-xs-pull-0 col-sm-pull-0 col-md-pull-0 col-lg-pull-0 col-xs-push-0 col-sm-push-0 col-md-push-0 col-lg-push-0\">\n<div class=\"motopress-grid-gallery-obj motopress-grid-gallery-obj-basic motopress-grid-gallery-need-recalc\" id=\"6a05ec4714385\">\n<div class=\"mp-row-fluid\">\n<div class=\"mp-span4\"><a href=\"https:\/\/innopulse.cat\/wp-content\/uploads\/2017\/04\/DSCF4158.jpg\" data-action=\"motopressGalleryLightbox\" target=\"_self\" title=\"innopulse Pants &#038; Skirts 1\"><img decoding=\"async\" src=\"https:\/\/innopulse.cat\/wp-content\/uploads\/2017\/04\/DSCF4158-1024x683.jpg\" title=\"innopulse Pants &amp; Skirts 1\" alt=\"innopulse Pants &#038; Skirts 1\" \/><\/a><\/div>\n<div class=\"mp-span4\"><a href=\"https:\/\/innopulse.cat\/wp-content\/uploads\/2017\/04\/DSCF4341.jpg\" data-action=\"motopressGalleryLightbox\" target=\"_self\" title=\"innopulse Pants &#038; Skirts 3\"><img decoding=\"async\" src=\"https:\/\/innopulse.cat\/wp-content\/uploads\/2017\/04\/DSCF4341-1024x683.jpg\" title=\"innopulse Pants &amp; Skirts 3\" alt=\"innopulse Pants &#038; Skirts 3\" \/><\/a><\/div>\n<div class=\"mp-span4\"><a href=\"https:\/\/innopulse.cat\/wp-content\/uploads\/2017\/04\/DSCF4346.jpg\" data-action=\"motopressGalleryLightbox\" target=\"_self\" title=\"innopulse Pants &#038; Skirts 4\"><img decoding=\"async\" src=\"https:\/\/innopulse.cat\/wp-content\/uploads\/2017\/04\/DSCF4346-1024x683.jpg\" title=\"innopulse Pants &amp; Skirts 4\" alt=\"innopulse Pants &#038; Skirts 4\" \/><\/a><\/div>\n<\/div>\n<div class=\"mp-row-fluid\">\n<div class=\"mp-span4\"><a href=\"https:\/\/innopulse.cat\/wp-content\/uploads\/2017\/04\/DSCF4511.jpg\" data-action=\"motopressGalleryLightbox\" target=\"_self\" title=\"innopulse Pants &#038; Skirts 5\"><img decoding=\"async\" src=\"https:\/\/innopulse.cat\/wp-content\/uploads\/2017\/04\/DSCF4511-1024x683.jpg\" title=\"innopulse Pants &amp; Skirts 5\" alt=\"innopulse Pants &#038; Skirts 5\" \/><\/a><\/div>\n<div class=\"mp-span4\"><a href=\"https:\/\/innopulse.cat\/wp-content\/uploads\/2017\/04\/DSCF4327.jpg\" data-action=\"motopressGalleryLightbox\" target=\"_self\" title=\"innopulse Pants &#038; Skirts 2\"><img decoding=\"async\" src=\"https:\/\/innopulse.cat\/wp-content\/uploads\/2017\/04\/DSCF4327-683x1024.jpg\" title=\"innopulse Pants &amp; Skirts 2\" alt=\"innopulse Pants &#038; Skirts 2\" \/><\/a><\/div>\n<div class=\"mp-span4\"><a href=\"https:\/\/innopulse.cat\/wp-content\/uploads\/2017\/04\/DSCF4655.jpg\" data-action=\"motopressGalleryLightbox\" target=\"_self\" title=\"innopulse Pants &#038; Skirts 6\"><img decoding=\"async\" src=\"https:\/\/innopulse.cat\/wp-content\/uploads\/2017\/04\/DSCF4655-1024x683.jpg\" title=\"innopulse Pants &amp; Skirts 6\" alt=\"innopulse Pants &#038; Skirts 6\" \/><\/a><\/div>\n<\/div>\n<p class=\"motopress-hide-script\"><script>jQuery(function(){\n                mpRecalcGridGalleryMargins(jQuery('#6a05ec4714385'));\n            });<\/script><\/p>\n<\/div>\n<\/div>\n<\/div>\n<div class=\"row row-edge  \" >\n<div class=\"col-md-12 col-xs-offset-0 col-sm-offset-0 col-md-offset-0 col-lg-offset-0 col-xs-pull-0 col-sm-pull-0 col-md-pull-0 col-lg-pull-0 col-xs-push-0 col-sm-push-0 col-md-push-0 col-lg-push-0\">\n<\/div>\n<\/div>\n<\/div>\n<\/div>\n","protected":false},"excerpt":{"rendered":"PANTS &amp; SKIRT Confecci\u00f3 de pantalons d&#8217;home i dona, amb les seves diferents opcions i variants. Confecci\u00f3 de tot tipus de faldilles.\u00a0Disposem de diferents l\u00ednies de treball especialitzades en cada tipus de pe\u00e7a.","protected":false},"author":1,"featured_media":1032,"parent":1250,"menu_order":0,"comment_status":"closed","ping_status":"closed","template":"","meta":[],"yoast_head":"<!-- This site is optimized with the Yoast SEO plugin v20.4 - https:\/\/yoast.com\/wordpress\/plugins\/seo\/ -->\n<title>Pants &amp; Skirts - INNOPULSE, S.L - TEXTILE SOLUTIONS<\/title>\n<meta name=\"robots\" content=\"index, follow, max-snippet:-1, max-image-preview:large, max-video-preview:-1\" \/>\n<link rel=\"canonical\" href=\"https:\/\/innopulse.cat\/ca\/productes\/pants-skirts\/\" \/>\n<meta property=\"og:locale\" content=\"ca_ES\" \/>\n<meta property=\"og:type\" content=\"article\" \/>\n<meta property=\"og:title\" content=\"Pants &amp; Skirts - INNOPULSE, S.L - TEXTILE SOLUTIONS\" \/>\n<meta property=\"og:description\" content=\"PANTS &amp; SKIRT Confecci\u00f3 de pantalons d&#8217;home i dona, amb les seves diferents opcions i variants. Confecci\u00f3 de tot tipus de faldilles.\u00a0Disposem de diferents l\u00ednies de treball especialitzades en cada tipus de pe\u00e7a.\" \/>\n<meta property=\"og:url\" content=\"https:\/\/innopulse.cat\/ca\/productes\/pants-skirts\/\" \/>\n<meta property=\"og:site_name\" content=\"INNOPULSE, S.L - TEXTILE SOLUTIONS\" \/>\n<meta property=\"article:modified_time\" content=\"2017-07-17T17:04:50+00:00\" \/>\n<meta property=\"og:image\" content=\"https:\/\/innopulse.cat\/wp-content\/uploads\/2017\/04\/DSCF4346.jpg\" \/>\n\t<meta property=\"og:image:width\" content=\"2050\" \/>\n\t<meta property=\"og:image:height\" content=\"1367\" \/>\n\t<meta property=\"og:image:type\" content=\"image\/jpeg\" \/>\n<meta name=\"twitter:card\" content=\"summary_large_image\" \/>\n<meta name=\"twitter:label1\" content=\"Temps estimat de lectura\" \/>\n\t<meta name=\"twitter:data1\" content=\"4 minuts\" \/>\n<script type=\"application\/ld+json\" class=\"yoast-schema-graph\">{\"@context\":\"https:\/\/schema.org\",\"@graph\":[{\"@type\":\"WebPage\",\"@id\":\"https:\/\/innopulse.cat\/ca\/productes\/pants-skirts\/\",\"url\":\"https:\/\/innopulse.cat\/ca\/productes\/pants-skirts\/\",\"name\":\"Pants & Skirts - INNOPULSE, S.L - TEXTILE SOLUTIONS\",\"isPartOf\":{\"@id\":\"https:\/\/innopulse.cat\/#website\"},\"datePublished\":\"2017-04-07T12:35:36+00:00\",\"dateModified\":\"2017-07-17T17:04:50+00:00\",\"breadcrumb\":{\"@id\":\"https:\/\/innopulse.cat\/ca\/productes\/pants-skirts\/#breadcrumb\"},\"inLanguage\":\"ca\",\"potentialAction\":[{\"@type\":\"ReadAction\",\"target\":[\"https:\/\/innopulse.cat\/ca\/productes\/pants-skirts\/\"]}]},{\"@type\":\"BreadcrumbList\",\"@id\":\"https:\/\/innopulse.cat\/ca\/productes\/pants-skirts\/#breadcrumb\",\"itemListElement\":[{\"@type\":\"ListItem\",\"position\":1,\"name\":\"Portada\",\"item\":\"https:\/\/innopulse.cat\/ca\/\"},{\"@type\":\"ListItem\",\"position\":2,\"name\":\"Productes\",\"item\":\"https:\/\/innopulse.cat\/ca\/productes\/\"},{\"@type\":\"ListItem\",\"position\":3,\"name\":\"Pants &#038; Skirts\"}]},{\"@type\":\"WebSite\",\"@id\":\"https:\/\/innopulse.cat\/#website\",\"url\":\"https:\/\/innopulse.cat\/\",\"name\":\"INNOPULSE, S.L - TEXTILE SOLUTIONS\",\"description\":\"Gesti\u00f3n y producci\u00f3n de confecci\u00f3n textil.\",\"publisher\":{\"@id\":\"https:\/\/innopulse.cat\/#organization\"},\"potentialAction\":[{\"@type\":\"SearchAction\",\"target\":{\"@type\":\"EntryPoint\",\"urlTemplate\":\"https:\/\/innopulse.cat\/?s={search_term_string}\"},\"query-input\":\"required name=search_term_string\"}],\"inLanguage\":\"ca\"},{\"@type\":\"Organization\",\"@id\":\"https:\/\/innopulse.cat\/#organization\",\"name\":\"Innopulse, S.L\",\"url\":\"https:\/\/innopulse.cat\/\",\"logo\":{\"@type\":\"ImageObject\",\"inLanguage\":\"ca\",\"@id\":\"https:\/\/innopulse.cat\/#\/schema\/logo\/image\/\",\"url\":\"https:\/\/innopulse.cat\/wp-content\/uploads\/2017\/04\/innopulse-manteniment.jpg\",\"contentUrl\":\"https:\/\/innopulse.cat\/wp-content\/uploads\/2017\/04\/innopulse-manteniment.jpg\",\"width\":1500,\"height\":386,\"caption\":\"Innopulse, S.L\"},\"image\":{\"@id\":\"https:\/\/innopulse.cat\/#\/schema\/logo\/image\/\"},\"sameAs\":[\"https:\/\/www.instagram.com\/innopulse.textil\/\"]}]}<\/script>\n<!-- \/ Yoast SEO plugin. -->","yoast_head_json":{"title":"Pants & Skirts - INNOPULSE, S.L - TEXTILE SOLUTIONS","robots":{"index":"index","follow":"follow","max-snippet":"max-snippet:-1","max-image-preview":"max-image-preview:large","max-video-preview":"max-video-preview:-1"},"canonical":"https:\/\/innopulse.cat\/ca\/productes\/pants-skirts\/","og_locale":"ca_ES","og_type":"article","og_title":"Pants & Skirts - INNOPULSE, S.L - TEXTILE SOLUTIONS","og_description":"PANTS &amp; SKIRT Confecci\u00f3 de pantalons d&#8217;home i dona, amb les seves diferents opcions i variants. Confecci\u00f3 de tot tipus de faldilles.\u00a0Disposem de diferents l\u00ednies de treball especialitzades en cada tipus de pe\u00e7a.","og_url":"https:\/\/innopulse.cat\/ca\/productes\/pants-skirts\/","og_site_name":"INNOPULSE, S.L - TEXTILE SOLUTIONS","article_modified_time":"2017-07-17T17:04:50+00:00","og_image":[{"width":2050,"height":1367,"url":"https:\/\/innopulse.cat\/wp-content\/uploads\/2017\/04\/DSCF4346.jpg","type":"image\/jpeg"}],"twitter_card":"summary_large_image","twitter_misc":{"Temps estimat de lectura":"4 minuts"},"schema":{"@context":"https:\/\/schema.org","@graph":[{"@type":"WebPage","@id":"https:\/\/innopulse.cat\/ca\/productes\/pants-skirts\/","url":"https:\/\/innopulse.cat\/ca\/productes\/pants-skirts\/","name":"Pants & Skirts - INNOPULSE, S.L - TEXTILE SOLUTIONS","isPartOf":{"@id":"https:\/\/innopulse.cat\/#website"},"datePublished":"2017-04-07T12:35:36+00:00","dateModified":"2017-07-17T17:04:50+00:00","breadcrumb":{"@id":"https:\/\/innopulse.cat\/ca\/productes\/pants-skirts\/#breadcrumb"},"inLanguage":"ca","potentialAction":[{"@type":"ReadAction","target":["https:\/\/innopulse.cat\/ca\/productes\/pants-skirts\/"]}]},{"@type":"BreadcrumbList","@id":"https:\/\/innopulse.cat\/ca\/productes\/pants-skirts\/#breadcrumb","itemListElement":[{"@type":"ListItem","position":1,"name":"Portada","item":"https:\/\/innopulse.cat\/ca\/"},{"@type":"ListItem","position":2,"name":"Productes","item":"https:\/\/innopulse.cat\/ca\/productes\/"},{"@type":"ListItem","position":3,"name":"Pants &#038; Skirts"}]},{"@type":"WebSite","@id":"https:\/\/innopulse.cat\/#website","url":"https:\/\/innopulse.cat\/","name":"INNOPULSE, S.L - TEXTILE SOLUTIONS","description":"Gesti\u00f3n y producci\u00f3n de confecci\u00f3n textil.","publisher":{"@id":"https:\/\/innopulse.cat\/#organization"},"potentialAction":[{"@type":"SearchAction","target":{"@type":"EntryPoint","urlTemplate":"https:\/\/innopulse.cat\/?s={search_term_string}"},"query-input":"required name=search_term_string"}],"inLanguage":"ca"},{"@type":"Organization","@id":"https:\/\/innopulse.cat\/#organization","name":"Innopulse, S.L","url":"https:\/\/innopulse.cat\/","logo":{"@type":"ImageObject","inLanguage":"ca","@id":"https:\/\/innopulse.cat\/#\/schema\/logo\/image\/","url":"https:\/\/innopulse.cat\/wp-content\/uploads\/2017\/04\/innopulse-manteniment.jpg","contentUrl":"https:\/\/innopulse.cat\/wp-content\/uploads\/2017\/04\/innopulse-manteniment.jpg","width":1500,"height":386,"caption":"Innopulse, S.L"},"image":{"@id":"https:\/\/innopulse.cat\/#\/schema\/logo\/image\/"},"sameAs":["https:\/\/www.instagram.com\/innopulse.textil\/"]}]}},"_links":{"self":[{"href":"https:\/\/innopulse.cat\/ca\/wp-json\/wp\/v2\/pages\/1281"}],"collection":[{"href":"https:\/\/innopulse.cat\/ca\/wp-json\/wp\/v2\/pages"}],"about":[{"href":"https:\/\/innopulse.cat\/ca\/wp-json\/wp\/v2\/types\/page"}],"author":[{"embeddable":true,"href":"https:\/\/innopulse.cat\/ca\/wp-json\/wp\/v2\/users\/1"}],"replies":[{"embeddable":true,"href":"https:\/\/innopulse.cat\/ca\/wp-json\/wp\/v2\/comments?post=1281"}],"version-history":[{"count":2,"href":"https:\/\/innopulse.cat\/ca\/wp-json\/wp\/v2\/pages\/1281\/revisions"}],"predecessor-version":[{"id":1289,"href":"https:\/\/innopulse.cat\/ca\/wp-json\/wp\/v2\/pages\/1281\/revisions\/1289"}],"up":[{"embeddable":true,"href":"https:\/\/innopulse.cat\/ca\/wp-json\/wp\/v2\/pages\/1250"}],"wp:featuredmedia":[{"embeddable":true,"href":"https:\/\/innopulse.cat\/ca\/wp-json\/wp\/v2\/media\/1032"}],"wp:attachment":[{"href":"https:\/\/innopulse.cat\/ca\/wp-json\/wp\/v2\/media?parent=1281"}],"curies":[{"name":"wp","href":"https:\/\/api.w.org\/{rel}","templated":true}]}}