{"id":1506,"date":"2019-02-12T17:54:55","date_gmt":"2019-02-12T17:54:55","guid":{"rendered":"https:\/\/innopulse.cat\/?page_id=1506"},"modified":"2019-02-12T22:53:21","modified_gmt":"2019-02-12T22:53:21","slug":"politica-de-privacitat","status":"publish","type":"page","link":"https:\/\/innopulse.cat\/ca\/politica-de-privacitat\/","title":{"rendered":"Pol\u00edtica de Privacitat"},"content":{"rendered":"\r\n<p>En compliment del que estableix la RGPD, l&#8217;informem que les seves dades seran tractades en els nostres fitxers, amb la finalitat del manteniment i compliment de la relaci\u00f3 amb la nostra entitat, incloent l&#8217;enviament de comunicacions en el marc de l&#8217;esmentada relaci\u00f3.<\/p>\r\n<p><br \/>Aix\u00ed mateix, les seves dades seran cedides en tots aquells casos en qu\u00e8 sigui necessari per al desenvolupament, compliment i control de la relaci\u00f3 amb la nostra entitat o en els sup\u00f2sits en qu\u00e8 ho autoritzi una norma amb rang de llei. En compliment de la RGPD pot exercir els seus drets ARCO davant INNOPULSE, S.L, amb direcci\u00f3 a l&#8217;Avinguda Gaudi, 21B, 08610 &#8211; AVI\u00c0, adjuntant fotoc\u00f2pia del seu DNI.<\/p>\r\n<p>El contingut d&#8217;aquesta comunicaci\u00f3, aix\u00ed com el de tota la documentaci\u00f3 annexa, est\u00e0 subjecta al deure de secret i va dirigida \u00fanicament al seu destinatari. En el cas que vost\u00e8 no fos el destinatari, li demanem que ens ho indiqui i no comuniqui el seu contingut a tercers, procedint a la seva destrucci\u00f3.<\/p>\r\n<p>El prestador de serveis de la societat de la informaci\u00f3 ha de tenir en compte que, a m\u00e9s de la informaci\u00f3 que faciliti als destinataris del servei a trav\u00e9s del seu &#8220;Pol\u00edtica de Privadesa&#8221; ?, ha de disposar de textos legals addicionals relatius a altres normatives d&#8217;obligat compliment, com ara, sense car\u00e0cter limitatiu o excloent, condicions generals de la contractaci\u00f3, propietat intel\u00b7lectual i industrial, condicions d&#8217;utilitzaci\u00f3 de la p\u00e0gina web i responsabilitats al respecte, o el que la mateixa Llei 34\/2002, de 11 de juliol, de serveis de la Societat de la informaci\u00f3 i de Comer\u00e7 Electr\u00f2nic pugui establir en qualssevol altres preceptes al marge del seu article 10 o fins i tot completar la informaci\u00f3 que, en relaci\u00f3 a aquest, fos necess\u00e0ria.<\/p>\r\n","protected":false},"excerpt":{"rendered":"En compliment del que estableix la RGPD, l&#8217;informem que les seves dades seran tractades en els nostres fitxers, amb la finalitat del manteniment i compliment de la relaci\u00f3 amb la nostra entitat, incloent l&#8217;enviament de comunicacions en el marc de l&#8217;esmentada relaci\u00f3. Aix\u00ed mateix, les seves dades seran cedides en tots aquells casos en qu\u00e8","protected":false},"author":1,"featured_media":0,"parent":0,"menu_order":0,"comment_status":"closed","ping_status":"closed","template":"","meta":[],"yoast_head":"<!-- This site is optimized with the Yoast SEO plugin v20.4 - https:\/\/yoast.com\/wordpress\/plugins\/seo\/ -->\n<title>Pol\u00edtica de Privacitat - INNOPULSE, S.L - TEXTILE SOLUTIONS<\/title>\n<meta name=\"robots\" content=\"noindex, nofollow\" \/>\n<meta property=\"og:locale\" content=\"ca_ES\" \/>\n<meta property=\"og:type\" content=\"article\" \/>\n<meta property=\"og:title\" content=\"Pol\u00edtica de Privacitat - INNOPULSE, S.L - TEXTILE SOLUTIONS\" \/>\n<meta property=\"og:description\" content=\"En compliment del que estableix la RGPD, l&#8217;informem que les seves dades seran tractades en els nostres fitxers, amb la finalitat del manteniment i compliment de la relaci\u00f3 amb la nostra entitat, incloent l&#8217;enviament de comunicacions en el marc de l&#8217;esmentada relaci\u00f3. Aix\u00ed mateix, les seves dades seran cedides en tots aquells casos en qu\u00e8\" \/>\n<meta property=\"og:url\" content=\"https:\/\/innopulse.cat\/ca\/politica-de-privacitat\/\" \/>\n<meta property=\"og:site_name\" content=\"INNOPULSE, S.L - TEXTILE SOLUTIONS\" \/>\n<meta property=\"article:modified_time\" content=\"2019-02-12T22:53:21+00:00\" \/>\n<meta name=\"twitter:card\" content=\"summary_large_image\" \/>\n<meta name=\"twitter:label1\" content=\"Temps estimat de lectura\" \/>\n\t<meta name=\"twitter:data1\" content=\"1 minut\" \/>\n<script type=\"application\/ld+json\" class=\"yoast-schema-graph\">{\"@context\":\"https:\/\/schema.org\",\"@graph\":[{\"@type\":\"WebPage\",\"@id\":\"https:\/\/innopulse.cat\/ca\/politica-de-privacitat\/\",\"url\":\"https:\/\/innopulse.cat\/ca\/politica-de-privacitat\/\",\"name\":\"Pol\u00edtica de Privacitat - INNOPULSE, S.L - TEXTILE SOLUTIONS\",\"isPartOf\":{\"@id\":\"https:\/\/innopulse.cat\/#website\"},\"datePublished\":\"2019-02-12T17:54:55+00:00\",\"dateModified\":\"2019-02-12T22:53:21+00:00\",\"breadcrumb\":{\"@id\":\"https:\/\/innopulse.cat\/ca\/politica-de-privacitat\/#breadcrumb\"},\"inLanguage\":\"ca\",\"potentialAction\":[{\"@type\":\"ReadAction\",\"target\":[\"https:\/\/innopulse.cat\/ca\/politica-de-privacitat\/\"]}]},{\"@type\":\"BreadcrumbList\",\"@id\":\"https:\/\/innopulse.cat\/ca\/politica-de-privacitat\/#breadcrumb\",\"itemListElement\":[{\"@type\":\"ListItem\",\"position\":1,\"name\":\"Portada\",\"item\":\"https:\/\/innopulse.cat\/ca\/\"},{\"@type\":\"ListItem\",\"position\":2,\"name\":\"Pol\u00edtica de Privacitat\"}]},{\"@type\":\"WebSite\",\"@id\":\"https:\/\/innopulse.cat\/#website\",\"url\":\"https:\/\/innopulse.cat\/\",\"name\":\"INNOPULSE, S.L - TEXTILE SOLUTIONS\",\"description\":\"Gesti\u00f3n y producci\u00f3n de confecci\u00f3n textil.\",\"publisher\":{\"@id\":\"https:\/\/innopulse.cat\/#organization\"},\"potentialAction\":[{\"@type\":\"SearchAction\",\"target\":{\"@type\":\"EntryPoint\",\"urlTemplate\":\"https:\/\/innopulse.cat\/?s={search_term_string}\"},\"query-input\":\"required name=search_term_string\"}],\"inLanguage\":\"ca\"},{\"@type\":\"Organization\",\"@id\":\"https:\/\/innopulse.cat\/#organization\",\"name\":\"Innopulse, S.L\",\"url\":\"https:\/\/innopulse.cat\/\",\"logo\":{\"@type\":\"ImageObject\",\"inLanguage\":\"ca\",\"@id\":\"https:\/\/innopulse.cat\/#\/schema\/logo\/image\/\",\"url\":\"https:\/\/innopulse.cat\/wp-content\/uploads\/2017\/04\/innopulse-manteniment.jpg\",\"contentUrl\":\"https:\/\/innopulse.cat\/wp-content\/uploads\/2017\/04\/innopulse-manteniment.jpg\",\"width\":1500,\"height\":386,\"caption\":\"Innopulse, S.L\"},\"image\":{\"@id\":\"https:\/\/innopulse.cat\/#\/schema\/logo\/image\/\"},\"sameAs\":[\"https:\/\/www.instagram.com\/innopulse.textil\/\"]}]}<\/script>\n<!-- \/ Yoast SEO plugin. -->","yoast_head_json":{"title":"Pol\u00edtica de Privacitat - INNOPULSE, S.L - TEXTILE SOLUTIONS","robots":{"index":"noindex","follow":"nofollow"},"og_locale":"ca_ES","og_type":"article","og_title":"Pol\u00edtica de Privacitat - INNOPULSE, S.L - TEXTILE SOLUTIONS","og_description":"En compliment del que estableix la RGPD, l&#8217;informem que les seves dades seran tractades en els nostres fitxers, amb la finalitat del manteniment i compliment de la relaci\u00f3 amb la nostra entitat, incloent l&#8217;enviament de comunicacions en el marc de l&#8217;esmentada relaci\u00f3. Aix\u00ed mateix, les seves dades seran cedides en tots aquells casos en qu\u00e8","og_url":"https:\/\/innopulse.cat\/ca\/politica-de-privacitat\/","og_site_name":"INNOPULSE, S.L - TEXTILE SOLUTIONS","article_modified_time":"2019-02-12T22:53:21+00:00","twitter_card":"summary_large_image","twitter_misc":{"Temps estimat de lectura":"1 minut"},"schema":{"@context":"https:\/\/schema.org","@graph":[{"@type":"WebPage","@id":"https:\/\/innopulse.cat\/ca\/politica-de-privacitat\/","url":"https:\/\/innopulse.cat\/ca\/politica-de-privacitat\/","name":"Pol\u00edtica de Privacitat - INNOPULSE, S.L - TEXTILE SOLUTIONS","isPartOf":{"@id":"https:\/\/innopulse.cat\/#website"},"datePublished":"2019-02-12T17:54:55+00:00","dateModified":"2019-02-12T22:53:21+00:00","breadcrumb":{"@id":"https:\/\/innopulse.cat\/ca\/politica-de-privacitat\/#breadcrumb"},"inLanguage":"ca","potentialAction":[{"@type":"ReadAction","target":["https:\/\/innopulse.cat\/ca\/politica-de-privacitat\/"]}]},{"@type":"BreadcrumbList","@id":"https:\/\/innopulse.cat\/ca\/politica-de-privacitat\/#breadcrumb","itemListElement":[{"@type":"ListItem","position":1,"name":"Portada","item":"https:\/\/innopulse.cat\/ca\/"},{"@type":"ListItem","position":2,"name":"Pol\u00edtica de Privacitat"}]},{"@type":"WebSite","@id":"https:\/\/innopulse.cat\/#website","url":"https:\/\/innopulse.cat\/","name":"INNOPULSE, S.L - TEXTILE SOLUTIONS","description":"Gesti\u00f3n y producci\u00f3n de confecci\u00f3n textil.","publisher":{"@id":"https:\/\/innopulse.cat\/#organization"},"potentialAction":[{"@type":"SearchAction","target":{"@type":"EntryPoint","urlTemplate":"https:\/\/innopulse.cat\/?s={search_term_string}"},"query-input":"required name=search_term_string"}],"inLanguage":"ca"},{"@type":"Organization","@id":"https:\/\/innopulse.cat\/#organization","name":"Innopulse, S.L","url":"https:\/\/innopulse.cat\/","logo":{"@type":"ImageObject","inLanguage":"ca","@id":"https:\/\/innopulse.cat\/#\/schema\/logo\/image\/","url":"https:\/\/innopulse.cat\/wp-content\/uploads\/2017\/04\/innopulse-manteniment.jpg","contentUrl":"https:\/\/innopulse.cat\/wp-content\/uploads\/2017\/04\/innopulse-manteniment.jpg","width":1500,"height":386,"caption":"Innopulse, S.L"},"image":{"@id":"https:\/\/innopulse.cat\/#\/schema\/logo\/image\/"},"sameAs":["https:\/\/www.instagram.com\/innopulse.textil\/"]}]}},"_links":{"self":[{"href":"https:\/\/innopulse.cat\/ca\/wp-json\/wp\/v2\/pages\/1506"}],"collection":[{"href":"https:\/\/innopulse.cat\/ca\/wp-json\/wp\/v2\/pages"}],"about":[{"href":"https:\/\/innopulse.cat\/ca\/wp-json\/wp\/v2\/types\/page"}],"author":[{"embeddable":true,"href":"https:\/\/innopulse.cat\/ca\/wp-json\/wp\/v2\/users\/1"}],"replies":[{"embeddable":true,"href":"https:\/\/innopulse.cat\/ca\/wp-json\/wp\/v2\/comments?post=1506"}],"version-history":[{"count":2,"href":"https:\/\/innopulse.cat\/ca\/wp-json\/wp\/v2\/pages\/1506\/revisions"}],"predecessor-version":[{"id":1511,"href":"https:\/\/innopulse.cat\/ca\/wp-json\/wp\/v2\/pages\/1506\/revisions\/1511"}],"wp:attachment":[{"href":"https:\/\/innopulse.cat\/ca\/wp-json\/wp\/v2\/media?parent=1506"}],"curies":[{"name":"wp","href":"https:\/\/api.w.org\/{rel}","templated":true}]}}