{"id":1536,"date":"2019-02-12T17:17:40","date_gmt":"2019-02-12T17:17:40","guid":{"rendered":"https:\/\/innopulse.cat\/avisos-legales\/"},"modified":"2019-02-12T22:55:07","modified_gmt":"2019-02-12T22:55:07","slug":"avisos-legales","status":"publish","type":"page","link":"https:\/\/innopulse.cat\/ca\/avisos-legales\/","title":{"rendered":"Av\u00eds Legal"},"content":{"rendered":"<p>&nbsp;<\/p>\n<div id=\"clickdatos\">\n<p>El present Av\u00eds Legal regula les condicions generals d&#8217;acc\u00e9s i utilitzaci\u00f3 del lloc web accessible en l&#8217;adre\u00e7a URL https:\/\/innopulse.cat (en endavant, el lloc web), que INNOPULSE, SL posa a disposici\u00f3 dels usuaris d&#8217;Internet .<br \/>\nLa utilitzaci\u00f3 del lloc web implica l&#8217;acceptaci\u00f3 plena i sense reserves de totes i cadascuna de les disposicions incloses en aquest Av\u00eds Legal. En conseq\u00fc\u00e8ncia, l&#8217;usuari del lloc web ha de llegir atentament el present Av\u00eds Legal en cadascuna de les ocasions en qu\u00e8 es proposi utilitzar la web, ja que el text podria patir modificacions a criteri del titular del web, oa causa d&#8217;un canvi legislatiu , jurisprudencial o en la pr\u00e0ctica empresarial.<\/p>\n<h2>1.- TITULARITAT\u00a0 WEB.<\/h2>\n<p>Ra\u00f3 Social de l&#8217;Empresa: INNOPULSE, S.L<br \/>\nNom del titular: FERRAN VILA CASALS<br \/>\nDomicili social: Avinguda Gaudi, 21B<br \/>\nPoblaci\u00f3: AVI\u00c0<br \/>\nProv\u00edncia: BARCELONA<br \/>\nC.P .: 08610<br \/>\nC.I.F.\/D.N.I .: B64808728<br \/>\nTel\u00e8fon de contacte: 639431373<br \/>\nCorreu electr\u00f2nic: ferran@innopulse.cat<br \/>\nDades registrals:<\/p>\n<h2>2.- OBJECTE.<\/h2>\n<p>El lloc web facilita als usuaris del mateix l&#8217;acc\u00e9s a informaci\u00f3 i serveis prestats per INNOPULSE, S.L a aquelles persones o organitzacions interessades en els mateixos.<\/p>\n<h2>3.- ACC\u00c9S I UTILIZACI\u00d3 DE LA WEB.<\/h2>\n<p>3.1.- Car\u00e0cter gratu\u00eft de l&#8217;acc\u00e9s i utilitzaci\u00f3 de la web.<br \/>\nL&#8217;acc\u00e9s a la web t\u00e9 car\u00e0cter gratu\u00eft per als usuaris de la mateixa.<br \/>\n3.2.- Registre d&#8217;usuaris.<br \/>\nAmb car\u00e0cter general l&#8217;acc\u00e9s i utilitzaci\u00f3 del web no exigeix la pr\u00e8via subscripci\u00f3 o registre dels usuaris de la mateixa.<\/p>\n<h2>4.- CONTINGUTS DE LA WEB.<\/h2>\n<p>L&#8217;idioma utilitzat pel titular a la web ser\u00e0 el castell\u00e0. INNOPULSE, S.L no es responsabilitza de la no comprensi\u00f3 o enteniment de l&#8217;idioma del web per l&#8217;usuari, ni de les seves conseq\u00fc\u00e8ncies.<br \/>\nINNOPULSE, SL podr\u00e0 modificar els continguts sense previ av\u00eds, aix\u00ed com suprimir i canviar aquests dins de la web, com la forma en qu\u00e8 s&#8217;accedeix a aquests, sense cap justificaci\u00f3 i lliurement, no responsabilitzant-se de les conseq\u00fc\u00e8ncies que els mateixos puguin ocasionar als usuaris.<br \/>\nEs prohibeix l&#8217;\u00fas dels continguts del web per promocionar, contractar o divulgar publicitat o informaci\u00f3 pr\u00f2pia o de terceres persones sense l&#8217;autoritzaci\u00f3 de INNOPULSE, SL, ni remetre publicitat o informaci\u00f3 valent-se per a aix\u00f2 dels serveis o informaci\u00f3 que es posen a disposici\u00f3 dels usuaris, independentment de si la utilitzaci\u00f3 \u00e9s gratu\u00efta o no.<br \/>\nEls enlla\u00e7os o hiperenlla\u00e7os que incorporin tercers a les seves p\u00e0gines web, dirigits a aquest web, seran per a l&#8217;obertura de la p\u00e0gina web completa, no podent manifestar, directament o indirectament, indicacions falses, inexactes o confuses, ni inc\u00f3rrer en accions deslleials o il\u00b7l\u00edcites en contra de INNOPULSE, SL<\/p>\n<h2>5.- LIMITACI\u00d3 DE RESPONSABILITAT.<\/h2>\n<p>Tant l&#8217;acc\u00e9s al web com l&#8217;\u00fas no consentit que pugui efectuar-se de la informaci\u00f3 continguda en la mateixa \u00e9s de l&#8217;exclusiva responsabilitat de qui ho realitza. INNOPULSE, S.L no respondr\u00e0 de cap conseq\u00fc\u00e8ncia, dany o perjudici que poguessin derivar d&#8217;aquest acc\u00e9s o \u00fas. INNOPULSE, S.L no es fa responsable dels errors de seguretat, que es puguin produir ni dels danys que puguin causar-se al sistema inform\u00e0tic de l&#8217;usuari (maquinari i programari), o als fitxers o documents emmagatzemats en el mateix, com a conseq\u00fc\u00e8ncia de:<br \/>\n&#8211; la pres\u00e8ncia d&#8217;un virus a l&#8217;ordinador de l&#8217;usuari que sigui utilitzat per la connexi\u00f3 als serveis i continguts del web,<br \/>\n&#8211; un mal funcionament del navegador,<br \/>\n&#8211; i \/ o de l&#8217;\u00fas de versions no actualitzades del mateix.<br \/>\nINNOPULSE, S.L no es fa responsable de la fiabilitat i rapidesa dels hiperenlla\u00e7os que s&#8217;incorporin al web per a l&#8217;obertura d&#8217;altres. INNOPULSE, S.L no garanteix la utilitat d&#8217;aquests enlla\u00e7os, ni es responsabilitza dels continguts o serveis als quals pugui accedir l&#8217;usuari per mitj\u00e0 d&#8217;aquests enlla\u00e7os, ni del bon funcionament d&#8217;aquestes webs.<br \/>\nINNOPULSE, S.L no ser\u00e0 responsable dels virus o altres programes inform\u00e0tics que deteriorin o puguin deteriorar els sistemes o equips inform\u00e0tics dels usuaris a l&#8217;accedir al seu web o altres webs a les que s&#8217;hagi accedit mitjan\u00e7ant enlla\u00e7os d&#8217;aquest web.<\/p>\n<h2>6.-TECNOLOGIA COOKIES.<\/h2>\n<p>El web no utilitza cookies ni qualsevol altre procediment invisible de recollida d&#8217;informaci\u00f3 quan l&#8217;usuari navega per ella, respectant en tot moment la confidencialitat i intimitat del mateix.<br \/>\n* SI S&#8217;EMPREN COOKIES CONSULTAR COMUNICAT SOBRE \u00daS DE COOKIES La web fa servir cookies, pot consultar la nostra Pol\u00edtica de Cookies, que respecta en tot moment la confidencialitat i intimitat del mateix.<\/p>\n<h2>7.- PROPIETAT INTELECTUAL I\u00a0 INDUSTRIAL.<\/h2>\n<p>S\u00f3n propietat de INNOPULSE, S.L, tots els drets de propietat industrial i intel\u00b7lectual del web, aix\u00ed com dels continguts que alberga. Qualsevol \u00fas del web o els seus continguts haur\u00e0 de tenir un car\u00e0cter exclusivament particular. Est\u00e0 reservat exclusivament a &#8230;&#8230;&#8230;., Qualsevol altre \u00fas que suposi la c\u00f2pia, reproducci\u00f3, distribuci\u00f3, transformaci\u00f3, comunicaci\u00f3 p\u00fablica o qualsevol altra acci\u00f3 similar, de tot o part dels continguts del web, de manera que cap usuari podr\u00e0 dur a terme aquestes accions sense l&#8217;autoritzaci\u00f3 pr\u00e8via i per escrit de INNOPULSE, SL<\/p>\n<h2>\u00a08.- POL\u00cdTICA DE PRIVACITAT I PROTECCI\u00d3 DE DADES.<\/h2>\n<p>INNOPULSE, S.L garanteix la protecci\u00f3 i confidencialitat de les dades personals, de qualsevol tipus que ens proporcionin les nostres empreses clients d&#8217;acord amb el que disposa la Llei Org\u00e0nica 15\/1999, de 13 de desembre de Protecci\u00f3 de Dades de Car\u00e0cter Personal.<br \/>\nTotes les dades facilitades per les nostres empreses clients a INNOPULSE, S.L o al seu personal, seran incloses en un fitxer automatitzat de dades de car\u00e0cter personal creat i mantingut sota la responsabilitat de INNOPULSE, S.L, imprescindibles per a prestar els serveis sol\u00b7licitats pels usuaris.<br \/>\nLes dades facilitades seran tractades segons el Reglament de Mesures de Seguretat (Reial Decret 1720\/2007 de 21 de Desembre), en aquest sentit INNOPULSE, SL ha adoptat els nivells de protecci\u00f3 que legalment s&#8217;exigeixen, i ha instal\u00b7lat totes les mesures t\u00e8cniques al seu abast per evitar la p\u00e8rdua, mal \u00fas, alteraci\u00f3, acc\u00e9s no autoritzat per tercers. No obstant, l&#8217;usuari ha de ser conscient que les mesures de seguretat a Internet no s\u00f3n inexpugnables. En cas que consideri oport\u00fa que es cedeixin les seves dades de car\u00e0cter personal a altres entitats, l&#8217;usuari ser\u00e0 informat de les dades cedides, de la finalitat del fitxer i del nom i adre\u00e7a del cessionari, perqu\u00e8 del seu consentiment inequ\u00edvoc al respecte.<br \/>\nEn compliment del que estableix la RGPD, l&#8217;usuari podr\u00e0 exercir els seus drets d&#8217;acc\u00e9s, rectificaci\u00f3, cancel\u00b7laci\u00f3 i oposici\u00f3. Per a aix\u00f2 ha de contactar amb nosaltres a ferran@innopulse.cat<\/p>\n<h2>9.- LEGISLACI\u00d3 APLICABLE I JURISDICCI\u00d3 COMPETENT.<\/h2>\n<p>El present Av\u00eds Legal s&#8217;interpretar\u00e0 i regir\u00e0 de conformitat amb la legislaci\u00f3 espanyola. INNOPULSE, S.L i els usuaris, amb ren\u00fancia expressa a qualsevol altre fur que pogu\u00e9s correspondre&#8217;ls, se sotmeten al dels jutjats i tribunals del domicili de l&#8217;usuari per a qualsevol controv\u00e8rsia que pogu\u00e9s derivar de l&#8217;acc\u00e9s o \u00fas de la web. En el cas que l&#8217;usuari tingui el seu domicili fora d&#8217;Espanya, INNOPULSE, S.L i l&#8217;usuari, es sotmeten, amb ren\u00fancia expressa a qualsevol altre fur, als jutjats i tribunals del domicili de INNOPULSE, S.L<\/p>\n<\/div>\n","protected":false},"excerpt":{"rendered":"&nbsp; El present Av\u00eds Legal regula les condicions generals d&#8217;acc\u00e9s i utilitzaci\u00f3 del lloc web accessible en l&#8217;adre\u00e7a URL https:\/\/innopulse.cat (en endavant, el lloc web), que INNOPULSE, SL posa a disposici\u00f3 dels usuaris d&#8217;Internet . La utilitzaci\u00f3 del lloc web implica l&#8217;acceptaci\u00f3 plena i sense reserves de totes i cadascuna de les disposicions incloses en","protected":false},"author":1,"featured_media":0,"parent":0,"menu_order":0,"comment_status":"closed","ping_status":"closed","template":"","meta":[],"yoast_head":"<!-- This site is optimized with the Yoast SEO plugin v20.4 - https:\/\/yoast.com\/wordpress\/plugins\/seo\/ -->\n<title>Av\u00eds Legal - INNOPULSE, S.L - TEXTILE SOLUTIONS<\/title>\n<meta name=\"robots\" content=\"noindex, nofollow\" \/>\n<meta property=\"og:locale\" content=\"ca_ES\" \/>\n<meta property=\"og:type\" content=\"article\" \/>\n<meta property=\"og:title\" content=\"Av\u00eds Legal - INNOPULSE, S.L - TEXTILE SOLUTIONS\" \/>\n<meta property=\"og:description\" content=\"&nbsp; El present Av\u00eds Legal regula les condicions generals d&#8217;acc\u00e9s i utilitzaci\u00f3 del lloc web accessible en l&#8217;adre\u00e7a URL https:\/\/innopulse.cat (en endavant, el lloc web), que INNOPULSE, SL posa a disposici\u00f3 dels usuaris d&#8217;Internet . La utilitzaci\u00f3 del lloc web implica l&#8217;acceptaci\u00f3 plena i sense reserves de totes i cadascuna de les disposicions incloses en\" \/>\n<meta property=\"og:url\" content=\"https:\/\/innopulse.cat\/ca\/avisos-legales\/\" \/>\n<meta property=\"og:site_name\" content=\"INNOPULSE, S.L - TEXTILE SOLUTIONS\" \/>\n<meta property=\"article:modified_time\" content=\"2019-02-12T22:55:07+00:00\" \/>\n<meta name=\"twitter:card\" content=\"summary_large_image\" \/>\n<meta name=\"twitter:label1\" content=\"Temps estimat de lectura\" \/>\n\t<meta name=\"twitter:data1\" content=\"6 minuts\" \/>\n<script type=\"application\/ld+json\" class=\"yoast-schema-graph\">{\"@context\":\"https:\/\/schema.org\",\"@graph\":[{\"@type\":\"WebPage\",\"@id\":\"https:\/\/innopulse.cat\/ca\/avisos-legales\/\",\"url\":\"https:\/\/innopulse.cat\/ca\/avisos-legales\/\",\"name\":\"Av\u00eds Legal - INNOPULSE, S.L - TEXTILE SOLUTIONS\",\"isPartOf\":{\"@id\":\"https:\/\/innopulse.cat\/#website\"},\"datePublished\":\"2019-02-12T17:17:40+00:00\",\"dateModified\":\"2019-02-12T22:55:07+00:00\",\"breadcrumb\":{\"@id\":\"https:\/\/innopulse.cat\/ca\/avisos-legales\/#breadcrumb\"},\"inLanguage\":\"ca\",\"potentialAction\":[{\"@type\":\"ReadAction\",\"target\":[\"https:\/\/innopulse.cat\/ca\/avisos-legales\/\"]}]},{\"@type\":\"BreadcrumbList\",\"@id\":\"https:\/\/innopulse.cat\/ca\/avisos-legales\/#breadcrumb\",\"itemListElement\":[{\"@type\":\"ListItem\",\"position\":1,\"name\":\"Portada\",\"item\":\"https:\/\/innopulse.cat\/ca\/\"},{\"@type\":\"ListItem\",\"position\":2,\"name\":\"Av\u00eds Legal\"}]},{\"@type\":\"WebSite\",\"@id\":\"https:\/\/innopulse.cat\/#website\",\"url\":\"https:\/\/innopulse.cat\/\",\"name\":\"INNOPULSE, S.L - TEXTILE SOLUTIONS\",\"description\":\"Gesti\u00f3n y producci\u00f3n de confecci\u00f3n textil.\",\"publisher\":{\"@id\":\"https:\/\/innopulse.cat\/#organization\"},\"potentialAction\":[{\"@type\":\"SearchAction\",\"target\":{\"@type\":\"EntryPoint\",\"urlTemplate\":\"https:\/\/innopulse.cat\/?s={search_term_string}\"},\"query-input\":\"required name=search_term_string\"}],\"inLanguage\":\"ca\"},{\"@type\":\"Organization\",\"@id\":\"https:\/\/innopulse.cat\/#organization\",\"name\":\"Innopulse, S.L\",\"url\":\"https:\/\/innopulse.cat\/\",\"logo\":{\"@type\":\"ImageObject\",\"inLanguage\":\"ca\",\"@id\":\"https:\/\/innopulse.cat\/#\/schema\/logo\/image\/\",\"url\":\"https:\/\/innopulse.cat\/wp-content\/uploads\/2017\/04\/innopulse-manteniment.jpg\",\"contentUrl\":\"https:\/\/innopulse.cat\/wp-content\/uploads\/2017\/04\/innopulse-manteniment.jpg\",\"width\":1500,\"height\":386,\"caption\":\"Innopulse, S.L\"},\"image\":{\"@id\":\"https:\/\/innopulse.cat\/#\/schema\/logo\/image\/\"},\"sameAs\":[\"https:\/\/www.instagram.com\/innopulse.textil\/\"]}]}<\/script>\n<!-- \/ Yoast SEO plugin. -->","yoast_head_json":{"title":"Av\u00eds Legal - INNOPULSE, S.L - TEXTILE SOLUTIONS","robots":{"index":"noindex","follow":"nofollow"},"og_locale":"ca_ES","og_type":"article","og_title":"Av\u00eds Legal - INNOPULSE, S.L - TEXTILE SOLUTIONS","og_description":"&nbsp; El present Av\u00eds Legal regula les condicions generals d&#8217;acc\u00e9s i utilitzaci\u00f3 del lloc web accessible en l&#8217;adre\u00e7a URL https:\/\/innopulse.cat (en endavant, el lloc web), que INNOPULSE, SL posa a disposici\u00f3 dels usuaris d&#8217;Internet . La utilitzaci\u00f3 del lloc web implica l&#8217;acceptaci\u00f3 plena i sense reserves de totes i cadascuna de les disposicions incloses en","og_url":"https:\/\/innopulse.cat\/ca\/avisos-legales\/","og_site_name":"INNOPULSE, S.L - TEXTILE SOLUTIONS","article_modified_time":"2019-02-12T22:55:07+00:00","twitter_card":"summary_large_image","twitter_misc":{"Temps estimat de lectura":"6 minuts"},"schema":{"@context":"https:\/\/schema.org","@graph":[{"@type":"WebPage","@id":"https:\/\/innopulse.cat\/ca\/avisos-legales\/","url":"https:\/\/innopulse.cat\/ca\/avisos-legales\/","name":"Av\u00eds Legal - INNOPULSE, S.L - TEXTILE SOLUTIONS","isPartOf":{"@id":"https:\/\/innopulse.cat\/#website"},"datePublished":"2019-02-12T17:17:40+00:00","dateModified":"2019-02-12T22:55:07+00:00","breadcrumb":{"@id":"https:\/\/innopulse.cat\/ca\/avisos-legales\/#breadcrumb"},"inLanguage":"ca","potentialAction":[{"@type":"ReadAction","target":["https:\/\/innopulse.cat\/ca\/avisos-legales\/"]}]},{"@type":"BreadcrumbList","@id":"https:\/\/innopulse.cat\/ca\/avisos-legales\/#breadcrumb","itemListElement":[{"@type":"ListItem","position":1,"name":"Portada","item":"https:\/\/innopulse.cat\/ca\/"},{"@type":"ListItem","position":2,"name":"Av\u00eds Legal"}]},{"@type":"WebSite","@id":"https:\/\/innopulse.cat\/#website","url":"https:\/\/innopulse.cat\/","name":"INNOPULSE, S.L - TEXTILE SOLUTIONS","description":"Gesti\u00f3n y producci\u00f3n de confecci\u00f3n textil.","publisher":{"@id":"https:\/\/innopulse.cat\/#organization"},"potentialAction":[{"@type":"SearchAction","target":{"@type":"EntryPoint","urlTemplate":"https:\/\/innopulse.cat\/?s={search_term_string}"},"query-input":"required name=search_term_string"}],"inLanguage":"ca"},{"@type":"Organization","@id":"https:\/\/innopulse.cat\/#organization","name":"Innopulse, S.L","url":"https:\/\/innopulse.cat\/","logo":{"@type":"ImageObject","inLanguage":"ca","@id":"https:\/\/innopulse.cat\/#\/schema\/logo\/image\/","url":"https:\/\/innopulse.cat\/wp-content\/uploads\/2017\/04\/innopulse-manteniment.jpg","contentUrl":"https:\/\/innopulse.cat\/wp-content\/uploads\/2017\/04\/innopulse-manteniment.jpg","width":1500,"height":386,"caption":"Innopulse, S.L"},"image":{"@id":"https:\/\/innopulse.cat\/#\/schema\/logo\/image\/"},"sameAs":["https:\/\/www.instagram.com\/innopulse.textil\/"]}]}},"_links":{"self":[{"href":"https:\/\/innopulse.cat\/ca\/wp-json\/wp\/v2\/pages\/1536"}],"collection":[{"href":"https:\/\/innopulse.cat\/ca\/wp-json\/wp\/v2\/pages"}],"about":[{"href":"https:\/\/innopulse.cat\/ca\/wp-json\/wp\/v2\/types\/page"}],"author":[{"embeddable":true,"href":"https:\/\/innopulse.cat\/ca\/wp-json\/wp\/v2\/users\/1"}],"replies":[{"embeddable":true,"href":"https:\/\/innopulse.cat\/ca\/wp-json\/wp\/v2\/comments?post=1536"}],"version-history":[{"count":2,"href":"https:\/\/innopulse.cat\/ca\/wp-json\/wp\/v2\/pages\/1536\/revisions"}],"predecessor-version":[{"id":1538,"href":"https:\/\/innopulse.cat\/ca\/wp-json\/wp\/v2\/pages\/1536\/revisions\/1538"}],"wp:attachment":[{"href":"https:\/\/innopulse.cat\/ca\/wp-json\/wp\/v2\/media?parent=1536"}],"curies":[{"name":"wp","href":"https:\/\/api.w.org\/{rel}","templated":true}]}}