{"id":1206,"date":"2017-04-05T07:57:35","date_gmt":"2017-04-05T07:57:35","guid":{"rendered":"https:\/\/innopulse.cat\/home\/"},"modified":"2017-08-02T05:43:44","modified_gmt":"2017-08-02T05:43:44","slug":"home","status":"publish","type":"page","link":"https:\/\/innopulse.cat\/en\/","title":{"rendered":"Home"},"content":{"rendered":"","protected":false},"excerpt":{"rendered":"","protected":false},"author":1,"featured_media":0,"parent":0,"menu_order":0,"comment_status":"closed","ping_status":"closed","template":"","meta":[],"yoast_head":"<!-- This site is optimized with the Yoast SEO plugin v20.4 - https:\/\/yoast.com\/wordpress\/plugins\/seo\/ -->\n<title>Innopulse, S.L. Gesti\u00f3n y producci\u00f3n de confecci\u00f3n textil.<\/title>\n<meta name=\"description\" content=\"INNOPULSE. Empresa dedicada a la gesti\u00f3n y producci\u00f3n de Confecci\u00f3n Textil en Bulgaria desde el a\u00f1o 2003, con oficina comercial en Berga. (Barcelona)\" \/>\n<meta name=\"robots\" content=\"index, follow, max-snippet:-1, max-image-preview:large, max-video-preview:-1\" \/>\n<link rel=\"canonical\" href=\"https:\/\/innopulse.cat\/en\/\" \/>\n<meta property=\"og:locale\" content=\"en_US\" \/>\n<meta property=\"og:type\" content=\"article\" \/>\n<meta property=\"og:title\" content=\"Innopulse, S.L. Gesti\u00f3n y producci\u00f3n de confecci\u00f3n textil.\" \/>\n<meta property=\"og:description\" content=\"INNOPULSE. Empresa dedicada a la gesti\u00f3n y producci\u00f3n de Confecci\u00f3n Textil en Bulgaria desde el a\u00f1o 2003, con oficina comercial en Berga. (Barcelona)\" \/>\n<meta property=\"og:url\" content=\"https:\/\/innopulse.cat\/en\/\" \/>\n<meta property=\"og:site_name\" content=\"Innopulse - textile solutions\" \/>\n<meta property=\"article:modified_time\" content=\"2017-08-02T05:43:44+00:00\" \/>\n<meta name=\"twitter:card\" content=\"summary_large_image\" \/>\n<script type=\"application\/ld+json\" class=\"yoast-schema-graph\">{\"@context\":\"https:\/\/schema.org\",\"@graph\":[{\"@type\":\"WebPage\",\"@id\":\"https:\/\/innopulse.cat\/en\/\",\"url\":\"https:\/\/innopulse.cat\/en\/\",\"name\":\"Innopulse, S.L. Gesti\u00f3n y producci\u00f3n de confecci\u00f3n textil.\",\"isPartOf\":{\"@id\":\"https:\/\/innopulse.cat\/#website\"},\"datePublished\":\"2017-04-05T07:57:35+00:00\",\"dateModified\":\"2017-08-02T05:43:44+00:00\",\"description\":\"INNOPULSE. Empresa dedicada a la gesti\u00f3n y producci\u00f3n de Confecci\u00f3n Textil en Bulgaria desde el a\u00f1o 2003, con oficina comercial en Berga. (Barcelona)\",\"breadcrumb\":{\"@id\":\"https:\/\/innopulse.cat\/en\/#breadcrumb\"},\"inLanguage\":\"en-US\",\"potentialAction\":[{\"@type\":\"ReadAction\",\"target\":[\"https:\/\/innopulse.cat\/en\/\"]}]},{\"@type\":\"BreadcrumbList\",\"@id\":\"https:\/\/innopulse.cat\/en\/#breadcrumb\",\"itemListElement\":[{\"@type\":\"ListItem\",\"position\":1,\"name\":\"Portada\",\"item\":\"https:\/\/innopulse.cat\/en\/\"},{\"@type\":\"ListItem\",\"position\":2,\"name\":\"Home\"}]},{\"@type\":\"WebSite\",\"@id\":\"https:\/\/innopulse.cat\/#website\",\"url\":\"https:\/\/innopulse.cat\/\",\"name\":\"Innopulse - textile solutions\",\"description\":\"Gesti\u00f3n y producci\u00f3n de confecci\u00f3n textil.\",\"publisher\":{\"@id\":\"https:\/\/innopulse.cat\/#organization\"},\"potentialAction\":[{\"@type\":\"SearchAction\",\"target\":{\"@type\":\"EntryPoint\",\"urlTemplate\":\"https:\/\/innopulse.cat\/?s={search_term_string}\"},\"query-input\":\"required name=search_term_string\"}],\"inLanguage\":\"en-US\"},{\"@type\":\"Organization\",\"@id\":\"https:\/\/innopulse.cat\/#organization\",\"name\":\"Innopulse, S.L\",\"url\":\"https:\/\/innopulse.cat\/\",\"logo\":{\"@type\":\"ImageObject\",\"inLanguage\":\"en-US\",\"@id\":\"https:\/\/innopulse.cat\/#\/schema\/logo\/image\/\",\"url\":\"https:\/\/innopulse.cat\/wp-content\/uploads\/2017\/04\/innopulse-manteniment.jpg\",\"contentUrl\":\"https:\/\/innopulse.cat\/wp-content\/uploads\/2017\/04\/innopulse-manteniment.jpg\",\"width\":1500,\"height\":386,\"caption\":\"Innopulse, S.L\"},\"image\":{\"@id\":\"https:\/\/innopulse.cat\/#\/schema\/logo\/image\/\"},\"sameAs\":[\"https:\/\/www.instagram.com\/innopulse.textil\/\"]}]}<\/script>\n<!-- \/ Yoast SEO plugin. -->","yoast_head_json":{"title":"Innopulse, S.L. Gesti\u00f3n y producci\u00f3n de confecci\u00f3n textil.","description":"INNOPULSE. Empresa dedicada a la gesti\u00f3n y producci\u00f3n de Confecci\u00f3n Textil en Bulgaria desde el a\u00f1o 2003, con oficina comercial en Berga. (Barcelona)","robots":{"index":"index","follow":"follow","max-snippet":"max-snippet:-1","max-image-preview":"max-image-preview:large","max-video-preview":"max-video-preview:-1"},"canonical":"https:\/\/innopulse.cat\/en\/","og_locale":"en_US","og_type":"article","og_title":"Innopulse, S.L. Gesti\u00f3n y producci\u00f3n de confecci\u00f3n textil.","og_description":"INNOPULSE. Empresa dedicada a la gesti\u00f3n y producci\u00f3n de Confecci\u00f3n Textil en Bulgaria desde el a\u00f1o 2003, con oficina comercial en Berga. (Barcelona)","og_url":"https:\/\/innopulse.cat\/en\/","og_site_name":"Innopulse - textile solutions","article_modified_time":"2017-08-02T05:43:44+00:00","twitter_card":"summary_large_image","schema":{"@context":"https:\/\/schema.org","@graph":[{"@type":"WebPage","@id":"https:\/\/innopulse.cat\/en\/","url":"https:\/\/innopulse.cat\/en\/","name":"Innopulse, S.L. Gesti\u00f3n y producci\u00f3n de confecci\u00f3n textil.","isPartOf":{"@id":"https:\/\/innopulse.cat\/#website"},"datePublished":"2017-04-05T07:57:35+00:00","dateModified":"2017-08-02T05:43:44+00:00","description":"INNOPULSE. Empresa dedicada a la gesti\u00f3n y producci\u00f3n de Confecci\u00f3n Textil en Bulgaria desde el a\u00f1o 2003, con oficina comercial en Berga. (Barcelona)","breadcrumb":{"@id":"https:\/\/innopulse.cat\/en\/#breadcrumb"},"inLanguage":"en-US","potentialAction":[{"@type":"ReadAction","target":["https:\/\/innopulse.cat\/en\/"]}]},{"@type":"BreadcrumbList","@id":"https:\/\/innopulse.cat\/en\/#breadcrumb","itemListElement":[{"@type":"ListItem","position":1,"name":"Portada","item":"https:\/\/innopulse.cat\/en\/"},{"@type":"ListItem","position":2,"name":"Home"}]},{"@type":"WebSite","@id":"https:\/\/innopulse.cat\/#website","url":"https:\/\/innopulse.cat\/","name":"Innopulse - textile solutions","description":"Gesti\u00f3n y producci\u00f3n de confecci\u00f3n textil.","publisher":{"@id":"https:\/\/innopulse.cat\/#organization"},"potentialAction":[{"@type":"SearchAction","target":{"@type":"EntryPoint","urlTemplate":"https:\/\/innopulse.cat\/?s={search_term_string}"},"query-input":"required name=search_term_string"}],"inLanguage":"en-US"},{"@type":"Organization","@id":"https:\/\/innopulse.cat\/#organization","name":"Innopulse, S.L","url":"https:\/\/innopulse.cat\/","logo":{"@type":"ImageObject","inLanguage":"en-US","@id":"https:\/\/innopulse.cat\/#\/schema\/logo\/image\/","url":"https:\/\/innopulse.cat\/wp-content\/uploads\/2017\/04\/innopulse-manteniment.jpg","contentUrl":"https:\/\/innopulse.cat\/wp-content\/uploads\/2017\/04\/innopulse-manteniment.jpg","width":1500,"height":386,"caption":"Innopulse, S.L"},"image":{"@id":"https:\/\/innopulse.cat\/#\/schema\/logo\/image\/"},"sameAs":["https:\/\/www.instagram.com\/innopulse.textil\/"]}]}},"_links":{"self":[{"href":"https:\/\/innopulse.cat\/en\/wp-json\/wp\/v2\/pages\/1206"}],"collection":[{"href":"https:\/\/innopulse.cat\/en\/wp-json\/wp\/v2\/pages"}],"about":[{"href":"https:\/\/innopulse.cat\/en\/wp-json\/wp\/v2\/types\/page"}],"author":[{"embeddable":true,"href":"https:\/\/innopulse.cat\/en\/wp-json\/wp\/v2\/users\/1"}],"replies":[{"embeddable":true,"href":"https:\/\/innopulse.cat\/en\/wp-json\/wp\/v2\/comments?post=1206"}],"version-history":[{"count":1,"href":"https:\/\/innopulse.cat\/en\/wp-json\/wp\/v2\/pages\/1206\/revisions"}],"predecessor-version":[{"id":1207,"href":"https:\/\/innopulse.cat\/en\/wp-json\/wp\/v2\/pages\/1206\/revisions\/1207"}],"wp:attachment":[{"href":"https:\/\/innopulse.cat\/en\/wp-json\/wp\/v2\/media?parent=1206"}],"curies":[{"name":"wp","href":"https:\/\/api.w.org\/{rel}","templated":true}]}}