{"id":1210,"date":"2015-05-25T12:10:45","date_gmt":"2015-05-25T12:10:45","guid":{"rendered":"https:\/\/innopulse.cat\/contacts\/"},"modified":"2019-02-12T19:21:42","modified_gmt":"2019-02-12T19:21:42","slug":"contact","status":"publish","type":"page","link":"https:\/\/innopulse.cat\/en\/contact\/","title":{"rendered":"Contact"},"content":{"rendered":"<div class=\"row row-edge  \" >\n<div class=\"col-md-12 col-xs-offset-0 col-sm-offset-0 col-md-offset-0 col-lg-offset-0 col-xs-pull-0 col-sm-pull-0 col-md-pull-0 col-lg-pull-0 col-xs-push-0 col-sm-push-0 col-md-push-0 col-lg-push-0\">\n<div class=\"row row-edge  \" >\n<div class=\"col-md-6 col-xs-offset-0 col-sm-offset-0 col-md-offset-0 col-lg-offset-0 col-xs-pull-0 col-sm-pull-0 col-md-pull-0 col-lg-pull-0 col-xs-push-0 col-sm-push-0 col-md-push-0 col-lg-push-0\">\n<div><i><iframe loading=\"lazy\" src=\"https:\/\/www.google.com\/maps\/embed?pb=!1m14!1m8!1m3!1d11846.211226223673!2d1.824992!3d42.0742039!3m2!1i1024!2i768!4f13.1!3m3!1m2!1s0x0%3A0xec7da9b4d5a510ae!2sInnopulse+SL!5e0!3m2!1ses!2ses!4v1549999073347\" width=\"750\" height=\"450\" frameborder=\"0\" style=\"border:0\" allowfullscreen><\/iframe><\/i><\/div>\n<\/div>\n<div class=\"col-md-6 col-xs-offset-0 col-sm-offset-0 col-md-offset-0 col-lg-offset-0 col-xs-pull-0 col-sm-pull-0 col-md-pull-0 col-lg-pull-0 col-xs-push-0 col-sm-push-0 col-md-push-0 col-lg-push-0\">\n<div class=\"motopress-embed-obj fill-space\"><i><i><iframe loading=\"lazy\" src=\"https:\/\/www.google.com\/maps\/embed?pb=!1m18!1m12!1m3!1d2897.9223107653415!2d24.621323815490133!3d43.42044987912997!2m3!1f0!2f0!3f0!3m2!1i1024!2i768!4f13.1!3m3!1m2!1s0x40abf563d28a8657%3A0x800e2c39802cd1d9!2sINNOPULSE+BULGARIA+LTD.!5e0!3m2!1ses!2ses!4v1549576457202\" width=\"750\" height=\"450\" frameborder=\"0\" style=\"border:0\" allowfullscreen><\/iframe><\/i><\/i><\/div>\n<\/div>\n<\/div>\n<div class=\"row row-edge  \" >\n<div class=\"col-md-12 col-xs-offset-0 col-sm-offset-0 col-md-offset-0 col-lg-offset-0 col-xs-pull-0 col-sm-pull-0 col-md-pull-0 col-lg-pull-0 col-xs-push-0 col-sm-push-0 col-md-push-0 col-lg-push-0\">\n<div class=\"cherry-spacer   hidden-xs hidden-sm\" style=\"height:80px;\"><\/div><div class=\"cherry-spacer   visible-sm-block\" style=\"height:80px;\"><\/div><div class=\"cherry-spacer   visible-xs-block\" style=\"height:80px;\"><\/div>\n<\/div>\n<\/div>\n<div class=\"row row-edge  \" >\n<div class=\"col-md-12 col-xs-offset-0 col-sm-offset-0 col-md-offset-0 col-lg-offset-0 col-xs-pull-0 col-sm-pull-0 col-md-pull-0 col-lg-pull-0 col-xs-push-0 col-sm-push-0 col-md-push-0 col-lg-push-0\">\n<h2 class=\"legend without-border\" style=\"text-align: center;\">Contact<\/h2>\n<\/div>\n<\/div>\n<\/div>\n<\/div>\n<div class=\"row  \" ><div class=\"container\"><div class=\"row row-edge\">\n<div class=\"col-xs-12 col-sm-12 col-md-4 col-lg-4\">\n<div class=\"row  \" ><div class=\"container\"><div class=\"row row-edge\">\n<div class=\"col-xs-12 col-sm-12 col-md-12 col-lg-12\">\n<p style=\"text-align: center;\"><span class=\"fa fa-home cherry-icon   icon-581\"><\/span>\n<\/div>\n<div class=\"col-xs-12 col-sm-12 col-md-12 col-lg-12\">\n<h3 style=\"text-align: center;\">Address:<\/h3>\n<\/div>\n<div class=\"col-xs-12 col-sm-12 col-md-12 col-lg-12\">\n<p style=\"text-align: center;\"><a href=\"https:\/\/www.google.com\/maps\/place\/Avinguda+Antoni+Gaud%C3%AD,+21,+08610+Avi%C3%A0,+Barcelona\/@42.0742039,1.8228033,17z\/data=!3m1!4b1!4m5!3m4!1s0x12a5a7f0885570e9:0x9fc46164543c63c8!8m2!3d42.0742039!4d1.824992\" target=\"_blank\" rel=\"noopener\">Av. Antoni Gaud\u00ed n\u00ba 21B, 08610 Avi\u00e0 (Spain)<\/a><\/p>\n<p style=\"text-align: center;\"><a href=\"https:\/\/www.google.es\/maps\/place\/ul.+%22Iskar%22+1,+5809+Northern+Industrial+Zone,+Pleven,+Bulgaria\/@43.4204538,24.6213238,17z\/data=!3m1!4b1!4m5!3m4!1s0x40ab8b4aca82e9bf:0xfab574c40bbc530c!8m2!3d43.4204499!4d24.6235125\" target=\"_blank\" rel=\"noopener\">ul. &#8220;Iskar&#8221; 1, 5809 Northern Industrial Zone, Pleven, (Bulgaria<\/a>)<\/p>\n<\/div>\n<\/div><\/div><\/div>\n<\/div>\n<div class=\"col-xs-12 col-sm-12 col-md-4 col-lg-4\">\n<div class=\"row  \" ><div class=\"container\"><div class=\"row row-edge\">\n<div class=\"col-xs-12 col-sm-12 col-md-4 col-lg-12\">\n<p style=\"text-align: center;\"><span class=\"fa fa-phone cherry-icon   icon-250\"><\/span>\n<\/div>\n<div class=\"col-xs-12 col-sm-12 col-md-4 col-lg-12\">\n<h3 style=\"text-align: center;\">Phone:<\/h3>\n<\/div>\n<div class=\"col-xs-12 col-sm-12 col-md-4 col-lg-12\">\n<p style=\"text-align: center;\">+34\u00a0639 431 373 (Spain)<\/p>\n<p style=\"text-align: center;\">+35 964 800 329 (Bulgaria)<\/p>\n<\/div>\n<\/div><\/div><\/div>\n<\/div>\n<div class=\"col-xs-12 col-sm-12 col-md-4 col-lg-4\">\n<div class=\"row  \" ><div class=\"container\"><div class=\"row row-edge\">\n<div class=\"col-xs-12 col-sm-12 col-md-12 col-lg-12\">\n<p style=\"text-align: center;\"><span class=\"fa fa-envelope cherry-icon   icon-668\"><\/span>\n<\/div>\n<div class=\"col-xs-12 col-sm-12 col-md-12 col-lg-12\">\n<h3 style=\"text-align: center;\">E-mail:<\/h3>\n<\/div>\n<div class=\"col-xs-12 col-sm-12 col-md-12 col-lg-12\">\n<p style=\"text-align: center;\"><a href=\"mailto:ferran@innopulse.cat\">ferran@innopulse.cat<\/a><\/p>\n<p style=\"text-align: center;\"><a href=\"mailto:laura@innopulse.cat\">laura@innopulse.cat<\/a> (Administration Spain)<\/p>\n<p style=\"text-align: center;\"><a href=\"mailto:eli@innopulse.cat\">eli@innopulse.cat<\/a> (Bulgaria)<\/p>\n<\/div>\n<\/div><\/div><\/div>\n<\/div>\n<\/div><\/div><\/div>\n<div class=\"row  \" ><div class=\"container\"><div class=\"row row-edge\">\n<div class=\"col-xs-12 col-sm-12 col-md-3 col-lg-12\">\n<div class=\"cherry-spacer  \" style=\"height:50px;\"><\/div>\n<\/div>\n<div class=\"col-xs-12 col-sm-12 col-md-3 col-lg-12\">\n<h2 class=\"legend without-border\" style=\"text-align: center;\">Contact us<\/h2>\n<\/div>\n<div class=\"col-xs-12 col-sm-12 col-md-3 col-lg-12\">\n\n<div class=\"wpcf7 no-js\" id=\"wpcf7-f1215-o1\" lang=\"en-US\" dir=\"ltr\">\n<div class=\"screen-reader-response\"><p role=\"status\" aria-live=\"polite\" aria-atomic=\"true\"><\/p> <ul><\/ul><\/div>\n<form action=\"\/en\/wp-json\/wp\/v2\/pages\/1210#wpcf7-f1215-o1\" method=\"post\" class=\"wpcf7-form init\" aria-label=\"Contact form\" novalidate=\"novalidate\" data-status=\"init\">\n<div style=\"display: none;\">\n<input type=\"hidden\" name=\"_wpcf7\" value=\"1215\" \/>\n<input type=\"hidden\" name=\"_wpcf7_version\" value=\"5.7.5.1\" \/>\n<input type=\"hidden\" name=\"_wpcf7_locale\" value=\"en_US\" \/>\n<input type=\"hidden\" name=\"_wpcf7_unit_tag\" value=\"wpcf7-f1215-o1\" \/>\n<input type=\"hidden\" name=\"_wpcf7_container_post\" value=\"0\" \/>\n<input type=\"hidden\" name=\"_wpcf7_posted_data_hash\" value=\"\" \/>\n<input type=\"hidden\" name=\"_wpcf7_recaptcha_response\" value=\"\" \/>\n<\/div>\n<div class=\"row\">\n\t<div class=\"col-lg-4 col-md-4 col-sm-12 col-xs-12\">\n\t\t<p><span class=\"wpcf7-form-control-wrap\" data-name=\"your-name\"><input size=\"40\" class=\"wpcf7-form-control wpcf7-text wpcf7-validates-as-required\" aria-required=\"true\" aria-invalid=\"false\" placeholder=\"Name:\" value=\"\" type=\"text\" name=\"your-name\" \/><\/span>\n\t\t<\/p>\n\t<\/div>\n\t<div class=\"col-lg-4 col-md-4 col-sm-12 col-xs-12\">\n\t\t<p><span class=\"wpcf7-form-control-wrap\" data-name=\"your-email\"><input size=\"40\" class=\"wpcf7-form-control wpcf7-text wpcf7-email wpcf7-validates-as-required wpcf7-validates-as-email\" aria-required=\"true\" aria-invalid=\"false\" placeholder=\"E-mail:\" value=\"\" type=\"email\" name=\"your-email\" \/><\/span>\n\t\t<\/p>\n\t<\/div>\n\t<div class=\"col-lg-4 col-md-4 col-sm-12 col-xs-12\">\n\t\t<p><span class=\"wpcf7-form-control-wrap\" data-name=\"phone\"><input size=\"40\" class=\"wpcf7-form-control wpcf7-text wpcf7-tel wpcf7-validates-as-required wpcf7-validates-as-tel\" aria-required=\"true\" aria-invalid=\"false\" placeholder=\"Phone:\" value=\"\" type=\"tel\" name=\"phone\" \/><\/span>\n\t\t<\/p>\n\t<\/div>\n\t<div class=\"col-lg-12 col-md-12 col-sm-12 col-xs-12\">\n\t\t<p><span class=\"wpcf7-form-control-wrap\" data-name=\"your-message\"><textarea cols=\"40\" rows=\"10\" class=\"wpcf7-form-control wpcf7-textarea wpcf7-validates-as-required\" aria-required=\"true\" aria-invalid=\"false\" placeholder=\"Text:\" name=\"your-message\"><\/textarea><\/span><br \/>\n<span class=\"wpcf7-form-control-wrap\" data-name=\"acceptance-768\"><span class=\"wpcf7-form-control wpcf7-acceptance\"><span class=\"wpcf7-list-item\"><label><input type=\"checkbox\" name=\"acceptance-768\" value=\"1\" aria-invalid=\"false\" \/><span class=\"wpcf7-list-item-label\">I have read and accept<a target=\"_blank\" rel=\"nofollow noopener noreferrer\" href=\"https:\/\/innopulse.cat\/avisos-legales\"> the Legal Notice <\/a> and the <a target=\"_blank\" rel=\"nofollow noopener noreferrer\" href=\"https:\/\/innopulse.cat\/politica-de-privacidad\">Privacy Policy<\/a><\/span><\/label><\/span><\/span><\/span>\n\t\t<\/p>\n\t<\/div>\n<\/div>\n<div class=\"submit-wrap\">\n\t<p><span><\/span><br \/>\n<input class=\"wpcf7-form-control has-spinner wpcf7-submit\" type=\"submit\" value=\"Send\" \/><input type=\"reset\" value=\"Reset\" \/>\n\t<\/p>\n<\/div><div class=\"wpcf7-response-output\" aria-hidden=\"true\"><\/div>\n<\/form>\n<\/div>\n\n<\/div>\n<div class=\"col-xs-12 col-sm-12 col-md-3 col-lg-12\">\n<div class=\"cherry-spacer   hidden-xs hidden-sm\" style=\"height:80px;\"><\/div><div class=\"cherry-spacer   visible-sm-block\" style=\"height:70px;\"><\/div><div class=\"cherry-spacer   visible-xs-block\" style=\"height:60px;\"><\/div>\n<\/div>\n<\/div><\/div><\/div>\n","protected":false},"excerpt":{"rendered":"Contact Address: Av. Antoni Gaud\u00ed n\u00ba 21B, 08610 Avi\u00e0 (Spain) ul. &#8220;Iskar&#8221; 1, 5809 Northern Industrial Zone, Pleven, (Bulgaria) Phone: +34\u00a0639 431 373 (Spain) +35 964 800 329 (Bulgaria) E-mail: ferran@innopulse.cat laura@innopulse.cat (Administration Spain) eli@innopulse.cat (Bulgaria) Contact us I have read and accept the Legal Notice and the Privacy Policy","protected":false},"author":1,"featured_media":0,"parent":0,"menu_order":5,"comment_status":"open","ping_status":"closed","template":"","meta":[],"yoast_head":"<!-- This site is optimized with the Yoast SEO plugin v20.4 - https:\/\/yoast.com\/wordpress\/plugins\/seo\/ -->\n<title>Contact - Innopulse - textile solutions<\/title>\n<meta name=\"robots\" content=\"index, follow, max-snippet:-1, max-image-preview:large, max-video-preview:-1\" \/>\n<link rel=\"canonical\" href=\"https:\/\/innopulse.cat\/en\/contact\/\" \/>\n<meta property=\"og:locale\" content=\"en_US\" \/>\n<meta property=\"og:type\" content=\"article\" \/>\n<meta property=\"og:title\" content=\"Contact - Innopulse - textile solutions\" \/>\n<meta property=\"og:description\" content=\"Contact Address: Av. Antoni Gaud\u00ed n\u00ba 21B, 08610 Avi\u00e0 (Spain) ul. &#8220;Iskar&#8221; 1, 5809 Northern Industrial Zone, Pleven, (Bulgaria) Phone: +34\u00a0639 431 373 (Spain) +35 964 800 329 (Bulgaria) E-mail: ferran@innopulse.cat laura@innopulse.cat (Administration Spain) eli@innopulse.cat (Bulgaria) Contact us I have read and accept the Legal Notice and the Privacy Policy\" \/>\n<meta property=\"og:url\" content=\"https:\/\/innopulse.cat\/en\/contact\/\" \/>\n<meta property=\"og:site_name\" content=\"Innopulse - textile solutions\" \/>\n<meta property=\"article:modified_time\" content=\"2019-02-12T19:21:42+00:00\" \/>\n<meta name=\"twitter:card\" content=\"summary_large_image\" \/>\n<meta name=\"twitter:label1\" content=\"Est. reading time\" \/>\n\t<meta name=\"twitter:data1\" content=\"4 minutes\" \/>\n<script type=\"application\/ld+json\" class=\"yoast-schema-graph\">{\"@context\":\"https:\/\/schema.org\",\"@graph\":[{\"@type\":\"WebPage\",\"@id\":\"https:\/\/innopulse.cat\/en\/contact\/\",\"url\":\"https:\/\/innopulse.cat\/en\/contact\/\",\"name\":\"Contact - Innopulse - textile solutions\",\"isPartOf\":{\"@id\":\"https:\/\/innopulse.cat\/#website\"},\"datePublished\":\"2015-05-25T12:10:45+00:00\",\"dateModified\":\"2019-02-12T19:21:42+00:00\",\"breadcrumb\":{\"@id\":\"https:\/\/innopulse.cat\/en\/contact\/#breadcrumb\"},\"inLanguage\":\"en-US\",\"potentialAction\":[{\"@type\":\"ReadAction\",\"target\":[\"https:\/\/innopulse.cat\/en\/contact\/\"]}]},{\"@type\":\"BreadcrumbList\",\"@id\":\"https:\/\/innopulse.cat\/en\/contact\/#breadcrumb\",\"itemListElement\":[{\"@type\":\"ListItem\",\"position\":1,\"name\":\"Portada\",\"item\":\"https:\/\/innopulse.cat\/en\/\"},{\"@type\":\"ListItem\",\"position\":2,\"name\":\"Contact\"}]},{\"@type\":\"WebSite\",\"@id\":\"https:\/\/innopulse.cat\/#website\",\"url\":\"https:\/\/innopulse.cat\/\",\"name\":\"Innopulse - textile solutions\",\"description\":\"Gesti\u00f3n y producci\u00f3n de confecci\u00f3n textil.\",\"publisher\":{\"@id\":\"https:\/\/innopulse.cat\/#organization\"},\"potentialAction\":[{\"@type\":\"SearchAction\",\"target\":{\"@type\":\"EntryPoint\",\"urlTemplate\":\"https:\/\/innopulse.cat\/?s={search_term_string}\"},\"query-input\":\"required name=search_term_string\"}],\"inLanguage\":\"en-US\"},{\"@type\":\"Organization\",\"@id\":\"https:\/\/innopulse.cat\/#organization\",\"name\":\"Innopulse, S.L\",\"url\":\"https:\/\/innopulse.cat\/\",\"logo\":{\"@type\":\"ImageObject\",\"inLanguage\":\"en-US\",\"@id\":\"https:\/\/innopulse.cat\/#\/schema\/logo\/image\/\",\"url\":\"https:\/\/innopulse.cat\/wp-content\/uploads\/2017\/04\/innopulse-manteniment.jpg\",\"contentUrl\":\"https:\/\/innopulse.cat\/wp-content\/uploads\/2017\/04\/innopulse-manteniment.jpg\",\"width\":1500,\"height\":386,\"caption\":\"Innopulse, S.L\"},\"image\":{\"@id\":\"https:\/\/innopulse.cat\/#\/schema\/logo\/image\/\"},\"sameAs\":[\"https:\/\/www.instagram.com\/innopulse.textil\/\"]}]}<\/script>\n<!-- \/ Yoast SEO plugin. -->","yoast_head_json":{"title":"Contact - Innopulse - textile solutions","robots":{"index":"index","follow":"follow","max-snippet":"max-snippet:-1","max-image-preview":"max-image-preview:large","max-video-preview":"max-video-preview:-1"},"canonical":"https:\/\/innopulse.cat\/en\/contact\/","og_locale":"en_US","og_type":"article","og_title":"Contact - Innopulse - textile solutions","og_description":"Contact Address: Av. Antoni Gaud\u00ed n\u00ba 21B, 08610 Avi\u00e0 (Spain) ul. &#8220;Iskar&#8221; 1, 5809 Northern Industrial Zone, Pleven, (Bulgaria) Phone: +34\u00a0639 431 373 (Spain) +35 964 800 329 (Bulgaria) E-mail: ferran@innopulse.cat laura@innopulse.cat (Administration Spain) eli@innopulse.cat (Bulgaria) Contact us I have read and accept the Legal Notice and the Privacy Policy","og_url":"https:\/\/innopulse.cat\/en\/contact\/","og_site_name":"Innopulse - textile solutions","article_modified_time":"2019-02-12T19:21:42+00:00","twitter_card":"summary_large_image","twitter_misc":{"Est. reading time":"4 minutes"},"schema":{"@context":"https:\/\/schema.org","@graph":[{"@type":"WebPage","@id":"https:\/\/innopulse.cat\/en\/contact\/","url":"https:\/\/innopulse.cat\/en\/contact\/","name":"Contact - Innopulse - textile solutions","isPartOf":{"@id":"https:\/\/innopulse.cat\/#website"},"datePublished":"2015-05-25T12:10:45+00:00","dateModified":"2019-02-12T19:21:42+00:00","breadcrumb":{"@id":"https:\/\/innopulse.cat\/en\/contact\/#breadcrumb"},"inLanguage":"en-US","potentialAction":[{"@type":"ReadAction","target":["https:\/\/innopulse.cat\/en\/contact\/"]}]},{"@type":"BreadcrumbList","@id":"https:\/\/innopulse.cat\/en\/contact\/#breadcrumb","itemListElement":[{"@type":"ListItem","position":1,"name":"Portada","item":"https:\/\/innopulse.cat\/en\/"},{"@type":"ListItem","position":2,"name":"Contact"}]},{"@type":"WebSite","@id":"https:\/\/innopulse.cat\/#website","url":"https:\/\/innopulse.cat\/","name":"Innopulse - textile solutions","description":"Gesti\u00f3n y producci\u00f3n de confecci\u00f3n textil.","publisher":{"@id":"https:\/\/innopulse.cat\/#organization"},"potentialAction":[{"@type":"SearchAction","target":{"@type":"EntryPoint","urlTemplate":"https:\/\/innopulse.cat\/?s={search_term_string}"},"query-input":"required name=search_term_string"}],"inLanguage":"en-US"},{"@type":"Organization","@id":"https:\/\/innopulse.cat\/#organization","name":"Innopulse, S.L","url":"https:\/\/innopulse.cat\/","logo":{"@type":"ImageObject","inLanguage":"en-US","@id":"https:\/\/innopulse.cat\/#\/schema\/logo\/image\/","url":"https:\/\/innopulse.cat\/wp-content\/uploads\/2017\/04\/innopulse-manteniment.jpg","contentUrl":"https:\/\/innopulse.cat\/wp-content\/uploads\/2017\/04\/innopulse-manteniment.jpg","width":1500,"height":386,"caption":"Innopulse, S.L"},"image":{"@id":"https:\/\/innopulse.cat\/#\/schema\/logo\/image\/"},"sameAs":["https:\/\/www.instagram.com\/innopulse.textil\/"]}]}},"_links":{"self":[{"href":"https:\/\/innopulse.cat\/en\/wp-json\/wp\/v2\/pages\/1210"}],"collection":[{"href":"https:\/\/innopulse.cat\/en\/wp-json\/wp\/v2\/pages"}],"about":[{"href":"https:\/\/innopulse.cat\/en\/wp-json\/wp\/v2\/types\/page"}],"author":[{"embeddable":true,"href":"https:\/\/innopulse.cat\/en\/wp-json\/wp\/v2\/users\/1"}],"replies":[{"embeddable":true,"href":"https:\/\/innopulse.cat\/en\/wp-json\/wp\/v2\/comments?post=1210"}],"version-history":[{"count":10,"href":"https:\/\/innopulse.cat\/en\/wp-json\/wp\/v2\/pages\/1210\/revisions"}],"predecessor-version":[{"id":1546,"href":"https:\/\/innopulse.cat\/en\/wp-json\/wp\/v2\/pages\/1210\/revisions\/1546"}],"wp:attachment":[{"href":"https:\/\/innopulse.cat\/en\/wp-json\/wp\/v2\/media?parent=1210"}],"curies":[{"name":"wp","href":"https:\/\/api.w.org\/{rel}","templated":true}]}}