{"id":1305,"date":"2015-05-25T12:08:50","date_gmt":"2015-05-25T12:08:50","guid":{"rendered":"https:\/\/innopulse.cat\/productos\/"},"modified":"2017-07-18T12:21:43","modified_gmt":"2017-07-18T12:21:43","slug":"products","status":"publish","type":"page","link":"https:\/\/innopulse.cat\/en\/products\/","title":{"rendered":"Products"},"content":{"rendered":"<div class=\"row  \" ><div class=\"container\"><div class=\"row row-edge\">\n<div class=\"col-xs-12 col-sm-12 col-md-4 col-lg-12\">\n<h2 style=\"text-align: center;\">Products<\/h2>\n<\/div>\n<div class=\"col-xs-12 col-sm-12 col-md-4 col-lg-12\">\n<div class=\"cherry-spacer  \" style=\"height:9px;\"><\/div>\n<\/div>\n<div class=\"col-xs-12 col-sm-12 col-md-4 col-lg-12\">\n<div id=\"cherry-posts-list-1\" class=\"cherry-posts-list template-posts_3 row  \"><div class=\"cherry-posts-item col-xs-12 col-sm-12 col-md-4 col-lg-4 page-item item-0 odd\"><div class=\"inner cherry-clearfix\"><div class=\"post_3\">\r\n      <a href=\"https:\/\/innopulse.cat\/en\/products\/pants-skirts\/\" title=\"Pants &#038; Skirts\" class=\"post-thumbnail_link\"><img width=\"370\" height=\"218\" src=\"https:\/\/innopulse.cat\/wp-content\/uploads\/2017\/04\/DSCF4346-370x218.jpg\" class=\"attachment-cherry-post_1 size-cherry-post_1 wp-post-image\" alt=\"\" decoding=\"async\" loading=\"lazy\" \/><\/a>\r\n      <h3><a href=\"https:\/\/innopulse.cat\/en\/products\/pants-skirts\/\" title=\"Pants &#038; Skirts\">Pants &#038; Skirts<\/a><\/h3>\r\n      <div class=\"post-content part\">PANTS &amp; SKIRT Men&#8217;s and women&#8217;s trousers, with different options and variants. Manufacturing of all kinds of skirts. We have different work lines specialized in each type of garment.<\/div>\r\n<\/div><\/div><\/div><div class=\"cherry-xs-clear cherry-sm-clear\"><\/div><!--\/.cherry-posts-item--><div class=\"cherry-posts-item col-xs-12 col-sm-12 col-md-4 col-lg-4 page-item item-1 even\"><div class=\"inner cherry-clearfix\"><div class=\"post_3\">\r\n      <a href=\"https:\/\/innopulse.cat\/en\/products\/jackets-coats\/\" title=\"Jackets &#038; Coats\" class=\"post-thumbnail_link\"><img width=\"370\" height=\"218\" src=\"https:\/\/innopulse.cat\/wp-content\/uploads\/2017\/06\/DSCF4366-370x218.jpg\" class=\"attachment-cherry-post_1 size-cherry-post_1 wp-post-image\" alt=\"\" decoding=\"async\" loading=\"lazy\" \/><\/a>\r\n      <h3><a href=\"https:\/\/innopulse.cat\/en\/products\/jackets-coats\/\" title=\"Jackets &#038; Coats\">Jackets &#038; Coats<\/a><\/h3>\r\n      <div class=\"post-content part\">JACKETS &amp; COATS Manufacturing of both men\u2019s and women\u2019s coats and jackets. Woollen coats and water jackets. Tailored paddings and fitting of any kinds of metal closures. Production of blazers, parkas, and all kinds of outer garments.<\/div>\r\n<\/div><\/div><\/div><div class=\"cherry-xs-clear cherry-sm-clear\"><\/div><!--\/.cherry-posts-item--><div class=\"cherry-posts-item col-xs-12 col-sm-12 col-md-4 col-lg-4 page-item item-2 odd\"><div class=\"inner cherry-clearfix\"><div class=\"post_3\">\r\n      <a href=\"https:\/\/innopulse.cat\/en\/products\/knitwear\/\" title=\"Knitwear\" class=\"post-thumbnail_link\"><img width=\"370\" height=\"218\" src=\"https:\/\/innopulse.cat\/wp-content\/uploads\/2017\/06\/DSCF4228-370x218.jpg\" class=\"attachment-cherry-post_1 size-cherry-post_1 wp-post-image\" alt=\"\" decoding=\"async\" loading=\"lazy\" \/><\/a>\r\n      <h3><a href=\"https:\/\/innopulse.cat\/en\/products\/knitwear\/\" title=\"Knitwear\">Knitwear<\/a><\/h3>\r\n      <div class=\"post-content part\">KNITWEAR All kinds of design and manufacturing of knitwear for men and women. We have gg3, gg5, gg7, gg8, gg12, gg14 and multigauge. We offer finished product including spinning.<\/div>\r\n<\/div><\/div><\/div><div class=\"cherry-xs-clear cherry-sm-clear cherry-md-clear cherry-lg-clear\"><\/div><!--\/.cherry-posts-item--><div class=\"cherry-posts-item col-xs-12 col-sm-12 col-md-4 col-lg-4 page-item item-3 even\"><div class=\"inner cherry-clearfix\"><div class=\"post_3\">\r\n      <a href=\"https:\/\/innopulse.cat\/en\/products\/dresses\/\" title=\"Dresses\" class=\"post-thumbnail_link\"><img width=\"370\" height=\"218\" src=\"https:\/\/innopulse.cat\/wp-content\/uploads\/2017\/06\/DSCF4240-370x218.jpg\" class=\"attachment-cherry-post_1 size-cherry-post_1 wp-post-image\" alt=\"\" decoding=\"async\" loading=\"lazy\" \/><\/a>\r\n      <h3><a href=\"https:\/\/innopulse.cat\/en\/products\/dresses\/\" title=\"Dresses\">Dresses<\/a><\/h3>\r\n      <div class=\"post-content part\">DRESSES We tailor all kinds of dresses, with the additional option of garment dying and application transfers and prints.<\/div>\r\n<\/div><\/div><\/div><div class=\"cherry-xs-clear cherry-sm-clear\"><\/div><!--\/.cherry-posts-item--><div class=\"cherry-posts-item col-xs-12 col-sm-12 col-md-4 col-lg-4 page-item item-4 odd\"><div class=\"inner cherry-clearfix\"><div class=\"post_3\">\r\n      <a href=\"https:\/\/innopulse.cat\/en\/products\/t-shirts\/\" title=\"T-shirts\" class=\"post-thumbnail_link\"><img width=\"370\" height=\"218\" src=\"https:\/\/innopulse.cat\/wp-content\/uploads\/2017\/06\/DSCF4570-370x218.jpg\" class=\"attachment-cherry-post_1 size-cherry-post_1 wp-post-image\" alt=\"\" decoding=\"async\" loading=\"lazy\" \/><\/a>\r\n      <h3><a href=\"https:\/\/innopulse.cat\/en\/products\/t-shirts\/\" title=\"T-shirts\">T-shirts<\/a><\/h3>\r\n      <div class=\"post-content part\">T-SHIRTS Manufacturing of all types of circular garments. Like T-shirts, dresses, trousers. Also production of combined garment between circular and woven and even knitwear. With additional option of garment dying and application transfers and prints. Wide variety of machinery adaptable to your requirements.<\/div>\r\n<\/div><\/div><\/div><div class=\"cherry-xs-clear cherry-sm-clear\"><\/div><!--\/.cherry-posts-item--><div class=\"cherry-posts-item col-xs-12 col-sm-12 col-md-4 col-lg-4 page-item item-5 even\"><div class=\"inner cherry-clearfix\"><div class=\"post_3\">\r\n      <a href=\"https:\/\/innopulse.cat\/en\/products\/underwear-homewear\/\" title=\"Underwear &#038; Homewear\" class=\"post-thumbnail_link\"><img width=\"370\" height=\"218\" src=\"https:\/\/innopulse.cat\/wp-content\/uploads\/2017\/06\/DSCF5829-370x218.jpg\" class=\"attachment-cherry-post_1 size-cherry-post_1 wp-post-image\" alt=\"\" decoding=\"async\" loading=\"lazy\" \/><\/a>\r\n      <h3><a href=\"https:\/\/innopulse.cat\/en\/products\/underwear-homewear\/\" title=\"Underwear &#038; Homewear\">Underwear &#038; Homewear<\/a><\/h3>\r\n      <div class=\"post-content part\">UNDERWEAR &amp; HOMEWEAR Specialists in making cloth underpants for men. Also in the manufacturing of pyjamas for men in fabric or combining fabric and circular.<\/div>\r\n<\/div><\/div><\/div><div class=\"cherry-xs-clear cherry-sm-clear cherry-md-clear cherry-lg-clear\"><\/div><!--\/.cherry-posts-item--><\/div><!--\/.cherry-posts-list-->\n<\/div>\n<\/div><\/div><\/div>\n<div class=\"row  \" ><section class=\"parallax-box image-parallax-box \" style=\"min-height: 300px\"><div class=\"parallax-content\"><div class=\"container\"><div class=\"row row-edge\">\n<div class=\"col-xs-12 col-sm-12 col-md-12 col-lg-12\">\n<div class=\"cherry-spacer   hidden-xs hidden-sm\" style=\"height:224px;\"><\/div><div class=\"cherry-spacer   visible-sm-block\" style=\"height:150px;\"><\/div><div class=\"cherry-spacer   visible-xs-block\" style=\"height:100px;\"><\/div>\n<\/div>\n<div class=\"col-xs-12 col-sm-11 col-md-11 col-lg-11 col-xs-offset-0 col-sm-offset-1 col-md-offset-1 col-lg-offset-1\">\n<div class=\"cherry-banner template-banner_1 type_2 \"><div class=\"banner_1\">\r\n   <h2 class=\"cherry-banner_title\">A driving spirit<\/h2>\r\n   <div class=\"banner_inner\">\r\n      <div class=\"cherry-banner_content\">\n<p><em>OF<\/em> a fashion line<\/p>\n<\/div>\r\n      <a href=\"#\" class=\"cherry-btn cherry-btn-info type_3\"><\/a>\r\n   <\/div>\r\n<\/div><\/div>\n<\/div>\n<div class=\"col-xs-12 col-sm-12 col-md-12 col-lg-12\">\n<div class=\"cherry-spacer   hidden-xs hidden-sm\" style=\"height:207px;\"><\/div><div class=\"cherry-spacer   visible-sm-block\" style=\"height:150px;\"><\/div><div class=\"cherry-spacer   visible-xs-block\" style=\"height:100px;\"><\/div>\n<\/div>\n<\/div><\/div><div class=\"clear\"><\/div><\/div><div class=\"parallax-bg\" data-parallax-type=\"image\" data-img-url=\"https:\/\/innopulse.cat\/wp-content\/uploads\/2017\/04\/DSCF4158.jpg\" data-speed=\"4.5\" data-invert=\"1\" ><\/div><\/section><\/div>\n<div class=\"row  \" ><div class=\"container\"><div class=\"row row-edge\">\n<div class=\"col-xs-12 col-sm-12 col-md-12 col-lg-12\">\n<div class=\"cherry-spacer  \" style=\"height:4px;\"><\/div>\n<\/div>\n<\/div><\/div><\/div>\n","protected":false},"excerpt":{"rendered":"UNDERWEAR &amp; HOMEWEAR Specialists in making cloth underpants for men. Also in the manufacturing of pyjamas for men in fabric or combining fabric and circular.","protected":false},"author":1,"featured_media":0,"parent":0,"menu_order":1,"comment_status":"open","ping_status":"closed","template":"","meta":[],"yoast_head":"<!-- This site is optimized with the Yoast SEO plugin v20.4 - https:\/\/yoast.com\/wordpress\/plugins\/seo\/ -->\n<title>Products - Innopulse - textile solutions<\/title>\n<meta name=\"robots\" content=\"index, follow, max-snippet:-1, max-image-preview:large, max-video-preview:-1\" \/>\n<link rel=\"canonical\" href=\"https:\/\/innopulse.cat\/en\/products\/\" \/>\n<meta property=\"og:locale\" content=\"en_US\" \/>\n<meta property=\"og:type\" content=\"article\" \/>\n<meta property=\"og:title\" content=\"Products - Innopulse - textile solutions\" \/>\n<meta property=\"og:description\" content=\"UNDERWEAR &amp; HOMEWEAR Specialists in making cloth underpants for men. Also in the manufacturing of pyjamas for men in fabric or combining fabric and circular.\" \/>\n<meta property=\"og:url\" content=\"https:\/\/innopulse.cat\/en\/products\/\" \/>\n<meta property=\"og:site_name\" content=\"Innopulse - textile solutions\" \/>\n<meta property=\"article:modified_time\" content=\"2017-07-18T12:21:43+00:00\" \/>\n<meta name=\"twitter:card\" content=\"summary_large_image\" \/>\n<meta name=\"twitter:label1\" content=\"Est. reading time\" \/>\n\t<meta name=\"twitter:data1\" content=\"1 minute\" \/>\n<script type=\"application\/ld+json\" class=\"yoast-schema-graph\">{\"@context\":\"https:\/\/schema.org\",\"@graph\":[{\"@type\":\"WebPage\",\"@id\":\"https:\/\/innopulse.cat\/en\/products\/\",\"url\":\"https:\/\/innopulse.cat\/en\/products\/\",\"name\":\"Products - Innopulse - textile solutions\",\"isPartOf\":{\"@id\":\"https:\/\/innopulse.cat\/#website\"},\"datePublished\":\"2015-05-25T12:08:50+00:00\",\"dateModified\":\"2017-07-18T12:21:43+00:00\",\"breadcrumb\":{\"@id\":\"https:\/\/innopulse.cat\/en\/products\/#breadcrumb\"},\"inLanguage\":\"en-US\",\"potentialAction\":[{\"@type\":\"ReadAction\",\"target\":[\"https:\/\/innopulse.cat\/en\/products\/\"]}]},{\"@type\":\"BreadcrumbList\",\"@id\":\"https:\/\/innopulse.cat\/en\/products\/#breadcrumb\",\"itemListElement\":[{\"@type\":\"ListItem\",\"position\":1,\"name\":\"Portada\",\"item\":\"https:\/\/innopulse.cat\/en\/\"},{\"@type\":\"ListItem\",\"position\":2,\"name\":\"Products\"}]},{\"@type\":\"WebSite\",\"@id\":\"https:\/\/innopulse.cat\/#website\",\"url\":\"https:\/\/innopulse.cat\/\",\"name\":\"Innopulse - textile solutions\",\"description\":\"Gesti\u00f3n y producci\u00f3n de confecci\u00f3n textil.\",\"publisher\":{\"@id\":\"https:\/\/innopulse.cat\/#organization\"},\"potentialAction\":[{\"@type\":\"SearchAction\",\"target\":{\"@type\":\"EntryPoint\",\"urlTemplate\":\"https:\/\/innopulse.cat\/?s={search_term_string}\"},\"query-input\":\"required name=search_term_string\"}],\"inLanguage\":\"en-US\"},{\"@type\":\"Organization\",\"@id\":\"https:\/\/innopulse.cat\/#organization\",\"name\":\"Innopulse, S.L\",\"url\":\"https:\/\/innopulse.cat\/\",\"logo\":{\"@type\":\"ImageObject\",\"inLanguage\":\"en-US\",\"@id\":\"https:\/\/innopulse.cat\/#\/schema\/logo\/image\/\",\"url\":\"https:\/\/innopulse.cat\/wp-content\/uploads\/2017\/04\/innopulse-manteniment.jpg\",\"contentUrl\":\"https:\/\/innopulse.cat\/wp-content\/uploads\/2017\/04\/innopulse-manteniment.jpg\",\"width\":1500,\"height\":386,\"caption\":\"Innopulse, S.L\"},\"image\":{\"@id\":\"https:\/\/innopulse.cat\/#\/schema\/logo\/image\/\"},\"sameAs\":[\"https:\/\/www.instagram.com\/innopulse.textil\/\"]}]}<\/script>\n<!-- \/ Yoast SEO plugin. -->","yoast_head_json":{"title":"Products - Innopulse - textile solutions","robots":{"index":"index","follow":"follow","max-snippet":"max-snippet:-1","max-image-preview":"max-image-preview:large","max-video-preview":"max-video-preview:-1"},"canonical":"https:\/\/innopulse.cat\/en\/products\/","og_locale":"en_US","og_type":"article","og_title":"Products - Innopulse - textile solutions","og_description":"UNDERWEAR &amp; HOMEWEAR Specialists in making cloth underpants for men. Also in the manufacturing of pyjamas for men in fabric or combining fabric and circular.","og_url":"https:\/\/innopulse.cat\/en\/products\/","og_site_name":"Innopulse - textile solutions","article_modified_time":"2017-07-18T12:21:43+00:00","twitter_card":"summary_large_image","twitter_misc":{"Est. reading time":"1 minute"},"schema":{"@context":"https:\/\/schema.org","@graph":[{"@type":"WebPage","@id":"https:\/\/innopulse.cat\/en\/products\/","url":"https:\/\/innopulse.cat\/en\/products\/","name":"Products - Innopulse - textile solutions","isPartOf":{"@id":"https:\/\/innopulse.cat\/#website"},"datePublished":"2015-05-25T12:08:50+00:00","dateModified":"2017-07-18T12:21:43+00:00","breadcrumb":{"@id":"https:\/\/innopulse.cat\/en\/products\/#breadcrumb"},"inLanguage":"en-US","potentialAction":[{"@type":"ReadAction","target":["https:\/\/innopulse.cat\/en\/products\/"]}]},{"@type":"BreadcrumbList","@id":"https:\/\/innopulse.cat\/en\/products\/#breadcrumb","itemListElement":[{"@type":"ListItem","position":1,"name":"Portada","item":"https:\/\/innopulse.cat\/en\/"},{"@type":"ListItem","position":2,"name":"Products"}]},{"@type":"WebSite","@id":"https:\/\/innopulse.cat\/#website","url":"https:\/\/innopulse.cat\/","name":"Innopulse - textile solutions","description":"Gesti\u00f3n y producci\u00f3n de confecci\u00f3n textil.","publisher":{"@id":"https:\/\/innopulse.cat\/#organization"},"potentialAction":[{"@type":"SearchAction","target":{"@type":"EntryPoint","urlTemplate":"https:\/\/innopulse.cat\/?s={search_term_string}"},"query-input":"required name=search_term_string"}],"inLanguage":"en-US"},{"@type":"Organization","@id":"https:\/\/innopulse.cat\/#organization","name":"Innopulse, S.L","url":"https:\/\/innopulse.cat\/","logo":{"@type":"ImageObject","inLanguage":"en-US","@id":"https:\/\/innopulse.cat\/#\/schema\/logo\/image\/","url":"https:\/\/innopulse.cat\/wp-content\/uploads\/2017\/04\/innopulse-manteniment.jpg","contentUrl":"https:\/\/innopulse.cat\/wp-content\/uploads\/2017\/04\/innopulse-manteniment.jpg","width":1500,"height":386,"caption":"Innopulse, S.L"},"image":{"@id":"https:\/\/innopulse.cat\/#\/schema\/logo\/image\/"},"sameAs":["https:\/\/www.instagram.com\/innopulse.textil\/"]}]}},"_links":{"self":[{"href":"https:\/\/innopulse.cat\/en\/wp-json\/wp\/v2\/pages\/1305"}],"collection":[{"href":"https:\/\/innopulse.cat\/en\/wp-json\/wp\/v2\/pages"}],"about":[{"href":"https:\/\/innopulse.cat\/en\/wp-json\/wp\/v2\/types\/page"}],"author":[{"embeddable":true,"href":"https:\/\/innopulse.cat\/en\/wp-json\/wp\/v2\/users\/1"}],"replies":[{"embeddable":true,"href":"https:\/\/innopulse.cat\/en\/wp-json\/wp\/v2\/comments?post=1305"}],"version-history":[{"count":1,"href":"https:\/\/innopulse.cat\/en\/wp-json\/wp\/v2\/pages\/1305\/revisions"}],"predecessor-version":[{"id":1306,"href":"https:\/\/innopulse.cat\/en\/wp-json\/wp\/v2\/pages\/1305\/revisions\/1306"}],"wp:attachment":[{"href":"https:\/\/innopulse.cat\/en\/wp-json\/wp\/v2\/media?parent=1305"}],"curies":[{"name":"wp","href":"https:\/\/api.w.org\/{rel}","templated":true}]}}