{"id":1307,"date":"2017-07-05T15:01:46","date_gmt":"2017-07-05T15:01:46","guid":{"rendered":"https:\/\/innopulse.cat\/about\/"},"modified":"2017-09-07T14:37:40","modified_gmt":"2017-09-07T14:37:40","slug":"about","status":"publish","type":"page","link":"https:\/\/innopulse.cat\/en\/about\/","title":{"rendered":"about"},"content":{"rendered":"<div class=\"row row-edge  \" >\n<div class=\"col-md-12 col-xs-offset-0 col-sm-offset-0 col-md-offset-0 col-lg-offset-0 col-xs-pull-0 col-sm-pull-0 col-md-pull-0 col-lg-pull-0 col-xs-push-0 col-sm-push-0 col-md-push-0 col-lg-push-0\">\n<div class=\"motopress-image-obj motopress-text-align-left\"><a href=\"https:\/\/innopulse.cat\/wp-content\/uploads\/2017\/07\/04072017-FullSizeRender-1.jpg\" data-action=\"motopressLightbox\" target=\"_self\"><img decoding=\"async\" src=\"https:\/\/innopulse.cat\/wp-content\/uploads\/2017\/07\/04072017-FullSizeRender-1.jpg\" title=\"innopulse fabrica bulgaria\" alt=\"innopulse fabrica bulgaria\" class=\"motopress-image-obj-basic mpce-dsbl-margin-left mpce-dsbl-margin-right mpce-dsbl-margin-top mpce-dsbl-margin-bottom\" \/><\/a><\/div>\n<\/div>\n<\/div>\n<div class=\"row row-edge  \" >\n<div class=\"col-md-12 col-xs-offset-0 col-sm-offset-0 col-md-offset-0 col-lg-offset-0 col-xs-pull-0 col-sm-pull-0 col-md-pull-0 col-lg-pull-0 col-xs-push-0 col-sm-push-0 col-md-push-0 col-lg-push-0\">\n<div class=\"cherry-spacer   hidden-xs hidden-sm\" style=\"height:20px;\"><\/div><div class=\"cherry-spacer   visible-sm-block\" style=\"height:24px;\"><\/div><div class=\"cherry-spacer   visible-xs-block\" style=\"height:24px;\"><\/div>\n<\/div>\n<\/div>\n<div class=\"row row-edge  \" >\n<div class=\"col-md-12 col-xs-offset-0 col-sm-offset-0 col-md-offset-0 col-lg-offset-0 col-xs-pull-0 col-sm-pull-0 col-md-pull-0 col-lg-pull-0 col-xs-push-0 col-sm-push-0 col-md-push-0 col-lg-push-0\">\n<div class=\"row row-edge  \" >\n<div class=\"col-md-12 col-xs-offset-0 col-sm-offset-0 col-md-offset-0 col-lg-offset-0 col-xs-pull-0 col-sm-pull-0 col-md-pull-0 col-lg-pull-0 col-xs-push-0 col-sm-push-0 col-md-push-0 col-lg-push-0\">\n<div class=\"cherry-spacer   hidden-xs hidden-sm\" style=\"height:20px;\"><\/div><div class=\"cherry-spacer   visible-sm-block\" style=\"height:20px;\"><\/div><div class=\"cherry-spacer   visible-xs-block\" style=\"height:20px;\"><\/div>\n<\/div>\n<\/div>\n<div class=\"row row-edge  \" >\n<div class=\"col-md-12 col-xs-offset-0 col-sm-offset-0 col-md-offset-0 col-lg-offset-0 col-xs-pull-0 col-sm-pull-0 col-md-pull-0 col-lg-pull-0 col-xs-push-0 col-sm-push-0 col-md-push-0 col-lg-push-0\">\n<div class=\"motopress-code-obj\">\n<p class=\"font_8\"><strong>INNOPULSE<\/strong>. Company dedicated to the management and production of Textile Clothing in Bulgaria since 2003. We have our business office in Berga (Barcelona), in order to offer better care and service to our national customers.<\/p>\n<p>We manage textile productions both in the workshops that are part of our group, and in external partner workshops with which we maintain a close cooperation, guarantee of reliability, stability and maximum quality control.<\/p>\n<p>We offer our clients a comprehensive service: Shipping of fabrics and materials to our central warehouse, management of patterns and markers, cutting, manufacturing, ironing and finishing, final control, packaging and picking by customers, shipping and service to destination.<\/p>\n<p class=\"font_8\">We have weekly Import \/ Export shipments.<\/p>\n<\/div>\n<\/div>\n<\/div>\n<\/div>\n<\/div>\n<div class=\"row row-edge  \" >\n<div class=\"col-md-12 col-xs-offset-0 col-sm-offset-0 col-md-offset-0 col-lg-offset-0 col-xs-pull-0 col-sm-pull-0 col-md-pull-0 col-lg-pull-0 col-xs-push-0 col-sm-push-0 col-md-push-0 col-lg-push-0\">\n<div class=\"motopress-grid-gallery-obj motopress-grid-gallery-obj-basic\" id=\"69fb38836d66d\">\n<div class=\"mp-row-fluid\">\n<div class=\"mp-span3\"><a href=\"https:\/\/innopulse.cat\/wp-content\/uploads\/2017\/07\/04072017-IMG_3950.jpg\" data-action=\"motopressGalleryLightbox\" target=\"_self\" title=\"innopulse fabrica bulgaria\"><img decoding=\"async\" src=\"https:\/\/innopulse.cat\/wp-content\/uploads\/2017\/07\/04072017-IMG_3950-150x150.jpg\" title=\"innopulse fabrica bulgaria\" alt=\"innopulse fabrica bulgaria\" \/><\/a><\/div>\n<div class=\"mp-span3\"><a href=\"https:\/\/innopulse.cat\/wp-content\/uploads\/2017\/07\/04072017-FullSizeRender.jpg\" data-action=\"motopressGalleryLightbox\" target=\"_self\" title=\"innopulse fabrica bulgaria\"><img decoding=\"async\" src=\"https:\/\/innopulse.cat\/wp-content\/uploads\/2017\/07\/04072017-FullSizeRender-150x150.jpg\" title=\"innopulse fabrica bulgaria\" alt=\"innopulse fabrica bulgaria\" \/><\/a><\/div>\n<div class=\"mp-span3\"><a href=\"https:\/\/innopulse.cat\/wp-content\/uploads\/2017\/07\/04072017-FullSizeRender-2.jpg\" data-action=\"motopressGalleryLightbox\" target=\"_self\" title=\"innopulse fabrica bulgaria\"><img decoding=\"async\" src=\"https:\/\/innopulse.cat\/wp-content\/uploads\/2017\/07\/04072017-FullSizeRender-2-150x150.jpg\" title=\"innopulse fabrica bulgaria\" alt=\"innopulse fabrica bulgaria\" \/><\/a><\/div>\n<div class=\"mp-span3\"><a href=\"https:\/\/innopulse.cat\/wp-content\/uploads\/2017\/07\/03072017-FullSizeRender-4.jpg\" data-action=\"motopressGalleryLightbox\" target=\"_self\" title=\"innopulse fabrica bulgaria\"><img decoding=\"async\" src=\"https:\/\/innopulse.cat\/wp-content\/uploads\/2017\/07\/03072017-FullSizeRender-4-150x150.jpg\" title=\"innopulse fabrica bulgaria\" alt=\"innopulse fabrica bulgaria\" \/><\/a><\/div>\n<\/div>\n<\/div>\n<\/div>\n<\/div>\n","protected":false},"excerpt":{"rendered":"INNOPULSE. Company dedicated to the management and production of Textile Clothing in Bulgaria since 2003. We have our business office in Berga (Barcelona), in order to offer better care and service to our national customers. We manage textile productions both in the workshops that are part of our group, and in external partner workshops with","protected":false},"author":1,"featured_media":0,"parent":0,"menu_order":0,"comment_status":"closed","ping_status":"closed","template":"","meta":[],"yoast_head":"<!-- This site is optimized with the Yoast SEO plugin v20.4 - https:\/\/yoast.com\/wordpress\/plugins\/seo\/ -->\n<title>about - Innopulse - textile solutions<\/title>\n<meta name=\"robots\" content=\"index, follow, max-snippet:-1, max-image-preview:large, max-video-preview:-1\" \/>\n<link rel=\"canonical\" href=\"https:\/\/innopulse.cat\/en\/about\/\" \/>\n<meta property=\"og:locale\" content=\"en_US\" \/>\n<meta property=\"og:type\" content=\"article\" \/>\n<meta property=\"og:title\" content=\"about - Innopulse - textile solutions\" \/>\n<meta property=\"og:description\" content=\"INNOPULSE. Company dedicated to the management and production of Textile Clothing in Bulgaria since 2003. We have our business office in Berga (Barcelona), in order to offer better care and service to our national customers. We manage textile productions both in the workshops that are part of our group, and in external partner workshops with\" \/>\n<meta property=\"og:url\" content=\"https:\/\/innopulse.cat\/en\/about\/\" \/>\n<meta property=\"og:site_name\" content=\"Innopulse - textile solutions\" \/>\n<meta property=\"article:modified_time\" content=\"2017-09-07T14:37:40+00:00\" \/>\n<meta property=\"og:image\" content=\"https:\/\/innopulse.cat\/wp-content\/uploads\/2017\/07\/04072017-FullSizeRender-1.jpg\" \/>\n<meta name=\"twitter:card\" content=\"summary_large_image\" \/>\n<meta name=\"twitter:label1\" content=\"Est. reading time\" \/>\n\t<meta name=\"twitter:data1\" content=\"4 minutes\" \/>\n<script type=\"application\/ld+json\" class=\"yoast-schema-graph\">{\"@context\":\"https:\/\/schema.org\",\"@graph\":[{\"@type\":\"WebPage\",\"@id\":\"https:\/\/innopulse.cat\/en\/about\/\",\"url\":\"https:\/\/innopulse.cat\/en\/about\/\",\"name\":\"about - Innopulse - textile solutions\",\"isPartOf\":{\"@id\":\"https:\/\/innopulse.cat\/#website\"},\"datePublished\":\"2017-07-05T15:01:46+00:00\",\"dateModified\":\"2017-09-07T14:37:40+00:00\",\"breadcrumb\":{\"@id\":\"https:\/\/innopulse.cat\/en\/about\/#breadcrumb\"},\"inLanguage\":\"en-US\",\"potentialAction\":[{\"@type\":\"ReadAction\",\"target\":[\"https:\/\/innopulse.cat\/en\/about\/\"]}]},{\"@type\":\"BreadcrumbList\",\"@id\":\"https:\/\/innopulse.cat\/en\/about\/#breadcrumb\",\"itemListElement\":[{\"@type\":\"ListItem\",\"position\":1,\"name\":\"Portada\",\"item\":\"https:\/\/innopulse.cat\/en\/\"},{\"@type\":\"ListItem\",\"position\":2,\"name\":\"about\"}]},{\"@type\":\"WebSite\",\"@id\":\"https:\/\/innopulse.cat\/#website\",\"url\":\"https:\/\/innopulse.cat\/\",\"name\":\"Innopulse - textile solutions\",\"description\":\"Gesti\u00f3n y producci\u00f3n de confecci\u00f3n textil.\",\"publisher\":{\"@id\":\"https:\/\/innopulse.cat\/#organization\"},\"potentialAction\":[{\"@type\":\"SearchAction\",\"target\":{\"@type\":\"EntryPoint\",\"urlTemplate\":\"https:\/\/innopulse.cat\/?s={search_term_string}\"},\"query-input\":\"required name=search_term_string\"}],\"inLanguage\":\"en-US\"},{\"@type\":\"Organization\",\"@id\":\"https:\/\/innopulse.cat\/#organization\",\"name\":\"Innopulse, S.L\",\"url\":\"https:\/\/innopulse.cat\/\",\"logo\":{\"@type\":\"ImageObject\",\"inLanguage\":\"en-US\",\"@id\":\"https:\/\/innopulse.cat\/#\/schema\/logo\/image\/\",\"url\":\"https:\/\/innopulse.cat\/wp-content\/uploads\/2017\/04\/innopulse-manteniment.jpg\",\"contentUrl\":\"https:\/\/innopulse.cat\/wp-content\/uploads\/2017\/04\/innopulse-manteniment.jpg\",\"width\":1500,\"height\":386,\"caption\":\"Innopulse, S.L\"},\"image\":{\"@id\":\"https:\/\/innopulse.cat\/#\/schema\/logo\/image\/\"},\"sameAs\":[\"https:\/\/www.instagram.com\/innopulse.textil\/\"]}]}<\/script>\n<!-- \/ Yoast SEO plugin. -->","yoast_head_json":{"title":"about - Innopulse - textile solutions","robots":{"index":"index","follow":"follow","max-snippet":"max-snippet:-1","max-image-preview":"max-image-preview:large","max-video-preview":"max-video-preview:-1"},"canonical":"https:\/\/innopulse.cat\/en\/about\/","og_locale":"en_US","og_type":"article","og_title":"about - Innopulse - textile solutions","og_description":"INNOPULSE. Company dedicated to the management and production of Textile Clothing in Bulgaria since 2003. We have our business office in Berga (Barcelona), in order to offer better care and service to our national customers. We manage textile productions both in the workshops that are part of our group, and in external partner workshops with","og_url":"https:\/\/innopulse.cat\/en\/about\/","og_site_name":"Innopulse - textile solutions","article_modified_time":"2017-09-07T14:37:40+00:00","og_image":[{"url":"https:\/\/innopulse.cat\/wp-content\/uploads\/2017\/07\/04072017-FullSizeRender-1.jpg"}],"twitter_card":"summary_large_image","twitter_misc":{"Est. reading time":"4 minutes"},"schema":{"@context":"https:\/\/schema.org","@graph":[{"@type":"WebPage","@id":"https:\/\/innopulse.cat\/en\/about\/","url":"https:\/\/innopulse.cat\/en\/about\/","name":"about - Innopulse - textile solutions","isPartOf":{"@id":"https:\/\/innopulse.cat\/#website"},"datePublished":"2017-07-05T15:01:46+00:00","dateModified":"2017-09-07T14:37:40+00:00","breadcrumb":{"@id":"https:\/\/innopulse.cat\/en\/about\/#breadcrumb"},"inLanguage":"en-US","potentialAction":[{"@type":"ReadAction","target":["https:\/\/innopulse.cat\/en\/about\/"]}]},{"@type":"BreadcrumbList","@id":"https:\/\/innopulse.cat\/en\/about\/#breadcrumb","itemListElement":[{"@type":"ListItem","position":1,"name":"Portada","item":"https:\/\/innopulse.cat\/en\/"},{"@type":"ListItem","position":2,"name":"about"}]},{"@type":"WebSite","@id":"https:\/\/innopulse.cat\/#website","url":"https:\/\/innopulse.cat\/","name":"Innopulse - textile solutions","description":"Gesti\u00f3n y producci\u00f3n de confecci\u00f3n textil.","publisher":{"@id":"https:\/\/innopulse.cat\/#organization"},"potentialAction":[{"@type":"SearchAction","target":{"@type":"EntryPoint","urlTemplate":"https:\/\/innopulse.cat\/?s={search_term_string}"},"query-input":"required name=search_term_string"}],"inLanguage":"en-US"},{"@type":"Organization","@id":"https:\/\/innopulse.cat\/#organization","name":"Innopulse, S.L","url":"https:\/\/innopulse.cat\/","logo":{"@type":"ImageObject","inLanguage":"en-US","@id":"https:\/\/innopulse.cat\/#\/schema\/logo\/image\/","url":"https:\/\/innopulse.cat\/wp-content\/uploads\/2017\/04\/innopulse-manteniment.jpg","contentUrl":"https:\/\/innopulse.cat\/wp-content\/uploads\/2017\/04\/innopulse-manteniment.jpg","width":1500,"height":386,"caption":"Innopulse, S.L"},"image":{"@id":"https:\/\/innopulse.cat\/#\/schema\/logo\/image\/"},"sameAs":["https:\/\/www.instagram.com\/innopulse.textil\/"]}]}},"_links":{"self":[{"href":"https:\/\/innopulse.cat\/en\/wp-json\/wp\/v2\/pages\/1307"}],"collection":[{"href":"https:\/\/innopulse.cat\/en\/wp-json\/wp\/v2\/pages"}],"about":[{"href":"https:\/\/innopulse.cat\/en\/wp-json\/wp\/v2\/types\/page"}],"author":[{"embeddable":true,"href":"https:\/\/innopulse.cat\/en\/wp-json\/wp\/v2\/users\/1"}],"replies":[{"embeddable":true,"href":"https:\/\/innopulse.cat\/en\/wp-json\/wp\/v2\/comments?post=1307"}],"version-history":[{"count":4,"href":"https:\/\/innopulse.cat\/en\/wp-json\/wp\/v2\/pages\/1307\/revisions"}],"predecessor-version":[{"id":1430,"href":"https:\/\/innopulse.cat\/en\/wp-json\/wp\/v2\/pages\/1307\/revisions\/1430"}],"wp:attachment":[{"href":"https:\/\/innopulse.cat\/en\/wp-json\/wp\/v2\/media?parent=1307"}],"curies":[{"name":"wp","href":"https:\/\/api.w.org\/{rel}","templated":true}]}}