{"id":1315,"date":"2017-06-28T17:37:15","date_gmt":"2017-06-28T17:37:15","guid":{"rendered":"https:\/\/innopulse.cat\/products\/knitwear\/"},"modified":"2017-07-18T12:40:50","modified_gmt":"2017-07-18T12:40:50","slug":"knitwear","status":"publish","type":"page","link":"https:\/\/innopulse.cat\/en\/products\/knitwear\/","title":{"rendered":"Knitwear"},"content":{"rendered":"<div class=\"row row-edge  \" >\n<div class=\"col-md-12 col-xs-offset-0 col-sm-offset-0 col-md-offset-0 col-lg-offset-0 col-xs-pull-0 col-sm-pull-0 col-md-pull-0 col-lg-pull-0 col-xs-push-0 col-sm-push-0 col-md-push-0 col-lg-push-0\">\n<div class=\"row row-edge  \" >\n<div class=\"col-md-12 col-xs-offset-0 col-sm-offset-0 col-md-offset-0 col-lg-offset-0 col-xs-pull-0 col-sm-pull-0 col-md-pull-0 col-lg-pull-0 col-xs-push-0 col-sm-push-0 col-md-push-0 col-lg-push-0\">\n<div class=\"cherry-spacer   hidden-xs hidden-sm\" style=\"height:20px;\"><\/div><div class=\"cherry-spacer   visible-sm-block\" style=\"height:20px;\"><\/div><div class=\"cherry-spacer   visible-xs-block\" style=\"height:20px;\"><\/div>\n<\/div>\n<\/div>\n<div class=\"row row-edge  \" >\n<div class=\"col-md-4 col-xs-offset-0 col-sm-offset-0 col-md-offset-0 col-lg-offset-0 col-xs-pull-0 col-sm-pull-0 col-md-pull-0 col-lg-pull-0 col-xs-push-0 col-sm-push-0 col-md-push-0 col-lg-push-0\">\n<div class=\"cherry-box   box-495\"><div class=\"inner\">\n<p><strong>KNITWEAR<\/strong><\/p>\n<\/div><\/div>\n<\/div>\n<div class=\"col-md-8\">\n<p>All kinds of design and manufacturing of knitwear for men and women.<br \/>\nWe have gg3, gg5, gg7, gg8, gg12, gg14 and multigauge. We offer finished product including spinning.<\/p>\n<div style=\"text-align: justify;\"><\/div>\n<\/div>\n<\/div>\n<div class=\"row row-edge  \" >\n<div class=\"col-md-12 col-xs-offset-0 col-sm-offset-0 col-md-offset-0 col-lg-offset-0 col-xs-pull-0 col-sm-pull-0 col-md-pull-0 col-lg-pull-0 col-xs-push-0 col-sm-push-0 col-md-push-0 col-lg-push-0\">\n<div class=\"cherry-spacer   hidden-xs hidden-sm\" style=\"height:20px;\"><\/div><div class=\"cherry-spacer   visible-sm-block\" style=\"height:20px;\"><\/div><div class=\"cherry-spacer   visible-xs-block\" style=\"height:20px;\"><\/div>\n<\/div>\n<\/div>\n<\/div>\n<\/div>\n<div class=\"row row-edge  \" >\n<div class=\"col-md-12 col-xs-offset-0 col-sm-offset-0 col-md-offset-0 col-lg-offset-0 col-xs-pull-0 col-sm-pull-0 col-md-pull-0 col-lg-pull-0 col-xs-push-0 col-sm-push-0 col-md-push-0 col-lg-push-0\">\n<div class=\"row row-edge  \" >\n<div class=\"col-md-12 col-xs-offset-0 col-sm-offset-0 col-md-offset-0 col-lg-offset-0 col-xs-pull-0 col-sm-pull-0 col-md-pull-0 col-lg-pull-0 col-xs-push-0 col-sm-push-0 col-md-push-0 col-lg-push-0\">\n<div class=\"motopress-grid-gallery-obj motopress-grid-gallery-obj-basic motopress-grid-gallery-need-recalc\" id=\"69f2930a17df7\">\n<div class=\"mp-row-fluid\">\n<div class=\"mp-span4\"><a href=\"https:\/\/innopulse.cat\/wp-content\/uploads\/2017\/06\/DSCF4086.jpg\" data-action=\"motopressGalleryLightbox\" target=\"_self\" title=\"innopulse KNITWEAR\"><img decoding=\"async\" src=\"https:\/\/innopulse.cat\/wp-content\/uploads\/2017\/06\/DSCF4086-1024x683.jpg\" title=\"innopulse KNITWEAR\" alt=\"innopulse KNITWEAR\" \/><\/a><\/div>\n<div class=\"mp-span4\"><a href=\"https:\/\/innopulse.cat\/wp-content\/uploads\/2017\/06\/DSCF4228.jpg\" data-action=\"motopressGalleryLightbox\" target=\"_self\" title=\"innopulse KNITWEAR 2\"><img decoding=\"async\" src=\"https:\/\/innopulse.cat\/wp-content\/uploads\/2017\/06\/DSCF4228-1024x683.jpg\" title=\"innopulse KNITWEAR 2\" alt=\"innopulse KNITWEAR 2\" \/><\/a><\/div>\n<div class=\"mp-span4\"><a href=\"https:\/\/innopulse.cat\/wp-content\/uploads\/2017\/06\/DSCF4678.jpg\" data-action=\"motopressGalleryLightbox\" target=\"_self\" title=\"innopulse KNITWEAR 12\"><img decoding=\"async\" src=\"https:\/\/innopulse.cat\/wp-content\/uploads\/2017\/06\/DSCF4678-1024x683.jpg\" title=\"innopulse KNITWEAR 12\" alt=\"innopulse KNITWEAR 12\" \/><\/a><\/div>\n<\/div>\n<div class=\"mp-row-fluid\">\n<div class=\"mp-span4\"><a href=\"https:\/\/innopulse.cat\/wp-content\/uploads\/2017\/06\/DSCF4605.jpg\" data-action=\"motopressGalleryLightbox\" target=\"_self\" title=\"innopulse KNITWEAR 11\"><img decoding=\"async\" src=\"https:\/\/innopulse.cat\/wp-content\/uploads\/2017\/06\/DSCF4605-1024x683.jpg\" title=\"innopulse KNITWEAR 11\" alt=\"innopulse KNITWEAR 11\" \/><\/a><\/div>\n<div class=\"mp-span4\"><a href=\"https:\/\/innopulse.cat\/wp-content\/uploads\/2017\/06\/DSCF4600.jpg\" data-action=\"motopressGalleryLightbox\" target=\"_self\" title=\"innopulse KNITWEAR 10\"><img decoding=\"async\" src=\"https:\/\/innopulse.cat\/wp-content\/uploads\/2017\/06\/DSCF4600-1024x683.jpg\" title=\"innopulse KNITWEAR 10\" alt=\"innopulse KNITWEAR 10\" \/><\/a><\/div>\n<div class=\"mp-span4\"><a href=\"https:\/\/innopulse.cat\/wp-content\/uploads\/2017\/06\/DSCF4551.jpg\" data-action=\"motopressGalleryLightbox\" target=\"_self\" title=\"innopulse KNITWEAR 9\"><img decoding=\"async\" src=\"https:\/\/innopulse.cat\/wp-content\/uploads\/2017\/06\/DSCF4551-1024x683.jpg\" title=\"innopulse KNITWEAR 9\" alt=\"innopulse KNITWEAR 9\" \/><\/a><\/div>\n<\/div>\n<div class=\"mp-row-fluid\">\n<div class=\"mp-span4\"><a href=\"https:\/\/innopulse.cat\/wp-content\/uploads\/2017\/06\/DSCF4543.jpg\" data-action=\"motopressGalleryLightbox\" target=\"_self\" title=\"innopulse KNITWEAR 8\"><img decoding=\"async\" src=\"https:\/\/innopulse.cat\/wp-content\/uploads\/2017\/06\/DSCF4543-1024x683.jpg\" title=\"innopulse KNITWEAR 8\" alt=\"innopulse KNITWEAR 8\" \/><\/a><\/div>\n<div class=\"mp-span4\"><a href=\"https:\/\/innopulse.cat\/wp-content\/uploads\/2017\/06\/DSCF4537.jpg\" data-action=\"motopressGalleryLightbox\" target=\"_self\" title=\"innopulse KNITWEAR 7\"><img decoding=\"async\" src=\"https:\/\/innopulse.cat\/wp-content\/uploads\/2017\/06\/DSCF4537-1024x683.jpg\" title=\"innopulse KNITWEAR 7\" alt=\"innopulse KNITWEAR 7\" \/><\/a><\/div>\n<div class=\"mp-span4\"><a href=\"https:\/\/innopulse.cat\/wp-content\/uploads\/2017\/06\/DSCF4475.jpg\" data-action=\"motopressGalleryLightbox\" target=\"_self\" title=\"innopulse KNITWEAR 6\"><img decoding=\"async\" src=\"https:\/\/innopulse.cat\/wp-content\/uploads\/2017\/06\/DSCF4475-1024x683.jpg\" title=\"innopulse KNITWEAR 6\" alt=\"innopulse KNITWEAR 6\" \/><\/a><\/div>\n<\/div>\n<div class=\"mp-row-fluid\">\n<div class=\"mp-span4\"><a href=\"https:\/\/innopulse.cat\/wp-content\/uploads\/2017\/06\/DSCF4434.jpg\" data-action=\"motopressGalleryLightbox\" target=\"_self\" title=\"innopulse KNITWEAR 5\"><img decoding=\"async\" src=\"https:\/\/innopulse.cat\/wp-content\/uploads\/2017\/06\/DSCF4434-1024x683.jpg\" title=\"innopulse KNITWEAR 5\" alt=\"innopulse KNITWEAR 5\" \/><\/a><\/div>\n<div class=\"mp-span4\"><a href=\"https:\/\/innopulse.cat\/wp-content\/uploads\/2017\/06\/DSCF4425.jpg\" data-action=\"motopressGalleryLightbox\" target=\"_self\" title=\"innopulse KNITWEAR 4\"><img decoding=\"async\" src=\"https:\/\/innopulse.cat\/wp-content\/uploads\/2017\/06\/DSCF4425-1024x683.jpg\" title=\"innopulse KNITWEAR 4\" alt=\"innopulse KNITWEAR 4\" \/><\/a><\/div>\n<div class=\"mp-span4\"><a href=\"https:\/\/innopulse.cat\/wp-content\/uploads\/2017\/06\/DSCF4412.jpg\" data-action=\"motopressGalleryLightbox\" target=\"_self\" title=\"innopulse KNITWEAR 3\"><img decoding=\"async\" src=\"https:\/\/innopulse.cat\/wp-content\/uploads\/2017\/06\/DSCF4412-1024x683.jpg\" title=\"innopulse KNITWEAR 3\" alt=\"innopulse KNITWEAR 3\" \/><\/a><\/div>\n<\/div>\n<p class=\"motopress-hide-script\"><script>jQuery(function(){\n                mpRecalcGridGalleryMargins(jQuery('#69f2930a17df7'));\n            });<\/script><\/p>\n<\/div>\n<\/div>\n<\/div>\n<div class=\"row row-edge  \" >\n<div class=\"col-md-12 col-xs-offset-0 col-sm-offset-0 col-md-offset-0 col-lg-offset-0 col-xs-pull-0 col-sm-pull-0 col-md-pull-0 col-lg-pull-0 col-xs-push-0 col-sm-push-0 col-md-push-0 col-lg-push-0\">\n<\/div>\n<\/div>\n<\/div>\n<\/div>\n","protected":false},"excerpt":{"rendered":"KNITWEAR All kinds of design and manufacturing of knitwear for men and women. We have gg3, gg5, gg7, gg8, gg12, gg14 and multigauge. We offer finished product including spinning.","protected":false},"author":1,"featured_media":1013,"parent":1305,"menu_order":0,"comment_status":"closed","ping_status":"closed","template":"","meta":[],"yoast_head":"<!-- This site is optimized with the Yoast SEO plugin v20.4 - https:\/\/yoast.com\/wordpress\/plugins\/seo\/ -->\n<title>Knitwear - Innopulse - textile solutions<\/title>\n<meta name=\"robots\" content=\"index, follow, max-snippet:-1, max-image-preview:large, max-video-preview:-1\" \/>\n<link rel=\"canonical\" href=\"https:\/\/innopulse.cat\/en\/products\/knitwear\/\" \/>\n<meta property=\"og:locale\" content=\"en_US\" \/>\n<meta property=\"og:type\" content=\"article\" \/>\n<meta property=\"og:title\" content=\"Knitwear - Innopulse - textile solutions\" \/>\n<meta property=\"og:description\" content=\"KNITWEAR All kinds of design and manufacturing of knitwear for men and women. We have gg3, gg5, gg7, gg8, gg12, gg14 and multigauge. We offer finished product including spinning.\" \/>\n<meta property=\"og:url\" content=\"https:\/\/innopulse.cat\/en\/products\/knitwear\/\" \/>\n<meta property=\"og:site_name\" content=\"Innopulse - textile solutions\" \/>\n<meta property=\"article:modified_time\" content=\"2017-07-18T12:40:50+00:00\" \/>\n<meta property=\"og:image\" content=\"https:\/\/innopulse.cat\/wp-content\/uploads\/2017\/06\/DSCF4228.jpg\" \/>\n\t<meta property=\"og:image:width\" content=\"2050\" \/>\n\t<meta property=\"og:image:height\" content=\"1367\" \/>\n\t<meta property=\"og:image:type\" content=\"image\/jpeg\" \/>\n<meta name=\"twitter:card\" content=\"summary_large_image\" \/>\n<meta name=\"twitter:label1\" content=\"Est. reading time\" \/>\n\t<meta name=\"twitter:data1\" content=\"4 minutes\" \/>\n<script type=\"application\/ld+json\" class=\"yoast-schema-graph\">{\"@context\":\"https:\/\/schema.org\",\"@graph\":[{\"@type\":\"WebPage\",\"@id\":\"https:\/\/innopulse.cat\/en\/products\/knitwear\/\",\"url\":\"https:\/\/innopulse.cat\/en\/products\/knitwear\/\",\"name\":\"Knitwear - Innopulse - textile solutions\",\"isPartOf\":{\"@id\":\"https:\/\/innopulse.cat\/#website\"},\"datePublished\":\"2017-06-28T17:37:15+00:00\",\"dateModified\":\"2017-07-18T12:40:50+00:00\",\"breadcrumb\":{\"@id\":\"https:\/\/innopulse.cat\/en\/products\/knitwear\/#breadcrumb\"},\"inLanguage\":\"en-US\",\"potentialAction\":[{\"@type\":\"ReadAction\",\"target\":[\"https:\/\/innopulse.cat\/en\/products\/knitwear\/\"]}]},{\"@type\":\"BreadcrumbList\",\"@id\":\"https:\/\/innopulse.cat\/en\/products\/knitwear\/#breadcrumb\",\"itemListElement\":[{\"@type\":\"ListItem\",\"position\":1,\"name\":\"Portada\",\"item\":\"https:\/\/innopulse.cat\/en\/\"},{\"@type\":\"ListItem\",\"position\":2,\"name\":\"Products\",\"item\":\"https:\/\/innopulse.cat\/en\/products\/\"},{\"@type\":\"ListItem\",\"position\":3,\"name\":\"Knitwear\"}]},{\"@type\":\"WebSite\",\"@id\":\"https:\/\/innopulse.cat\/#website\",\"url\":\"https:\/\/innopulse.cat\/\",\"name\":\"Innopulse - textile solutions\",\"description\":\"Gesti\u00f3n y producci\u00f3n de confecci\u00f3n textil.\",\"publisher\":{\"@id\":\"https:\/\/innopulse.cat\/#organization\"},\"potentialAction\":[{\"@type\":\"SearchAction\",\"target\":{\"@type\":\"EntryPoint\",\"urlTemplate\":\"https:\/\/innopulse.cat\/?s={search_term_string}\"},\"query-input\":\"required name=search_term_string\"}],\"inLanguage\":\"en-US\"},{\"@type\":\"Organization\",\"@id\":\"https:\/\/innopulse.cat\/#organization\",\"name\":\"Innopulse, S.L\",\"url\":\"https:\/\/innopulse.cat\/\",\"logo\":{\"@type\":\"ImageObject\",\"inLanguage\":\"en-US\",\"@id\":\"https:\/\/innopulse.cat\/#\/schema\/logo\/image\/\",\"url\":\"https:\/\/innopulse.cat\/wp-content\/uploads\/2017\/04\/innopulse-manteniment.jpg\",\"contentUrl\":\"https:\/\/innopulse.cat\/wp-content\/uploads\/2017\/04\/innopulse-manteniment.jpg\",\"width\":1500,\"height\":386,\"caption\":\"Innopulse, S.L\"},\"image\":{\"@id\":\"https:\/\/innopulse.cat\/#\/schema\/logo\/image\/\"},\"sameAs\":[\"https:\/\/www.instagram.com\/innopulse.textil\/\"]}]}<\/script>\n<!-- \/ Yoast SEO plugin. -->","yoast_head_json":{"title":"Knitwear - Innopulse - textile solutions","robots":{"index":"index","follow":"follow","max-snippet":"max-snippet:-1","max-image-preview":"max-image-preview:large","max-video-preview":"max-video-preview:-1"},"canonical":"https:\/\/innopulse.cat\/en\/products\/knitwear\/","og_locale":"en_US","og_type":"article","og_title":"Knitwear - Innopulse - textile solutions","og_description":"KNITWEAR All kinds of design and manufacturing of knitwear for men and women. We have gg3, gg5, gg7, gg8, gg12, gg14 and multigauge. We offer finished product including spinning.","og_url":"https:\/\/innopulse.cat\/en\/products\/knitwear\/","og_site_name":"Innopulse - textile solutions","article_modified_time":"2017-07-18T12:40:50+00:00","og_image":[{"width":2050,"height":1367,"url":"https:\/\/innopulse.cat\/wp-content\/uploads\/2017\/06\/DSCF4228.jpg","type":"image\/jpeg"}],"twitter_card":"summary_large_image","twitter_misc":{"Est. reading time":"4 minutes"},"schema":{"@context":"https:\/\/schema.org","@graph":[{"@type":"WebPage","@id":"https:\/\/innopulse.cat\/en\/products\/knitwear\/","url":"https:\/\/innopulse.cat\/en\/products\/knitwear\/","name":"Knitwear - Innopulse - textile solutions","isPartOf":{"@id":"https:\/\/innopulse.cat\/#website"},"datePublished":"2017-06-28T17:37:15+00:00","dateModified":"2017-07-18T12:40:50+00:00","breadcrumb":{"@id":"https:\/\/innopulse.cat\/en\/products\/knitwear\/#breadcrumb"},"inLanguage":"en-US","potentialAction":[{"@type":"ReadAction","target":["https:\/\/innopulse.cat\/en\/products\/knitwear\/"]}]},{"@type":"BreadcrumbList","@id":"https:\/\/innopulse.cat\/en\/products\/knitwear\/#breadcrumb","itemListElement":[{"@type":"ListItem","position":1,"name":"Portada","item":"https:\/\/innopulse.cat\/en\/"},{"@type":"ListItem","position":2,"name":"Products","item":"https:\/\/innopulse.cat\/en\/products\/"},{"@type":"ListItem","position":3,"name":"Knitwear"}]},{"@type":"WebSite","@id":"https:\/\/innopulse.cat\/#website","url":"https:\/\/innopulse.cat\/","name":"Innopulse - textile solutions","description":"Gesti\u00f3n y producci\u00f3n de confecci\u00f3n textil.","publisher":{"@id":"https:\/\/innopulse.cat\/#organization"},"potentialAction":[{"@type":"SearchAction","target":{"@type":"EntryPoint","urlTemplate":"https:\/\/innopulse.cat\/?s={search_term_string}"},"query-input":"required name=search_term_string"}],"inLanguage":"en-US"},{"@type":"Organization","@id":"https:\/\/innopulse.cat\/#organization","name":"Innopulse, S.L","url":"https:\/\/innopulse.cat\/","logo":{"@type":"ImageObject","inLanguage":"en-US","@id":"https:\/\/innopulse.cat\/#\/schema\/logo\/image\/","url":"https:\/\/innopulse.cat\/wp-content\/uploads\/2017\/04\/innopulse-manteniment.jpg","contentUrl":"https:\/\/innopulse.cat\/wp-content\/uploads\/2017\/04\/innopulse-manteniment.jpg","width":1500,"height":386,"caption":"Innopulse, S.L"},"image":{"@id":"https:\/\/innopulse.cat\/#\/schema\/logo\/image\/"},"sameAs":["https:\/\/www.instagram.com\/innopulse.textil\/"]}]}},"_links":{"self":[{"href":"https:\/\/innopulse.cat\/en\/wp-json\/wp\/v2\/pages\/1315"}],"collection":[{"href":"https:\/\/innopulse.cat\/en\/wp-json\/wp\/v2\/pages"}],"about":[{"href":"https:\/\/innopulse.cat\/en\/wp-json\/wp\/v2\/types\/page"}],"author":[{"embeddable":true,"href":"https:\/\/innopulse.cat\/en\/wp-json\/wp\/v2\/users\/1"}],"replies":[{"embeddable":true,"href":"https:\/\/innopulse.cat\/en\/wp-json\/wp\/v2\/comments?post=1315"}],"version-history":[{"count":1,"href":"https:\/\/innopulse.cat\/en\/wp-json\/wp\/v2\/pages\/1315\/revisions"}],"predecessor-version":[{"id":1316,"href":"https:\/\/innopulse.cat\/en\/wp-json\/wp\/v2\/pages\/1315\/revisions\/1316"}],"up":[{"embeddable":true,"href":"https:\/\/innopulse.cat\/en\/wp-json\/wp\/v2\/pages\/1305"}],"wp:featuredmedia":[{"embeddable":true,"href":"https:\/\/innopulse.cat\/en\/wp-json\/wp\/v2\/media\/1013"}],"wp:attachment":[{"href":"https:\/\/innopulse.cat\/en\/wp-json\/wp\/v2\/media?parent=1315"}],"curies":[{"name":"wp","href":"https:\/\/api.w.org\/{rel}","templated":true}]}}